{"id":4949,"date":"2024-01-09T14:18:48","date_gmt":"2024-01-09T14:18:48","guid":{"rendered":"https:\/\/cofrimell.com\/empresa\/"},"modified":"2024-02-21T11:03:59","modified_gmt":"2024-02-21T11:03:59","slug":"empresa","status":"publish","type":"page","link":"https:\/\/cofrimell.com\/es\/empresa\/","title":{"rendered":"Empresa"},"content":{"rendered":"\t\t<div data-elementor-type=\"wp-page\" data-elementor-id=\"4949\" class=\"elementor elementor-4949 elementor-4479\" data-elementor-post-type=\"page\">\n\t\t\t\t<div class=\"elementor-element elementor-element-accb6fb e-flex e-con-boxed e-con e-parent\" data-id=\"accb6fb\" data-element_type=\"container\" data-e-type=\"container\">\n\t\t\t\t\t<div class=\"e-con-inner\">\n\t\t\t\t<div class=\"elementor-element elementor-element-1878ed4 elementor-widget elementor-widget-heading\" data-id=\"1878ed4\" data-element_type=\"widget\" data-e-type=\"widget\" data-widget_type=\"heading.default\">\n\t\t\t\t<div class=\"elementor-widget-container\">\n\t\t\t\t\t<h2 class=\"elementor-heading-title elementor-size-default\">COFRIMELL<br>\nL\u00cdDER\nEN REFRIGERACI\u00d3N COMERCIAL<\/h2>\t\t\t\t<\/div>\n\t\t\t\t<\/div>\n\t\t\t\t<div class=\"elementor-element elementor-element-2935408 elementor-widget elementor-widget-text-editor\" data-id=\"2935408\" data-element_type=\"widget\" data-e-type=\"widget\" data-widget_type=\"text-editor.default\">\n\t\t\t\t<div class=\"elementor-widget-container\">\n\t\t\t\t\t\t\t\t\t<p>DESDE 1981<\/p>\n\t\t\t\t\t\t\t\t<\/div>\n\t\t\t\t<\/div>\n\t\t\t\t<div class=\"elementor-element elementor-element-da97602 elementor-widget elementor-widget-image\" data-id=\"da97602\" data-element_type=\"widget\" data-e-type=\"widget\" data-widget_type=\"image.default\">\n\t\t\t\t<div class=\"elementor-widget-container\">\n\t\t\t\t\t\t\t\t\t\t\t\t\t\t\t<img decoding=\"async\" width=\"290\" height=\"7\" src=\"https:\/\/cofrimell.com\/wp-content\/uploads\/2023\/11\/bandierina-ita.jpg\" class=\"attachment-large size-large wp-image-51\" alt=\"\" \/>\t\t\t\t\t\t\t\t\t\t\t\t\t\t\t<\/div>\n\t\t\t\t<\/div>\n\t\t\t\t\t<\/div>\n\t\t\t\t<\/div>\n\t\t<div class=\"elementor-element elementor-element-420f756 e-flex e-con-boxed e-con e-parent\" data-id=\"420f756\" data-element_type=\"container\" data-e-type=\"container\">\n\t\t\t\t\t<div class=\"e-con-inner\">\n\t\t<div class=\"elementor-element elementor-element-d9d36e2 e-flex e-con-boxed e-con e-child\" data-id=\"d9d36e2\" data-element_type=\"container\" data-e-type=\"container\">\n\t\t\t\t\t<div class=\"e-con-inner\">\n\t\t\t\t<div class=\"elementor-element elementor-element-ebd6b37 elementor-widget elementor-widget-text-editor\" data-id=\"ebd6b37\" data-element_type=\"widget\" data-e-type=\"widget\" data-widget_type=\"text-editor.default\">\n\t\t\t\t<div class=\"elementor-widget-container\">\n\t\t\t\t\t\t\t\t\t<p class=\"big\">Presente desde el 1981en los mercados internacionales, en continuo crecimiento y expansi\u00f3n. La Cofrimell es hoy un&#8217;empresa l\u00edder a nivel internacional en el \u00e1mbito de la refrigeraci\u00f3n comercial.<\/p>\n<p class=\"big\">Cofrimell dispone de una amplia gama de productos en continua evoluci\u00f3n y representa desde siempre un sin\u00f3nimo de fiabilidad, de b\u00fasqueda constante de la calidad y del dise\u00f1o.<\/p>\n\t\t\t\t\t\t\t\t<\/div>\n\t\t\t\t<\/div>\n\t\t\t\t\t<\/div>\n\t\t\t\t<\/div>\n\t\t\t\t\t<\/div>\n\t\t\t\t<\/div>\n\t\t<div class=\"elementor-element elementor-element-d3a1b31 e-flex e-con-boxed e-con e-parent\" data-id=\"d3a1b31\" data-element_type=\"container\" data-e-type=\"container\" data-settings=\"{&quot;background_background&quot;:&quot;classic&quot;}\">\n\t\t\t\t\t<div class=\"e-con-inner\">\n\t\t\t\t<div class=\"elementor-element elementor-element-e8a399a elementor-widget elementor-widget-heading\" data-id=\"e8a399a\" data-element_type=\"widget\" data-e-type=\"widget\" data-widget_type=\"heading.default\">\n\t\t\t\t<div class=\"elementor-widget-container\">\n\t\t\t\t\t<h2 class=\"elementor-heading-title elementor-size-default\">NUESTRA EMPRESA<\/h2>\t\t\t\t<\/div>\n\t\t\t\t<\/div>\n\t\t\t\t\t<\/div>\n\t\t\t\t<\/div>\n\t\t<div class=\"elementor-element elementor-element-2d4390d e-flex e-con-boxed e-con e-parent\" data-id=\"2d4390d\" data-element_type=\"container\" data-e-type=\"container\" data-settings=\"{&quot;background_background&quot;:&quot;classic&quot;}\">\n\t\t\t\t\t<div class=\"e-con-inner\">\n\t\t<div class=\"elementor-element elementor-element-29a30d3 e-flex e-con-boxed e-con e-child\" data-id=\"29a30d3\" data-element_type=\"container\" data-e-type=\"container\">\n\t\t\t\t\t<div class=\"e-con-inner\">\n\t\t\t\t<div class=\"elementor-element elementor-element-51880c2 elementor-hidden-desktop elementor-widget elementor-widget-image\" data-id=\"51880c2\" data-element_type=\"widget\" data-e-type=\"widget\" data-widget_type=\"image.default\">\n\t\t\t\t<div class=\"elementor-widget-container\">\n\t\t\t\t\t\t\t\t\t\t\t\t\t\t\t<img fetchpriority=\"high\" decoding=\"async\" width=\"1772\" height=\"1772\" src=\"https:\/\/cofrimell.com\/wp-content\/uploads\/2024\/01\/Pannello-interno-stabilimento.jpg\" class=\"attachment-full size-full wp-image-3368\" alt=\"\" srcset=\"https:\/\/cofrimell.com\/wp-content\/uploads\/2024\/01\/Pannello-interno-stabilimento.jpg 1772w, https:\/\/cofrimell.com\/wp-content\/uploads\/2024\/01\/Pannello-interno-stabilimento-300x300.jpg 300w, https:\/\/cofrimell.com\/wp-content\/uploads\/2024\/01\/Pannello-interno-stabilimento-1024x1024.jpg 1024w, https:\/\/cofrimell.com\/wp-content\/uploads\/2024\/01\/Pannello-interno-stabilimento-150x150.jpg 150w, https:\/\/cofrimell.com\/wp-content\/uploads\/2024\/01\/Pannello-interno-stabilimento-768x768.jpg 768w, https:\/\/cofrimell.com\/wp-content\/uploads\/2024\/01\/Pannello-interno-stabilimento-1536x1536.jpg 1536w\" sizes=\"(max-width: 1772px) 100vw, 1772px\" \/>\t\t\t\t\t\t\t\t\t\t\t\t\t\t\t<\/div>\n\t\t\t\t<\/div>\n\t\t\t\t<div class=\"elementor-element elementor-element-c6c2405 elementor-hidden-tablet elementor-hidden-mobile elementor-widget elementor-widget-image\" data-id=\"c6c2405\" data-element_type=\"widget\" data-e-type=\"widget\" data-widget_type=\"image.default\">\n\t\t\t\t<div class=\"elementor-widget-container\">\n\t\t\t\t\t\t\t\t\t\t\t\t\t\t\t<img decoding=\"async\" width=\"1000\" height=\"1261\" src=\"https:\/\/cofrimell.com\/wp-content\/uploads\/2024\/02\/produzione-compagnia.jpg\" class=\"attachment-full size-full wp-image-4057\" alt=\"\" srcset=\"https:\/\/cofrimell.com\/wp-content\/uploads\/2024\/02\/produzione-compagnia.jpg 1000w, https:\/\/cofrimell.com\/wp-content\/uploads\/2024\/02\/produzione-compagnia-238x300.jpg 238w, https:\/\/cofrimell.com\/wp-content\/uploads\/2024\/02\/produzione-compagnia-812x1024.jpg 812w, https:\/\/cofrimell.com\/wp-content\/uploads\/2024\/02\/produzione-compagnia-768x968.jpg 768w\" sizes=\"(max-width: 1000px) 100vw, 1000px\" \/>\t\t\t\t\t\t\t\t\t\t\t\t\t\t\t<\/div>\n\t\t\t\t<\/div>\n\t\t\t\t\t<\/div>\n\t\t\t\t<\/div>\n\t\t<div class=\"elementor-element elementor-element-e7a28ae e-flex e-con-boxed e-con e-child\" data-id=\"e7a28ae\" data-element_type=\"container\" data-e-type=\"container\">\n\t\t\t\t\t<div class=\"e-con-inner\">\n\t\t\t\t<div class=\"elementor-element elementor-element-c0dc6a9 elementor-widget elementor-widget-text-editor\" data-id=\"c0dc6a9\" data-element_type=\"widget\" data-e-type=\"widget\" data-widget_type=\"text-editor.default\">\n\t\t\t\t<div class=\"elementor-widget-container\">\n\t\t\t\t\t\t\t\t\t<p class=\"big\">Uno de los buques insignia de Cofrimell es la gran atenci\u00f3n que ponemos en el proceso de producci\u00f3n de nuestras m\u00e1quinas; desde el corte del acero, que se realiza con maquinaria de precisi\u00f3n, hasta la prueba final. Cada elemento que compone los modelos se revisa varias veces para garantizar la m\u00e1xima calidad del producto terminado. El gas refrigerante es cargado por t\u00e9cnicos especializados en refrigeraci\u00f3n, que tambi\u00e9n se ocupan de las soldaduras m\u00e1s importantes. El dise\u00f1o, primer paso para el nacimiento de nuestros productos, se encomienda a un equipo especializado formado por ingenieros y dise\u00f1adores gr\u00e1ficos que, trabajando constantemente en equipo, continuamente realizan nuevas mejoras a los productos que nos han hecho famosos en el mundo en el campo de la refrigeraci\u00f3n durante cuarenta a\u00f1os.<\/p>\n\t\t\t\t\t\t\t\t<\/div>\n\t\t\t\t<\/div>\n\t\t\t\t\t<\/div>\n\t\t\t\t<\/div>\n\t\t\t\t\t<\/div>\n\t\t\t\t<\/div>\n\t\t<div class=\"elementor-element elementor-element-24aca8c e-con-full e-flex e-con e-parent\" data-id=\"24aca8c\" data-element_type=\"container\" data-e-type=\"container\">\n\t\t<div class=\"elementor-element elementor-element-9fc925e e-con-full e-flex e-con e-child\" data-id=\"9fc925e\" data-element_type=\"container\" data-e-type=\"container\">\n\t\t\t\t<div class=\"elementor-element elementor-element-e4bfe46 elementor-widget elementor-widget-image-gallery\" data-id=\"e4bfe46\" data-element_type=\"widget\" data-e-type=\"widget\" data-widget_type=\"image-gallery.default\">\n\t\t\t\t<div class=\"elementor-widget-container\">\n\t\t\t\t\t\t\t<div class=\"elementor-image-gallery\">\n\t\t\t<div id='gallery-1' class='gallery galleryid-4949 gallery-columns-4 gallery-size-full'><figure class='gallery-item'>\n\t\t\t<div class='gallery-icon landscape'>\n\t\t\t\t<a data-elementor-open-lightbox=\"yes\" data-elementor-lightbox-slideshow=\"e4bfe46\" data-elementor-lightbox-title=\"Pannello-interno-14\" data-e-action-hash=\"#elementor-action%3Aaction%3Dlightbox%26settings%3DeyJpZCI6MzM3NSwidXJsIjoiaHR0cHM6XC9cL2NvZnJpbWVsbC5jb21cL3dwLWNvbnRlbnRcL3VwbG9hZHNcLzIwMjRcLzAxXC9QYW5uZWxsby1pbnRlcm5vLTE0LmpwZyIsInNsaWRlc2hvdyI6ImU0YmZlNDYifQ%3D%3D\" href='https:\/\/cofrimell.com\/wp-content\/uploads\/2024\/01\/Pannello-interno-14.jpg'><img loading=\"lazy\" decoding=\"async\" width=\"1772\" height=\"1772\" src=\"https:\/\/cofrimell.com\/wp-content\/uploads\/2024\/01\/Pannello-interno-14.jpg\" class=\"attachment-full size-full\" alt=\"\" srcset=\"https:\/\/cofrimell.com\/wp-content\/uploads\/2024\/01\/Pannello-interno-14.jpg 1772w, https:\/\/cofrimell.com\/wp-content\/uploads\/2024\/01\/Pannello-interno-14-300x300.jpg 300w, https:\/\/cofrimell.com\/wp-content\/uploads\/2024\/01\/Pannello-interno-14-1024x1024.jpg 1024w, https:\/\/cofrimell.com\/wp-content\/uploads\/2024\/01\/Pannello-interno-14-150x150.jpg 150w, https:\/\/cofrimell.com\/wp-content\/uploads\/2024\/01\/Pannello-interno-14-768x768.jpg 768w, https:\/\/cofrimell.com\/wp-content\/uploads\/2024\/01\/Pannello-interno-14-1536x1536.jpg 1536w\" sizes=\"(max-width: 1772px) 100vw, 1772px\" \/><\/a>\n\t\t\t<\/div><\/figure><figure class='gallery-item'>\n\t\t\t<div class='gallery-icon landscape'>\n\t\t\t\t<a data-elementor-open-lightbox=\"yes\" data-elementor-lightbox-slideshow=\"e4bfe46\" data-elementor-lightbox-title=\"Pannello-interno-macchina\" data-e-action-hash=\"#elementor-action%3Aaction%3Dlightbox%26settings%3DeyJpZCI6NDA3NCwidXJsIjoiaHR0cHM6XC9cL2NvZnJpbWVsbC5jb21cL3dwLWNvbnRlbnRcL3VwbG9hZHNcLzIwMjRcLzAyXC9QYW5uZWxsby1pbnRlcm5vLW1hY2NoaW5hLmpwZyIsInNsaWRlc2hvdyI6ImU0YmZlNDYifQ%3D%3D\" href='https:\/\/cofrimell.com\/wp-content\/uploads\/2024\/02\/Pannello-interno-macchina.jpg'><img loading=\"lazy\" decoding=\"async\" width=\"1000\" height=\"1000\" src=\"https:\/\/cofrimell.com\/wp-content\/uploads\/2024\/02\/Pannello-interno-macchina.jpg\" class=\"attachment-full size-full\" alt=\"\" srcset=\"https:\/\/cofrimell.com\/wp-content\/uploads\/2024\/02\/Pannello-interno-macchina.jpg 1000w, https:\/\/cofrimell.com\/wp-content\/uploads\/2024\/02\/Pannello-interno-macchina-300x300.jpg 300w, https:\/\/cofrimell.com\/wp-content\/uploads\/2024\/02\/Pannello-interno-macchina-150x150.jpg 150w, https:\/\/cofrimell.com\/wp-content\/uploads\/2024\/02\/Pannello-interno-macchina-768x768.jpg 768w\" sizes=\"(max-width: 1000px) 100vw, 1000px\" \/><\/a>\n\t\t\t<\/div><\/figure><figure class='gallery-item'>\n\t\t\t<div class='gallery-icon landscape'>\n\t\t\t\t<a data-elementor-open-lightbox=\"yes\" data-elementor-lightbox-slideshow=\"e4bfe46\" data-elementor-lightbox-title=\"Pannello-interno-16\" data-e-action-hash=\"#elementor-action%3Aaction%3Dlightbox%26settings%3DeyJpZCI6MzM4MywidXJsIjoiaHR0cHM6XC9cL2NvZnJpbWVsbC5jb21cL3dwLWNvbnRlbnRcL3VwbG9hZHNcLzIwMjRcLzAxXC9QYW5uZWxsby1pbnRlcm5vLTE2LmpwZyIsInNsaWRlc2hvdyI6ImU0YmZlNDYifQ%3D%3D\" href='https:\/\/cofrimell.com\/wp-content\/uploads\/2024\/01\/Pannello-interno-16.jpg'><img loading=\"lazy\" decoding=\"async\" width=\"1772\" height=\"1772\" src=\"https:\/\/cofrimell.com\/wp-content\/uploads\/2024\/01\/Pannello-interno-16.jpg\" class=\"attachment-full size-full\" alt=\"\" srcset=\"https:\/\/cofrimell.com\/wp-content\/uploads\/2024\/01\/Pannello-interno-16.jpg 1772w, https:\/\/cofrimell.com\/wp-content\/uploads\/2024\/01\/Pannello-interno-16-300x300.jpg 300w, https:\/\/cofrimell.com\/wp-content\/uploads\/2024\/01\/Pannello-interno-16-1024x1024.jpg 1024w, https:\/\/cofrimell.com\/wp-content\/uploads\/2024\/01\/Pannello-interno-16-150x150.jpg 150w, https:\/\/cofrimell.com\/wp-content\/uploads\/2024\/01\/Pannello-interno-16-768x768.jpg 768w, https:\/\/cofrimell.com\/wp-content\/uploads\/2024\/01\/Pannello-interno-16-1536x1536.jpg 1536w\" sizes=\"(max-width: 1772px) 100vw, 1772px\" \/><\/a>\n\t\t\t<\/div><\/figure><figure class='gallery-item'>\n\t\t\t<div class='gallery-icon landscape'>\n\t\t\t\t<a data-elementor-open-lightbox=\"yes\" data-elementor-lightbox-slideshow=\"e4bfe46\" data-elementor-lightbox-title=\"Pannello-interno-4\" data-e-action-hash=\"#elementor-action%3Aaction%3Dlightbox%26settings%3DeyJpZCI6MzM4OCwidXJsIjoiaHR0cHM6XC9cL2NvZnJpbWVsbC5jb21cL3dwLWNvbnRlbnRcL3VwbG9hZHNcLzIwMjRcLzAxXC9QYW5uZWxsby1pbnRlcm5vLTQuanBnIiwic2xpZGVzaG93IjoiZTRiZmU0NiJ9\" href='https:\/\/cofrimell.com\/wp-content\/uploads\/2024\/01\/Pannello-interno-4.jpg'><img loading=\"lazy\" decoding=\"async\" width=\"1772\" height=\"1772\" src=\"https:\/\/cofrimell.com\/wp-content\/uploads\/2024\/01\/Pannello-interno-4.jpg\" class=\"attachment-full size-full\" alt=\"\" srcset=\"https:\/\/cofrimell.com\/wp-content\/uploads\/2024\/01\/Pannello-interno-4.jpg 1772w, https:\/\/cofrimell.com\/wp-content\/uploads\/2024\/01\/Pannello-interno-4-300x300.jpg 300w, https:\/\/cofrimell.com\/wp-content\/uploads\/2024\/01\/Pannello-interno-4-1024x1024.jpg 1024w, https:\/\/cofrimell.com\/wp-content\/uploads\/2024\/01\/Pannello-interno-4-150x150.jpg 150w, https:\/\/cofrimell.com\/wp-content\/uploads\/2024\/01\/Pannello-interno-4-768x768.jpg 768w, https:\/\/cofrimell.com\/wp-content\/uploads\/2024\/01\/Pannello-interno-4-1536x1536.jpg 1536w\" sizes=\"(max-width: 1772px) 100vw, 1772px\" \/><\/a>\n\t\t\t<\/div><\/figure>\n\t\t<\/div>\n\t\t<\/div>\n\t\t\t\t\t\t<\/div>\n\t\t\t\t<\/div>\n\t\t\t\t<\/div>\n\t\t\t\t<\/div>\n\t\t\t\t<\/div>\n\t\t","protected":false},"excerpt":{"rendered":"<p>COFRIMELL L\u00cdDER EN REFRIGERACI\u00d3N COMERCIAL DESDE 1981 Presente desde el 1981en los mercados internacionales, en continuo crecimiento y expansi\u00f3n. La Cofrimell es hoy un&#8217;empresa l\u00edder a nivel internacional en el \u00e1mbito de la refrigeraci\u00f3n comercial. Cofrimell dispone de una amplia gama de productos en continua evoluci\u00f3n y representa desde siempre un sin\u00f3nimo de fiabilidad, de [&hellip;]<\/p>\n","protected":false},"author":2,"featured_media":3368,"parent":0,"menu_order":0,"comment_status":"closed","ping_status":"closed","template":"elementor_header_footer","meta":{"footnotes":""},"class_list":["post-4949","page","type-page","status-publish","has-post-thumbnail","hentry"],"yoast_head":"<!-- This site is optimized with the Yoast SEO plugin v27.4 - https:\/\/yoast.com\/product\/yoast-seo-wordpress\/ -->\n<title>Empresa - Cofrimell<\/title>\n<meta name=\"description\" content=\"Uno de los buques insignia de Cofrimell es la gran atenci\u00f3n que ponemos en el proceso de producci\u00f3n de nuestras m\u00e1quinas;\" \/>\n<meta name=\"robots\" content=\"index, follow, max-snippet:-1, max-image-preview:large, max-video-preview:-1\" \/>\n<link rel=\"canonical\" href=\"https:\/\/cofrimell.com\/es\/empresa\/\" \/>\n<meta property=\"og:locale\" content=\"es_ES\" \/>\n<meta property=\"og:type\" content=\"article\" \/>\n<meta property=\"og:title\" content=\"Cofrimell | Empresa\" \/>\n<meta property=\"og:description\" content=\"En Cofrimell, un aspecto clave es la meticulosa atenci\u00f3n que se presta al proceso de fabricaci\u00f3n de nuestras m\u00e1quinas, lo que garantiza la m\u00e1xima calidad de nuestros productos.\" \/>\n<meta property=\"og:url\" content=\"https:\/\/cofrimell.com\/es\/empresa\/\" \/>\n<meta property=\"og:site_name\" content=\"Cofrimell\" \/>\n<meta property=\"article:modified_time\" content=\"2024-02-21T11:03:59+00:00\" \/>\n<meta property=\"og:image\" content=\"https:\/\/cofrimell.com\/wp-content\/uploads\/2024\/01\/Pannello-interno-stabilimento-300x300.jpg\" \/>\n<meta name=\"twitter:card\" content=\"summary_large_image\" \/>\n<meta name=\"twitter:label1\" content=\"Tiempo de lectura\" \/>\n\t<meta name=\"twitter:data1\" content=\"1 minuto\" \/>\n<script type=\"application\/ld+json\" class=\"yoast-schema-graph\">{\"@context\":\"https:\\\/\\\/schema.org\",\"@graph\":[{\"@type\":\"WebPage\",\"@id\":\"https:\\\/\\\/cofrimell.com\\\/es\\\/empresa\\\/\",\"url\":\"https:\\\/\\\/cofrimell.com\\\/es\\\/empresa\\\/\",\"name\":\"Empresa - Cofrimell\",\"isPartOf\":{\"@id\":\"https:\\\/\\\/cofrimell.com\\\/es\\\/#website\"},\"primaryImageOfPage\":{\"@id\":\"https:\\\/\\\/cofrimell.com\\\/es\\\/empresa\\\/#primaryimage\"},\"image\":{\"@id\":\"https:\\\/\\\/cofrimell.com\\\/es\\\/empresa\\\/#primaryimage\"},\"thumbnailUrl\":\"https:\\\/\\\/cofrimell.com\\\/wp-content\\\/uploads\\\/2024\\\/01\\\/Pannello-interno-stabilimento.jpg\",\"datePublished\":\"2024-01-09T14:18:48+00:00\",\"dateModified\":\"2024-02-21T11:03:59+00:00\",\"description\":\"Uno de los buques insignia de Cofrimell es la gran atenci\u00f3n que ponemos en el proceso de producci\u00f3n de nuestras m\u00e1quinas;\",\"breadcrumb\":{\"@id\":\"https:\\\/\\\/cofrimell.com\\\/es\\\/empresa\\\/#breadcrumb\"},\"inLanguage\":\"es\",\"potentialAction\":[{\"@type\":\"ReadAction\",\"target\":[\"https:\\\/\\\/cofrimell.com\\\/es\\\/empresa\\\/\"]}]},{\"@type\":\"ImageObject\",\"inLanguage\":\"es\",\"@id\":\"https:\\\/\\\/cofrimell.com\\\/es\\\/empresa\\\/#primaryimage\",\"url\":\"https:\\\/\\\/cofrimell.com\\\/wp-content\\\/uploads\\\/2024\\\/01\\\/Pannello-interno-stabilimento.jpg\",\"contentUrl\":\"https:\\\/\\\/cofrimell.com\\\/wp-content\\\/uploads\\\/2024\\\/01\\\/Pannello-interno-stabilimento.jpg\",\"width\":1772,\"height\":1772},{\"@type\":\"BreadcrumbList\",\"@id\":\"https:\\\/\\\/cofrimell.com\\\/es\\\/empresa\\\/#breadcrumb\",\"itemListElement\":[{\"@type\":\"ListItem\",\"position\":1,\"name\":\"Home\",\"item\":\"https:\\\/\\\/cofrimell.com\\\/es\\\/\"},{\"@type\":\"ListItem\",\"position\":2,\"name\":\"Empresa\"}]},{\"@type\":\"WebSite\",\"@id\":\"https:\\\/\\\/cofrimell.com\\\/es\\\/#website\",\"url\":\"https:\\\/\\\/cofrimell.com\\\/es\\\/\",\"name\":\"Cofrimell\",\"description\":\"\",\"publisher\":{\"@id\":\"https:\\\/\\\/cofrimell.com\\\/es\\\/#organization\"},\"potentialAction\":[{\"@type\":\"SearchAction\",\"target\":{\"@type\":\"EntryPoint\",\"urlTemplate\":\"https:\\\/\\\/cofrimell.com\\\/es\\\/?s={search_term_string}\"},\"query-input\":{\"@type\":\"PropertyValueSpecification\",\"valueRequired\":true,\"valueName\":\"search_term_string\"}}],\"inLanguage\":\"es\"},{\"@type\":\"Organization\",\"@id\":\"https:\\\/\\\/cofrimell.com\\\/es\\\/#organization\",\"name\":\"Cofrimell\",\"url\":\"https:\\\/\\\/cofrimell.com\\\/es\\\/\",\"logo\":{\"@type\":\"ImageObject\",\"inLanguage\":\"es\",\"@id\":\"https:\\\/\\\/cofrimell.com\\\/es\\\/#\\\/schema\\\/logo\\\/image\\\/\",\"url\":\"https:\\\/\\\/cofrimell.com\\\/wp-content\\\/uploads\\\/2023\\\/11\\\/logo-cofrimell.png\",\"contentUrl\":\"https:\\\/\\\/cofrimell.com\\\/wp-content\\\/uploads\\\/2023\\\/11\\\/logo-cofrimell.png\",\"width\":804,\"height\":453,\"caption\":\"Cofrimell\"},\"image\":{\"@id\":\"https:\\\/\\\/cofrimell.com\\\/es\\\/#\\\/schema\\\/logo\\\/image\\\/\"}}]}<\/script>\n<!-- \/ Yoast SEO plugin. -->","yoast_head_json":{"title":"Empresa - Cofrimell","description":"Uno de los buques insignia de Cofrimell es la gran atenci\u00f3n que ponemos en el proceso de producci\u00f3n de nuestras m\u00e1quinas;","robots":{"index":"index","follow":"follow","max-snippet":"max-snippet:-1","max-image-preview":"max-image-preview:large","max-video-preview":"max-video-preview:-1"},"canonical":"https:\/\/cofrimell.com\/es\/empresa\/","og_locale":"es_ES","og_type":"article","og_title":"Cofrimell | Empresa","og_description":"En Cofrimell, un aspecto clave es la meticulosa atenci\u00f3n que se presta al proceso de fabricaci\u00f3n de nuestras m\u00e1quinas, lo que garantiza la m\u00e1xima calidad de nuestros productos.","og_url":"https:\/\/cofrimell.com\/es\/empresa\/","og_site_name":"Cofrimell","article_modified_time":"2024-02-21T11:03:59+00:00","og_image":[{"url":"https:\/\/cofrimell.com\/wp-content\/uploads\/2024\/01\/Pannello-interno-stabilimento-300x300.jpg","type":"","width":"","height":""}],"twitter_card":"summary_large_image","twitter_misc":{"Tiempo de lectura":"1 minuto"},"schema":{"@context":"https:\/\/schema.org","@graph":[{"@type":"WebPage","@id":"https:\/\/cofrimell.com\/es\/empresa\/","url":"https:\/\/cofrimell.com\/es\/empresa\/","name":"Empresa - Cofrimell","isPartOf":{"@id":"https:\/\/cofrimell.com\/es\/#website"},"primaryImageOfPage":{"@id":"https:\/\/cofrimell.com\/es\/empresa\/#primaryimage"},"image":{"@id":"https:\/\/cofrimell.com\/es\/empresa\/#primaryimage"},"thumbnailUrl":"https:\/\/cofrimell.com\/wp-content\/uploads\/2024\/01\/Pannello-interno-stabilimento.jpg","datePublished":"2024-01-09T14:18:48+00:00","dateModified":"2024-02-21T11:03:59+00:00","description":"Uno de los buques insignia de Cofrimell es la gran atenci\u00f3n que ponemos en el proceso de producci\u00f3n de nuestras m\u00e1quinas;","breadcrumb":{"@id":"https:\/\/cofrimell.com\/es\/empresa\/#breadcrumb"},"inLanguage":"es","potentialAction":[{"@type":"ReadAction","target":["https:\/\/cofrimell.com\/es\/empresa\/"]}]},{"@type":"ImageObject","inLanguage":"es","@id":"https:\/\/cofrimell.com\/es\/empresa\/#primaryimage","url":"https:\/\/cofrimell.com\/wp-content\/uploads\/2024\/01\/Pannello-interno-stabilimento.jpg","contentUrl":"https:\/\/cofrimell.com\/wp-content\/uploads\/2024\/01\/Pannello-interno-stabilimento.jpg","width":1772,"height":1772},{"@type":"BreadcrumbList","@id":"https:\/\/cofrimell.com\/es\/empresa\/#breadcrumb","itemListElement":[{"@type":"ListItem","position":1,"name":"Home","item":"https:\/\/cofrimell.com\/es\/"},{"@type":"ListItem","position":2,"name":"Empresa"}]},{"@type":"WebSite","@id":"https:\/\/cofrimell.com\/es\/#website","url":"https:\/\/cofrimell.com\/es\/","name":"Cofrimell","description":"","publisher":{"@id":"https:\/\/cofrimell.com\/es\/#organization"},"potentialAction":[{"@type":"SearchAction","target":{"@type":"EntryPoint","urlTemplate":"https:\/\/cofrimell.com\/es\/?s={search_term_string}"},"query-input":{"@type":"PropertyValueSpecification","valueRequired":true,"valueName":"search_term_string"}}],"inLanguage":"es"},{"@type":"Organization","@id":"https:\/\/cofrimell.com\/es\/#organization","name":"Cofrimell","url":"https:\/\/cofrimell.com\/es\/","logo":{"@type":"ImageObject","inLanguage":"es","@id":"https:\/\/cofrimell.com\/es\/#\/schema\/logo\/image\/","url":"https:\/\/cofrimell.com\/wp-content\/uploads\/2023\/11\/logo-cofrimell.png","contentUrl":"https:\/\/cofrimell.com\/wp-content\/uploads\/2023\/11\/logo-cofrimell.png","width":804,"height":453,"caption":"Cofrimell"},"image":{"@id":"https:\/\/cofrimell.com\/es\/#\/schema\/logo\/image\/"}}]}},"_links":{"self":[{"href":"https:\/\/cofrimell.com\/es\/wp-json\/wp\/v2\/pages\/4949","targetHints":{"allow":["GET"]}}],"collection":[{"href":"https:\/\/cofrimell.com\/es\/wp-json\/wp\/v2\/pages"}],"about":[{"href":"https:\/\/cofrimell.com\/es\/wp-json\/wp\/v2\/types\/page"}],"author":[{"embeddable":true,"href":"https:\/\/cofrimell.com\/es\/wp-json\/wp\/v2\/users\/2"}],"replies":[{"embeddable":true,"href":"https:\/\/cofrimell.com\/es\/wp-json\/wp\/v2\/comments?post=4949"}],"version-history":[{"count":3,"href":"https:\/\/cofrimell.com\/es\/wp-json\/wp\/v2\/pages\/4949\/revisions"}],"predecessor-version":[{"id":4952,"href":"https:\/\/cofrimell.com\/es\/wp-json\/wp\/v2\/pages\/4949\/revisions\/4952"}],"wp:featuredmedia":[{"embeddable":true,"href":"https:\/\/cofrimell.com\/es\/wp-json\/wp\/v2\/media\/3368"}],"wp:attachment":[{"href":"https:\/\/cofrimell.com\/es\/wp-json\/wp\/v2\/media?parent=4949"}],"curies":[{"name":"wp","href":"https:\/\/api.w.org\/{rel}","templated":true}]}}