{"id":4953,"date":"2023-11-28T15:20:16","date_gmt":"2023-11-28T15:20:16","guid":{"rendered":"https:\/\/cofrimell.com\/contactos\/"},"modified":"2024-07-15T08:14:35","modified_gmt":"2024-07-15T08:14:35","slug":"contactos","status":"publish","type":"page","link":"https:\/\/cofrimell.com\/es\/contactos\/","title":{"rendered":"Contactos"},"content":{"rendered":"\t\t<div data-elementor-type=\"wp-page\" data-elementor-id=\"4953\" class=\"elementor elementor-4953 elementor-1131\" data-elementor-post-type=\"page\">\n\t\t\t\t<div class=\"elementor-element elementor-element-a14687a e-flex e-con-boxed e-con e-parent\" data-id=\"a14687a\" data-element_type=\"container\" data-e-type=\"container\">\n\t\t\t\t\t<div class=\"e-con-inner\">\n\t\t\t\t<div class=\"elementor-element elementor-element-8855446 elementor-view-framed elementor-widget__width-initial elementor-widget-mobile__width-initial elementor-shape-circle elementor-position-block-start elementor-mobile-position-block-start elementor-widget elementor-widget-icon-box\" data-id=\"8855446\" data-element_type=\"widget\" data-e-type=\"widget\" data-widget_type=\"icon-box.default\">\n\t\t\t\t<div class=\"elementor-widget-container\">\n\t\t\t\t\t\t\t<div class=\"elementor-icon-box-wrapper\">\n\n\t\t\t\t\t\t<div class=\"elementor-icon-box-icon\">\n\t\t\t\t<span  class=\"elementor-icon\">\n\t\t\t\t<svg aria-hidden=\"true\" class=\"e-font-icon-svg e-fas-map-marker-alt\" viewBox=\"0 0 384 512\" xmlns=\"http:\/\/www.w3.org\/2000\/svg\"><path d=\"M172.268 501.67C26.97 291.031 0 269.413 0 192 0 85.961 85.961 0 192 0s192 85.961 192 192c0 77.413-26.97 99.031-172.268 309.67-9.535 13.774-29.93 13.773-39.464 0zM192 272c44.183 0 80-35.817 80-80s-35.817-80-80-80-80 35.817-80 80 35.817 80 80 80z\"><\/path><\/svg>\t\t\t\t<\/span>\n\t\t\t<\/div>\n\t\t\t\n\t\t\t\t\t\t<div class=\"elementor-icon-box-content\">\n\n\t\t\t\t\t\t\t\t\t<h3 class=\"elementor-icon-box-title\">\n\t\t\t\t\t\t<span  >\n\t\t\t\t\t\t\tCofrimell di Zicarelli Srl\t\t\t\t\t\t<\/span>\n\t\t\t\t\t<\/h3>\n\t\t\t\t\n\t\t\t\t\t\t\t\t\t<p class=\"elementor-icon-box-description\">\n\t\t\t\t\t\tVia delle Monachelle, 66\/b <br>\n00071 Pomezia (Roma) <br>\nItalia\t\t\t\t\t<\/p>\n\t\t\t\t\n\t\t\t<\/div>\n\t\t\t\n\t\t<\/div>\n\t\t\t\t\t\t<\/div>\n\t\t\t\t<\/div>\n\t\t\t\t<div class=\"elementor-element elementor-element-ca4ef8f elementor-view-framed elementor-widget__width-initial elementor-widget-mobile__width-initial elementor-shape-circle elementor-position-block-start elementor-mobile-position-block-start elementor-widget elementor-widget-icon-box\" data-id=\"ca4ef8f\" data-element_type=\"widget\" data-e-type=\"widget\" data-widget_type=\"icon-box.default\">\n\t\t\t\t<div class=\"elementor-widget-container\">\n\t\t\t\t\t\t\t<div class=\"elementor-icon-box-wrapper\">\n\n\t\t\t\t\t\t<div class=\"elementor-icon-box-icon\">\n\t\t\t\t<span  class=\"elementor-icon\">\n\t\t\t\t<svg aria-hidden=\"true\" class=\"e-font-icon-svg e-fas-envelope\" viewBox=\"0 0 512 512\" xmlns=\"http:\/\/www.w3.org\/2000\/svg\"><path d=\"M502.3 190.8c3.9-3.1 9.7-.2 9.7 4.7V400c0 26.5-21.5 48-48 48H48c-26.5 0-48-21.5-48-48V195.6c0-5 5.7-7.8 9.7-4.7 22.4 17.4 52.1 39.5 154.1 113.6 21.1 15.4 56.7 47.8 92.2 47.6 35.7.3 72-32.8 92.3-47.6 102-74.1 131.6-96.3 154-113.7zM256 320c23.2.4 56.6-29.2 73.4-41.4 132.7-96.3 142.8-104.7 173.4-128.7 5.8-4.5 9.2-11.5 9.2-18.9v-19c0-26.5-21.5-48-48-48H48C21.5 64 0 85.5 0 112v19c0 7.4 3.4 14.3 9.2 18.9 30.6 23.9 40.7 32.4 173.4 128.7 16.8 12.2 50.2 41.8 73.4 41.4z\"><\/path><\/svg>\t\t\t\t<\/span>\n\t\t\t<\/div>\n\t\t\t\n\t\t\t\t\t\t<div class=\"elementor-icon-box-content\">\n\n\t\t\t\t\t\t\t\t\t<h3 class=\"elementor-icon-box-title\">\n\t\t\t\t\t\t<span  >\n\t\t\t\t\t\t\tcorreo electr\u00f3nico\t\t\t\t\t\t<\/span>\n\t\t\t\t\t<\/h3>\n\t\t\t\t\n\t\t\t\t\t\t\t\t\t<p class=\"elementor-icon-box-description\">\n\t\t\t\t\t\tinfo@cofrimell.com\t\t\t\t\t<\/p>\n\t\t\t\t\n\t\t\t<\/div>\n\t\t\t\n\t\t<\/div>\n\t\t\t\t\t\t<\/div>\n\t\t\t\t<\/div>\n\t\t\t\t<div class=\"elementor-element elementor-element-65ec927 elementor-view-framed elementor-widget__width-initial elementor-widget-mobile__width-initial elementor-shape-circle elementor-position-block-start elementor-mobile-position-block-start elementor-widget elementor-widget-icon-box\" data-id=\"65ec927\" data-element_type=\"widget\" data-e-type=\"widget\" data-widget_type=\"icon-box.default\">\n\t\t\t\t<div class=\"elementor-widget-container\">\n\t\t\t\t\t\t\t<div class=\"elementor-icon-box-wrapper\">\n\n\t\t\t\t\t\t<div class=\"elementor-icon-box-icon\">\n\t\t\t\t<span  class=\"elementor-icon\">\n\t\t\t\t<svg aria-hidden=\"true\" class=\"e-font-icon-svg e-fas-phone-alt\" viewBox=\"0 0 512 512\" xmlns=\"http:\/\/www.w3.org\/2000\/svg\"><path d=\"M497.39 361.8l-112-48a24 24 0 0 0-28 6.9l-49.6 60.6A370.66 370.66 0 0 1 130.6 204.11l60.6-49.6a23.94 23.94 0 0 0 6.9-28l-48-112A24.16 24.16 0 0 0 122.6.61l-104 24A24 24 0 0 0 0 48c0 256.5 207.9 464 464 464a24 24 0 0 0 23.4-18.6l24-104a24.29 24.29 0 0 0-14.01-27.6z\"><\/path><\/svg>\t\t\t\t<\/span>\n\t\t\t<\/div>\n\t\t\t\n\t\t\t\t\t\t<div class=\"elementor-icon-box-content\">\n\n\t\t\t\t\t\t\t\t\t<h3 class=\"elementor-icon-box-title\">\n\t\t\t\t\t\t<span  >\n\t\t\t\t\t\t\tTel\u00e9fono - Fax\t\t\t\t\t\t<\/span>\n\t\t\t\t\t<\/h3>\n\t\t\t\t\n\t\t\t\t\t\t\t\t\t<p class=\"elementor-icon-box-description\">\n\t\t\t\t\t\tTel. +39 06 91602967 r.a. <br>\n+39 06 9107351<br>\nFax +39 06 9107060\t\t\t\t\t<\/p>\n\t\t\t\t\n\t\t\t<\/div>\n\t\t\t\n\t\t<\/div>\n\t\t\t\t\t\t<\/div>\n\t\t\t\t<\/div>\n\t\t\t\t\t<\/div>\n\t\t\t\t<\/div>\n\t\t<div class=\"elementor-element elementor-element-17a2825 e-flex e-con-boxed e-con e-parent\" data-id=\"17a2825\" data-element_type=\"container\" data-e-type=\"container\">\n\t\t\t\t\t<div class=\"e-con-inner\">\n\t\t\t\t<div class=\"elementor-element elementor-element-e33abaa elementor-widget elementor-widget-heading\" data-id=\"e33abaa\" data-element_type=\"widget\" data-e-type=\"widget\" data-widget_type=\"heading.default\">\n\t\t\t\t<div class=\"elementor-widget-container\">\n\t\t\t\t\t<h2 class=\"elementor-heading-title elementor-size-default\">P\u00f3ngase en contacto con nosotros<\/h2>\t\t\t\t<\/div>\n\t\t\t\t<\/div>\n\t\t\t\t<div class=\"elementor-element elementor-element-bc0d80e elementor-widget elementor-widget-text-editor\" data-id=\"bc0d80e\" data-element_type=\"widget\" data-e-type=\"widget\" data-widget_type=\"text-editor.default\">\n\t\t\t\t<div class=\"elementor-widget-container\">\n\t\t\t\t\t\t\t\t\t<p class=\"p1\">Rellene el formulario para ponerse en contacto directamente con el equipo de Cofrimell.<\/p>\n\t\t\t\t\t\t\t\t<\/div>\n\t\t\t\t<\/div>\n\t\t<div class=\"elementor-element elementor-element-de9d468 e-con-full e-flex e-con e-child\" data-id=\"de9d468\" data-element_type=\"container\" data-e-type=\"container\" data-settings=\"{&quot;background_background&quot;:&quot;classic&quot;}\">\n\t\t\t\t<div class=\"elementor-element elementor-element-49151486 elementor-button-align-end elementor-widget elementor-widget-form\" data-id=\"49151486\" data-element_type=\"widget\" data-e-type=\"widget\" data-settings=\"{&quot;step_next_label&quot;:&quot;Siguiente&quot;,&quot;step_previous_label&quot;:&quot;Anterior&quot;,&quot;button_width&quot;:&quot;100&quot;,&quot;step_type&quot;:&quot;number_text&quot;,&quot;step_icon_shape&quot;:&quot;circle&quot;}\" data-widget_type=\"form.default\">\n\t\t\t\t<div class=\"elementor-widget-container\">\n\t\t\t\t\t\t\t<form class=\"elementor-form\" method=\"post\" name=\"P\u00f3ngase en contacto con nosotros\" aria-label=\"P\u00f3ngase en contacto con nosotros\">\n\t\t\t<input type=\"hidden\" name=\"post_id\" value=\"4953\"\/>\n\t\t\t<input type=\"hidden\" name=\"form_id\" value=\"49151486\"\/>\n\t\t\t<input type=\"hidden\" name=\"referer_title\" value=\"Cofrimell\" \/>\n\n\t\t\t\n\t\t\t<div class=\"elementor-form-fields-wrapper elementor-labels-\">\n\t\t\t\t\t\t\t\t<div class=\"elementor-field-type-text elementor-field-group elementor-column elementor-field-group-name elementor-col-100 elementor-field-required\">\n\t\t\t\t\t\t\t\t\t\t\t\t<label for=\"form-field-name\" class=\"elementor-field-label elementor-screen-only\">\n\t\t\t\t\t\t\t\tNombre\t\t\t\t\t\t\t<\/label>\n\t\t\t\t\t\t\t\t\t\t\t\t\t\t<input size=\"1\" type=\"text\" name=\"form_fields[name]\" id=\"form-field-name\" class=\"elementor-field elementor-size-sm  elementor-field-textual\" placeholder=\"Nombre\" required=\"required\">\n\t\t\t\t\t\t\t\t\t\t\t<\/div>\n\t\t\t\t\t\t\t\t<div class=\"elementor-field-type-text elementor-field-group elementor-column elementor-field-group-field_01a9cd8 elementor-col-100 elementor-field-required\">\n\t\t\t\t\t\t\t\t\t\t\t\t<label for=\"form-field-field_01a9cd8\" class=\"elementor-field-label elementor-screen-only\">\n\t\t\t\t\t\t\t\tApellido\t\t\t\t\t\t\t<\/label>\n\t\t\t\t\t\t\t\t\t\t\t\t\t\t<input size=\"1\" type=\"text\" name=\"form_fields[field_01a9cd8]\" id=\"form-field-field_01a9cd8\" class=\"elementor-field elementor-size-sm  elementor-field-textual\" placeholder=\"Apellido\" required=\"required\">\n\t\t\t\t\t\t\t\t\t\t\t<\/div>\n\t\t\t\t\t\t\t\t<div class=\"elementor-field-type-email elementor-field-group elementor-column elementor-field-group-email elementor-col-100 elementor-field-required\">\n\t\t\t\t\t\t\t\t\t\t\t\t<label for=\"form-field-email\" class=\"elementor-field-label elementor-screen-only\">\n\t\t\t\t\t\t\t\tCorreo electr\u00f3nico\t\t\t\t\t\t\t<\/label>\n\t\t\t\t\t\t\t\t\t\t\t\t\t\t<input size=\"1\" type=\"email\" name=\"form_fields[email]\" id=\"form-field-email\" class=\"elementor-field elementor-size-sm  elementor-field-textual\" placeholder=\"Correo electr\u00f3nico\" required=\"required\">\n\t\t\t\t\t\t\t\t\t\t\t<\/div>\n\t\t\t\t\t\t\t\t<div class=\"elementor-field-type-tel elementor-field-group elementor-column elementor-field-group-field_f7a6933 elementor-col-100 elementor-field-required\">\n\t\t\t\t\t\t\t\t\t\t\t\t<label for=\"form-field-field_f7a6933\" class=\"elementor-field-label elementor-screen-only\">\n\t\t\t\t\t\t\t\tTel\u00e9fono\t\t\t\t\t\t\t<\/label>\n\t\t\t\t\t\t\t\t<input size=\"1\" type=\"tel\" name=\"form_fields[field_f7a6933]\" id=\"form-field-field_f7a6933\" class=\"elementor-field elementor-size-sm  elementor-field-textual\" placeholder=\"Tel\u00e9fono\" required=\"required\" pattern=\"[0-9()#&amp;+*-=.]+\" title=\"Solo se aceptan n\u00fameros y caracteres de tel\u00e9fono (#,-,*,etc).\">\n\n\t\t\t\t\t\t<\/div>\n\t\t\t\t\t\t\t\t<div class=\"elementor-field-type-text elementor-field-group elementor-column elementor-field-group-field_2d16ef2 elementor-col-100\">\n\t\t\t\t\t\t\t\t\t\t\t\t<label for=\"form-field-field_2d16ef2\" class=\"elementor-field-label elementor-screen-only\">\n\t\t\t\t\t\t\t\tEmpresa\t\t\t\t\t\t\t<\/label>\n\t\t\t\t\t\t\t\t\t\t\t\t\t\t<input size=\"1\" type=\"text\" name=\"form_fields[field_2d16ef2]\" id=\"form-field-field_2d16ef2\" class=\"elementor-field elementor-size-sm  elementor-field-textual\" placeholder=\"Empresa\">\n\t\t\t\t\t\t\t\t\t\t\t<\/div>\n\t\t\t\t\t\t\t\t<div class=\"elementor-field-type-text elementor-field-group elementor-column elementor-field-group-field_9d432ab elementor-col-100 elementor-field-required\">\n\t\t\t\t\t\t\t\t\t\t\t\t<label for=\"form-field-field_9d432ab\" class=\"elementor-field-label elementor-screen-only\">\n\t\t\t\t\t\t\t\tPa\u00ecs\t\t\t\t\t\t\t<\/label>\n\t\t\t\t\t\t\t\t\t\t\t\t\t\t<input size=\"1\" type=\"text\" name=\"form_fields[field_9d432ab]\" id=\"form-field-field_9d432ab\" class=\"elementor-field elementor-size-sm  elementor-field-textual\" placeholder=\"Pa\u00eds\" required=\"required\">\n\t\t\t\t\t\t\t\t\t\t\t<\/div>\n\t\t\t\t\t\t\t\t<div class=\"elementor-field-type-textarea elementor-field-group elementor-column elementor-field-group-field_4b5bfc0 elementor-col-100 elementor-field-required\">\n\t\t\t\t\t\t\t\t\t\t\t\t<label for=\"form-field-field_4b5bfc0\" class=\"elementor-field-label elementor-screen-only\">\n\t\t\t\t\t\t\t\tMensaje\t\t\t\t\t\t\t<\/label>\n\t\t\t\t\t\t<textarea class=\"elementor-field-textual elementor-field  elementor-size-sm\" name=\"form_fields[field_4b5bfc0]\" id=\"form-field-field_4b5bfc0\" rows=\"4\" placeholder=\"Mensaje\" required=\"required\"><\/textarea>\t\t\t\t<\/div>\n\t\t\t\t\t\t\t\t<div class=\"elementor-field-type-acceptance elementor-field-group elementor-column elementor-field-group-field_5d201fe elementor-col-100 elementor-field-required\">\n\t\t\t\t\t\t\t\t\t\t\t\t<label for=\"form-field-field_5d201fe\" class=\"elementor-field-label elementor-screen-only\">\n\t\t\t\t\t\t\t\tPol\u00edtica de privacidad\t\t\t\t\t\t\t<\/label>\n\t\t\t\t\t\t\t\t<div class=\"elementor-field-subgroup\">\n\t\t\t<span class=\"elementor-field-option\">\n\t\t\t\t<input type=\"checkbox\" name=\"form_fields[field_5d201fe]\" id=\"form-field-field_5d201fe\" class=\"elementor-field elementor-size-sm  elementor-acceptance-field\" required=\"required\">\n\t\t\t\t<label for=\"form-field-field_5d201fe\">Doy mi consentimiento (D. Lgs. 196\/2003) al tratamiento de mis datos personales. Cofrimell di Zicarelli Srl podr\u00e1 proceder directamente o a trav\u00e9s de terceros al tratamiento por cualquier medio de los datos personales resultantes de la presente documentaci\u00f3n para la consecuci\u00f3n de sus propios fines institucionales.<\/label>\t\t\t<\/span>\n\t\t<\/div>\n\t\t\t\t\t\t<\/div>\n\t\t\t\t\t\t\t\t<div class=\"elementor-field-type-recaptcha_v3 elementor-field-group elementor-column elementor-field-group-field_7ec8f2f elementor-col-100 recaptcha_v3-bottomright\">\n\t\t\t\t\t<div class=\"elementor-field\" id=\"form-field-field_7ec8f2f\"><div class=\"elementor-g-recaptcha\" data-sitekey=\"6LdqfX0pAAAAABqGqcyH0b0X-fSpZsgHqdAOdF4D\" data-type=\"v3\" data-action=\"Form\" data-badge=\"bottomright\" data-size=\"invisible\"><\/div><\/div>\t\t\t\t<\/div>\n\t\t\t\t\t\t\t\t<div class=\"elementor-field-group elementor-column elementor-field-type-submit elementor-col-100 e-form__buttons\">\n\t\t\t\t\t<button class=\"elementor-button elementor-size-sm\" type=\"submit\">\n\t\t\t\t\t\t<span class=\"elementor-button-content-wrapper\">\n\t\t\t\t\t\t\t\t\t\t\t\t\t\t\t\t\t\t\t\t\t\t<span class=\"elementor-button-text\">Enviar &gt;&gt;<\/span>\n\t\t\t\t\t\t\t\t\t\t\t\t\t<\/span>\n\t\t\t\t\t<\/button>\n\t\t\t\t<\/div>\n\t\t\t<\/div>\n\t\t<\/form>\n\t\t\t\t\t\t<\/div>\n\t\t\t\t<\/div>\n\t\t\t\t<\/div>\n\t\t\t\t\t<\/div>\n\t\t\t\t<\/div>\n\t\t<div class=\"elementor-element elementor-element-480f1462 e-con-full e-flex e-con e-parent\" data-id=\"480f1462\" data-element_type=\"container\" data-e-type=\"container\">\n\t\t<div class=\"elementor-element elementor-element-601e1026 e-con-full e-flex e-con e-child\" data-id=\"601e1026\" data-element_type=\"container\" data-e-type=\"container\">\n\t\t\t\t<div class=\"elementor-element elementor-element-1c3756f6 elementor-widget__width-initial elementor-widget elementor-widget-google_maps\" data-id=\"1c3756f6\" data-element_type=\"widget\" data-e-type=\"widget\" data-widget_type=\"google_maps.default\">\n\t\t\t\t<div class=\"elementor-widget-container\">\n\t\t\t\t\t\t\t<div class=\"elementor-custom-embed\">\n\t\t\t<iframe loading=\"lazy\"\n\t\t\t\t\tsrc=\"https:\/\/maps.google.com\/maps?q=Cofrimell%20di%20Zicarelli%20Srl%20Via%20delle%20Monachelle%2C%2066%2Fb%2000071%20Pomezia%20-%20Roma%20Italia&#038;t=m&#038;z=16&#038;output=embed&#038;iwloc=near\"\n\t\t\t\t\ttitle=\"Cofrimell di Zicarelli Srl Via delle Monachelle, 66\/b 00071 Pomezia - Roma Italia\"\n\t\t\t\t\taria-label=\"Cofrimell di Zicarelli Srl Via delle Monachelle, 66\/b 00071 Pomezia - Roma Italia\"\n\t\t\t><\/iframe>\n\t\t<\/div>\n\t\t\t\t\t\t<\/div>\n\t\t\t\t<\/div>\n\t\t\t\t<\/div>\n\t\t\t\t<\/div>\n\t\t\t\t<\/div>\n\t\t","protected":false},"excerpt":{"rendered":"<p>Cofrimell di Zicarelli Srl Via delle Monachelle, 66\/b 00071 Pomezia (Roma) Italia correo electr\u00f3nico info@cofrimell.com Tel\u00e9fono &#8211; Fax Tel. +39 06 91602967 r.a. +39 06 9107351 Fax +39 06 9107060 P\u00f3ngase en contacto con nosotros Rellene el formulario para ponerse en contacto directamente con el equipo de Cofrimell.<\/p>\n","protected":false},"author":2,"featured_media":391,"parent":0,"menu_order":0,"comment_status":"closed","ping_status":"closed","template":"","meta":{"footnotes":""},"class_list":["post-4953","page","type-page","status-publish","has-post-thumbnail","hentry"],"yoast_head":"<!-- This site is optimized with the Yoast SEO plugin v27.4 - https:\/\/yoast.com\/product\/yoast-seo-wordpress\/ -->\n<title>Contactos - Cofrimell<\/title>\n<meta name=\"description\" content=\"Contacte con nosotros P\u00f3ngase en contacto directo con el equipo de Cofrimell. Rellene el formulario o p\u00f3ngase en contacto con nosotros en los siguientes n\u00fameros de tel\u00e9fono o correo electr\u00f3nico.\" \/>\n<meta name=\"robots\" content=\"index, follow, max-snippet:-1, max-image-preview:large, max-video-preview:-1\" \/>\n<link rel=\"canonical\" href=\"https:\/\/cofrimell.com\/es\/contactos\/\" \/>\n<meta property=\"og:locale\" content=\"es_ES\" \/>\n<meta property=\"og:type\" content=\"article\" \/>\n<meta property=\"og:title\" content=\"Cofrimell | Contactos\" \/>\n<meta property=\"og:description\" content=\"Contacte con nosotros P\u00f3ngase en contacto directo con el equipo de Cofrimell. Rellene el formulario o p\u00f3ngase en contacto con nosotros en los siguientes n\u00fameros de tel\u00e9fono o correo electr\u00f3nico.\" \/>\n<meta property=\"og:url\" content=\"https:\/\/cofrimell.com\/es\/contactos\/\" \/>\n<meta property=\"og:site_name\" content=\"Cofrimell\" \/>\n<meta property=\"article:modified_time\" content=\"2024-07-15T08:14:35+00:00\" \/>\n<meta property=\"og:image\" content=\"https:\/\/cofrimell.com\/wp-content\/uploads\/2023\/11\/Stabilimento-cofrimell-quadrato-300x300.jpeg\" \/>\n<meta name=\"twitter:card\" content=\"summary_large_image\" \/>\n<meta name=\"twitter:label1\" content=\"Tiempo de lectura\" \/>\n\t<meta name=\"twitter:data1\" content=\"1 minuto\" \/>\n<script type=\"application\/ld+json\" class=\"yoast-schema-graph\">{\"@context\":\"https:\\\/\\\/schema.org\",\"@graph\":[{\"@type\":\"WebPage\",\"@id\":\"https:\\\/\\\/cofrimell.com\\\/es\\\/contactos\\\/\",\"url\":\"https:\\\/\\\/cofrimell.com\\\/es\\\/contactos\\\/\",\"name\":\"Contactos - Cofrimell\",\"isPartOf\":{\"@id\":\"https:\\\/\\\/cofrimell.com\\\/es\\\/#website\"},\"primaryImageOfPage\":{\"@id\":\"https:\\\/\\\/cofrimell.com\\\/es\\\/contactos\\\/#primaryimage\"},\"image\":{\"@id\":\"https:\\\/\\\/cofrimell.com\\\/es\\\/contactos\\\/#primaryimage\"},\"thumbnailUrl\":\"https:\\\/\\\/cofrimell.com\\\/wp-content\\\/uploads\\\/2023\\\/11\\\/Stabilimento-cofrimell-quadrato.jpeg\",\"datePublished\":\"2023-11-28T15:20:16+00:00\",\"dateModified\":\"2024-07-15T08:14:35+00:00\",\"description\":\"Contacte con nosotros P\u00f3ngase en contacto directo con el equipo de Cofrimell. Rellene el formulario o p\u00f3ngase en contacto con nosotros en los siguientes n\u00fameros de tel\u00e9fono o correo electr\u00f3nico.\",\"breadcrumb\":{\"@id\":\"https:\\\/\\\/cofrimell.com\\\/es\\\/contactos\\\/#breadcrumb\"},\"inLanguage\":\"es\",\"potentialAction\":[{\"@type\":\"ReadAction\",\"target\":[\"https:\\\/\\\/cofrimell.com\\\/es\\\/contactos\\\/\"]}]},{\"@type\":\"ImageObject\",\"inLanguage\":\"es\",\"@id\":\"https:\\\/\\\/cofrimell.com\\\/es\\\/contactos\\\/#primaryimage\",\"url\":\"https:\\\/\\\/cofrimell.com\\\/wp-content\\\/uploads\\\/2023\\\/11\\\/Stabilimento-cofrimell-quadrato.jpeg\",\"contentUrl\":\"https:\\\/\\\/cofrimell.com\\\/wp-content\\\/uploads\\\/2023\\\/11\\\/Stabilimento-cofrimell-quadrato.jpeg\",\"width\":1316,\"height\":1316},{\"@type\":\"BreadcrumbList\",\"@id\":\"https:\\\/\\\/cofrimell.com\\\/es\\\/contactos\\\/#breadcrumb\",\"itemListElement\":[{\"@type\":\"ListItem\",\"position\":1,\"name\":\"Home\",\"item\":\"https:\\\/\\\/cofrimell.com\\\/es\\\/\"},{\"@type\":\"ListItem\",\"position\":2,\"name\":\"Contactos\"}]},{\"@type\":\"WebSite\",\"@id\":\"https:\\\/\\\/cofrimell.com\\\/es\\\/#website\",\"url\":\"https:\\\/\\\/cofrimell.com\\\/es\\\/\",\"name\":\"Cofrimell\",\"description\":\"\",\"publisher\":{\"@id\":\"https:\\\/\\\/cofrimell.com\\\/es\\\/#organization\"},\"potentialAction\":[{\"@type\":\"SearchAction\",\"target\":{\"@type\":\"EntryPoint\",\"urlTemplate\":\"https:\\\/\\\/cofrimell.com\\\/es\\\/?s={search_term_string}\"},\"query-input\":{\"@type\":\"PropertyValueSpecification\",\"valueRequired\":true,\"valueName\":\"search_term_string\"}}],\"inLanguage\":\"es\"},{\"@type\":\"Organization\",\"@id\":\"https:\\\/\\\/cofrimell.com\\\/es\\\/#organization\",\"name\":\"Cofrimell\",\"url\":\"https:\\\/\\\/cofrimell.com\\\/es\\\/\",\"logo\":{\"@type\":\"ImageObject\",\"inLanguage\":\"es\",\"@id\":\"https:\\\/\\\/cofrimell.com\\\/es\\\/#\\\/schema\\\/logo\\\/image\\\/\",\"url\":\"https:\\\/\\\/cofrimell.com\\\/wp-content\\\/uploads\\\/2023\\\/11\\\/logo-cofrimell.png\",\"contentUrl\":\"https:\\\/\\\/cofrimell.com\\\/wp-content\\\/uploads\\\/2023\\\/11\\\/logo-cofrimell.png\",\"width\":804,\"height\":453,\"caption\":\"Cofrimell\"},\"image\":{\"@id\":\"https:\\\/\\\/cofrimell.com\\\/es\\\/#\\\/schema\\\/logo\\\/image\\\/\"}}]}<\/script>\n<!-- \/ Yoast SEO plugin. -->","yoast_head_json":{"title":"Contactos - Cofrimell","description":"Contacte con nosotros P\u00f3ngase en contacto directo con el equipo de Cofrimell. Rellene el formulario o p\u00f3ngase en contacto con nosotros en los siguientes n\u00fameros de tel\u00e9fono o correo electr\u00f3nico.","robots":{"index":"index","follow":"follow","max-snippet":"max-snippet:-1","max-image-preview":"max-image-preview:large","max-video-preview":"max-video-preview:-1"},"canonical":"https:\/\/cofrimell.com\/es\/contactos\/","og_locale":"es_ES","og_type":"article","og_title":"Cofrimell | Contactos","og_description":"Contacte con nosotros P\u00f3ngase en contacto directo con el equipo de Cofrimell. Rellene el formulario o p\u00f3ngase en contacto con nosotros en los siguientes n\u00fameros de tel\u00e9fono o correo electr\u00f3nico.","og_url":"https:\/\/cofrimell.com\/es\/contactos\/","og_site_name":"Cofrimell","article_modified_time":"2024-07-15T08:14:35+00:00","og_image":[{"url":"https:\/\/cofrimell.com\/wp-content\/uploads\/2023\/11\/Stabilimento-cofrimell-quadrato-300x300.jpeg","type":"","width":"","height":""}],"twitter_card":"summary_large_image","twitter_misc":{"Tiempo de lectura":"1 minuto"},"schema":{"@context":"https:\/\/schema.org","@graph":[{"@type":"WebPage","@id":"https:\/\/cofrimell.com\/es\/contactos\/","url":"https:\/\/cofrimell.com\/es\/contactos\/","name":"Contactos - Cofrimell","isPartOf":{"@id":"https:\/\/cofrimell.com\/es\/#website"},"primaryImageOfPage":{"@id":"https:\/\/cofrimell.com\/es\/contactos\/#primaryimage"},"image":{"@id":"https:\/\/cofrimell.com\/es\/contactos\/#primaryimage"},"thumbnailUrl":"https:\/\/cofrimell.com\/wp-content\/uploads\/2023\/11\/Stabilimento-cofrimell-quadrato.jpeg","datePublished":"2023-11-28T15:20:16+00:00","dateModified":"2024-07-15T08:14:35+00:00","description":"Contacte con nosotros P\u00f3ngase en contacto directo con el equipo de Cofrimell. Rellene el formulario o p\u00f3ngase en contacto con nosotros en los siguientes n\u00fameros de tel\u00e9fono o correo electr\u00f3nico.","breadcrumb":{"@id":"https:\/\/cofrimell.com\/es\/contactos\/#breadcrumb"},"inLanguage":"es","potentialAction":[{"@type":"ReadAction","target":["https:\/\/cofrimell.com\/es\/contactos\/"]}]},{"@type":"ImageObject","inLanguage":"es","@id":"https:\/\/cofrimell.com\/es\/contactos\/#primaryimage","url":"https:\/\/cofrimell.com\/wp-content\/uploads\/2023\/11\/Stabilimento-cofrimell-quadrato.jpeg","contentUrl":"https:\/\/cofrimell.com\/wp-content\/uploads\/2023\/11\/Stabilimento-cofrimell-quadrato.jpeg","width":1316,"height":1316},{"@type":"BreadcrumbList","@id":"https:\/\/cofrimell.com\/es\/contactos\/#breadcrumb","itemListElement":[{"@type":"ListItem","position":1,"name":"Home","item":"https:\/\/cofrimell.com\/es\/"},{"@type":"ListItem","position":2,"name":"Contactos"}]},{"@type":"WebSite","@id":"https:\/\/cofrimell.com\/es\/#website","url":"https:\/\/cofrimell.com\/es\/","name":"Cofrimell","description":"","publisher":{"@id":"https:\/\/cofrimell.com\/es\/#organization"},"potentialAction":[{"@type":"SearchAction","target":{"@type":"EntryPoint","urlTemplate":"https:\/\/cofrimell.com\/es\/?s={search_term_string}"},"query-input":{"@type":"PropertyValueSpecification","valueRequired":true,"valueName":"search_term_string"}}],"inLanguage":"es"},{"@type":"Organization","@id":"https:\/\/cofrimell.com\/es\/#organization","name":"Cofrimell","url":"https:\/\/cofrimell.com\/es\/","logo":{"@type":"ImageObject","inLanguage":"es","@id":"https:\/\/cofrimell.com\/es\/#\/schema\/logo\/image\/","url":"https:\/\/cofrimell.com\/wp-content\/uploads\/2023\/11\/logo-cofrimell.png","contentUrl":"https:\/\/cofrimell.com\/wp-content\/uploads\/2023\/11\/logo-cofrimell.png","width":804,"height":453,"caption":"Cofrimell"},"image":{"@id":"https:\/\/cofrimell.com\/es\/#\/schema\/logo\/image\/"}}]}},"_links":{"self":[{"href":"https:\/\/cofrimell.com\/es\/wp-json\/wp\/v2\/pages\/4953","targetHints":{"allow":["GET"]}}],"collection":[{"href":"https:\/\/cofrimell.com\/es\/wp-json\/wp\/v2\/pages"}],"about":[{"href":"https:\/\/cofrimell.com\/es\/wp-json\/wp\/v2\/types\/page"}],"author":[{"embeddable":true,"href":"https:\/\/cofrimell.com\/es\/wp-json\/wp\/v2\/users\/2"}],"replies":[{"embeddable":true,"href":"https:\/\/cofrimell.com\/es\/wp-json\/wp\/v2\/comments?post=4953"}],"version-history":[{"count":27,"href":"https:\/\/cofrimell.com\/es\/wp-json\/wp\/v2\/pages\/4953\/revisions"}],"predecessor-version":[{"id":5934,"href":"https:\/\/cofrimell.com\/es\/wp-json\/wp\/v2\/pages\/4953\/revisions\/5934"}],"wp:featuredmedia":[{"embeddable":true,"href":"https:\/\/cofrimell.com\/es\/wp-json\/wp\/v2\/media\/391"}],"wp:attachment":[{"href":"https:\/\/cofrimell.com\/es\/wp-json\/wp\/v2\/media?parent=4953"}],"curies":[{"name":"wp","href":"https:\/\/api.w.org\/{rel}","templated":true}]}}