{"id":4961,"date":"2024-01-25T09:23:29","date_gmt":"2024-01-25T09:23:29","guid":{"rendered":"https:\/\/cofrimell.com\/consejos-importantes\/"},"modified":"2024-10-09T09:35:52","modified_gmt":"2024-10-09T09:35:52","slug":"consejos-importantes","status":"publish","type":"page","link":"https:\/\/cofrimell.com\/es\/consejos-importantes\/","title":{"rendered":"Consejos importantes"},"content":{"rendered":"\t\t<div data-elementor-type=\"wp-page\" data-elementor-id=\"4961\" class=\"elementor elementor-4961 elementor-3350\" data-elementor-post-type=\"page\">\n\t\t\t\t<div class=\"elementor-element elementor-element-04a39b8 e-flex e-con-boxed e-con e-parent\" data-id=\"04a39b8\" data-element_type=\"container\" data-e-type=\"container\">\n\t\t\t\t\t<div class=\"e-con-inner\">\n\t\t\t\t<div class=\"elementor-element elementor-element-3c4f79c elementor-widget elementor-widget-heading\" data-id=\"3c4f79c\" data-element_type=\"widget\" data-e-type=\"widget\" data-widget_type=\"heading.default\">\n\t\t\t\t<div class=\"elementor-widget-container\">\n\t\t\t\t\t<h2 class=\"elementor-heading-title elementor-size-default\">Consejos importantes sobre el uso de granizadoras<\/h2>\t\t\t\t<\/div>\n\t\t\t\t<\/div>\n\t\t\t\t<div class=\"elementor-element elementor-element-72edad3 elementor-widget elementor-widget-heading\" data-id=\"72edad3\" data-element_type=\"widget\" data-e-type=\"widget\" data-widget_type=\"heading.default\">\n\t\t\t\t<div class=\"elementor-widget-container\">\n\t\t\t\t\t<h2 class=\"elementor-heading-title elementor-size-default\">Para utilizar correctamente la granizadora, siga los siguientes consejos.<\/h2>\t\t\t\t<\/div>\n\t\t\t\t<\/div>\n\t\t\t\t\t<\/div>\n\t\t\t\t<\/div>\n\t\t<div class=\"elementor-element elementor-element-d7a1a26 e-flex e-con-boxed e-con e-parent\" data-id=\"d7a1a26\" data-element_type=\"container\" data-e-type=\"container\" data-settings=\"{&quot;background_background&quot;:&quot;classic&quot;}\">\n\t\t\t\t\t<div class=\"e-con-inner\">\n\t\t<div class=\"elementor-element elementor-element-5b36235 e-flex e-con-boxed e-con e-child\" data-id=\"5b36235\" data-element_type=\"container\" data-e-type=\"container\">\n\t\t\t\t\t<div class=\"e-con-inner\">\n\t\t\t\t<div class=\"elementor-element elementor-element-e222d63 elementor-hidden-desktop elementor-hidden-tablet elementor-hidden-mobile elementor-widget elementor-widget-heading\" data-id=\"e222d63\" data-element_type=\"widget\" data-e-type=\"widget\" data-widget_type=\"heading.default\">\n\t\t\t\t<div class=\"elementor-widget-container\">\n\t\t\t\t\t<h2 class=\"elementor-heading-title elementor-size-default\">1.<\/h2>\t\t\t\t<\/div>\n\t\t\t\t<\/div>\n\t\t\t\t<div class=\"elementor-element elementor-element-b1ed427 elementor-view-framed elementor-widget__width-initial elementor-shape-circle elementor-position-block-start elementor-mobile-position-block-start elementor-widget elementor-widget-icon-box\" data-id=\"b1ed427\" data-element_type=\"widget\" data-e-type=\"widget\" data-widget_type=\"icon-box.default\">\n\t\t\t\t<div class=\"elementor-widget-container\">\n\t\t\t\t\t\t\t<div class=\"elementor-icon-box-wrapper\">\n\n\t\t\t\t\t\t<div class=\"elementor-icon-box-icon\">\n\t\t\t\t<span  class=\"elementor-icon\">\n\t\t\t\t<svg aria-hidden=\"true\" class=\"e-font-icon-svg e-fas-cogs\" viewBox=\"0 0 640 512\" xmlns=\"http:\/\/www.w3.org\/2000\/svg\"><path d=\"M512.1 191l-8.2 14.3c-3 5.3-9.4 7.5-15.1 5.4-11.8-4.4-22.6-10.7-32.1-18.6-4.6-3.8-5.8-10.5-2.8-15.7l8.2-14.3c-6.9-8-12.3-17.3-15.9-27.4h-16.5c-6 0-11.2-4.3-12.2-10.3-2-12-2.1-24.6 0-37.1 1-6 6.2-10.4 12.2-10.4h16.5c3.6-10.1 9-19.4 15.9-27.4l-8.2-14.3c-3-5.2-1.9-11.9 2.8-15.7 9.5-7.9 20.4-14.2 32.1-18.6 5.7-2.1 12.1.1 15.1 5.4l8.2 14.3c10.5-1.9 21.2-1.9 31.7 0L552 6.3c3-5.3 9.4-7.5 15.1-5.4 11.8 4.4 22.6 10.7 32.1 18.6 4.6 3.8 5.8 10.5 2.8 15.7l-8.2 14.3c6.9 8 12.3 17.3 15.9 27.4h16.5c6 0 11.2 4.3 12.2 10.3 2 12 2.1 24.6 0 37.1-1 6-6.2 10.4-12.2 10.4h-16.5c-3.6 10.1-9 19.4-15.9 27.4l8.2 14.3c3 5.2 1.9 11.9-2.8 15.7-9.5 7.9-20.4 14.2-32.1 18.6-5.7 2.1-12.1-.1-15.1-5.4l-8.2-14.3c-10.4 1.9-21.2 1.9-31.7 0zm-10.5-58.8c38.5 29.6 82.4-14.3 52.8-52.8-38.5-29.7-82.4 14.3-52.8 52.8zM386.3 286.1l33.7 16.8c10.1 5.8 14.5 18.1 10.5 29.1-8.9 24.2-26.4 46.4-42.6 65.8-7.4 8.9-20.2 11.1-30.3 5.3l-29.1-16.8c-16 13.7-34.6 24.6-54.9 31.7v33.6c0 11.6-8.3 21.6-19.7 23.6-24.6 4.2-50.4 4.4-75.9 0-11.5-2-20-11.9-20-23.6V418c-20.3-7.2-38.9-18-54.9-31.7L74 403c-10 5.8-22.9 3.6-30.3-5.3-16.2-19.4-33.3-41.6-42.2-65.7-4-10.9.4-23.2 10.5-29.1l33.3-16.8c-3.9-20.9-3.9-42.4 0-63.4L12 205.8c-10.1-5.8-14.6-18.1-10.5-29 8.9-24.2 26-46.4 42.2-65.8 7.4-8.9 20.2-11.1 30.3-5.3l29.1 16.8c16-13.7 34.6-24.6 54.9-31.7V57.1c0-11.5 8.2-21.5 19.6-23.5 24.6-4.2 50.5-4.4 76-.1 11.5 2 20 11.9 20 23.6v33.6c20.3 7.2 38.9 18 54.9 31.7l29.1-16.8c10-5.8 22.9-3.6 30.3 5.3 16.2 19.4 33.2 41.6 42.1 65.8 4 10.9.1 23.2-10 29.1l-33.7 16.8c3.9 21 3.9 42.5 0 63.5zm-117.6 21.1c59.2-77-28.7-164.9-105.7-105.7-59.2 77 28.7 164.9 105.7 105.7zm243.4 182.7l-8.2 14.3c-3 5.3-9.4 7.5-15.1 5.4-11.8-4.4-22.6-10.7-32.1-18.6-4.6-3.8-5.8-10.5-2.8-15.7l8.2-14.3c-6.9-8-12.3-17.3-15.9-27.4h-16.5c-6 0-11.2-4.3-12.2-10.3-2-12-2.1-24.6 0-37.1 1-6 6.2-10.4 12.2-10.4h16.5c3.6-10.1 9-19.4 15.9-27.4l-8.2-14.3c-3-5.2-1.9-11.9 2.8-15.7 9.5-7.9 20.4-14.2 32.1-18.6 5.7-2.1 12.1.1 15.1 5.4l8.2 14.3c10.5-1.9 21.2-1.9 31.7 0l8.2-14.3c3-5.3 9.4-7.5 15.1-5.4 11.8 4.4 22.6 10.7 32.1 18.6 4.6 3.8 5.8 10.5 2.8 15.7l-8.2 14.3c6.9 8 12.3 17.3 15.9 27.4h16.5c6 0 11.2 4.3 12.2 10.3 2 12 2.1 24.6 0 37.1-1 6-6.2 10.4-12.2 10.4h-16.5c-3.6 10.1-9 19.4-15.9 27.4l8.2 14.3c3 5.2 1.9 11.9-2.8 15.7-9.5 7.9-20.4 14.2-32.1 18.6-5.7 2.1-12.1-.1-15.1-5.4l-8.2-14.3c-10.4 1.9-21.2 1.9-31.7 0zM501.6 431c38.5 29.6 82.4-14.3 52.8-52.8-38.5-29.6-82.4 14.3-52.8 52.8z\"><\/path><\/svg>\t\t\t\t<\/span>\n\t\t\t<\/div>\n\t\t\t\n\t\t\t\t\t\t<div class=\"elementor-icon-box-content\">\n\n\t\t\t\t\n\t\t\t\t\t\t\t\t\t<p class=\"elementor-icon-box-description\">\n\t\t\t\t\t\tRecuerde que el rendimiento de la granizadora est\u00e1 estrechamente ligado\na la correcta preparaci\u00f3n del producto.\t\t\t\t\t<\/p>\n\t\t\t\t\n\t\t\t<\/div>\n\t\t\t\n\t\t<\/div>\n\t\t\t\t\t\t<\/div>\n\t\t\t\t<\/div>\n\t\t\t\t\t<\/div>\n\t\t\t\t<\/div>\n\t\t<div class=\"elementor-element elementor-element-015f4b9 e-flex e-con-boxed e-con e-child\" data-id=\"015f4b9\" data-element_type=\"container\" data-e-type=\"container\">\n\t\t\t\t\t<div class=\"e-con-inner\">\n\t\t\t\t<div class=\"elementor-element elementor-element-2502169 elementor-hidden-desktop elementor-hidden-tablet elementor-hidden-mobile elementor-widget elementor-widget-heading\" data-id=\"2502169\" data-element_type=\"widget\" data-e-type=\"widget\" data-widget_type=\"heading.default\">\n\t\t\t\t<div class=\"elementor-widget-container\">\n\t\t\t\t\t<h2 class=\"elementor-heading-title elementor-size-default\">2.<\/h2>\t\t\t\t<\/div>\n\t\t\t\t<\/div>\n\t\t\t\t<div class=\"elementor-element elementor-element-c833ecc elementor-view-framed elementor-widget__width-initial elementor-shape-circle elementor-position-block-start elementor-mobile-position-block-start elementor-widget elementor-widget-icon-box\" data-id=\"c833ecc\" data-element_type=\"widget\" data-e-type=\"widget\" data-widget_type=\"icon-box.default\">\n\t\t\t\t<div class=\"elementor-widget-container\">\n\t\t\t\t\t\t\t<div class=\"elementor-icon-box-wrapper\">\n\n\t\t\t\t\t\t<div class=\"elementor-icon-box-icon\">\n\t\t\t\t<span  class=\"elementor-icon\">\n\t\t\t\t<svg aria-hidden=\"true\" class=\"e-font-icon-svg e-fas-fill-drip\" viewBox=\"0 0 576 512\" xmlns=\"http:\/\/www.w3.org\/2000\/svg\"><path d=\"M512 320s-64 92.65-64 128c0 35.35 28.66 64 64 64s64-28.65 64-64-64-128-64-128zm-9.37-102.94L294.94 9.37C288.69 3.12 280.5 0 272.31 0s-16.38 3.12-22.62 9.37l-81.58 81.58L81.93 4.76c-6.25-6.25-16.38-6.25-22.62 0L36.69 27.38c-6.24 6.25-6.24 16.38 0 22.62l86.19 86.18-94.76 94.76c-37.49 37.48-37.49 98.26 0 135.75l117.19 117.19c18.74 18.74 43.31 28.12 67.87 28.12 24.57 0 49.13-9.37 67.87-28.12l221.57-221.57c12.5-12.5 12.5-32.75.01-45.25zm-116.22 70.97H65.93c1.36-3.84 3.57-7.98 7.43-11.83l13.15-13.15 81.61-81.61 58.6 58.6c12.49 12.49 32.75 12.49 45.24 0s12.49-32.75 0-45.24l-58.6-58.6 58.95-58.95 162.44 162.44-48.34 48.34z\"><\/path><\/svg>\t\t\t\t<\/span>\n\t\t\t<\/div>\n\t\t\t\n\t\t\t\t\t\t<div class=\"elementor-icon-box-content\">\n\n\t\t\t\t\n\t\t\t\t\t\t\t\t\t<p class=\"elementor-icon-box-description\">\n\t\t\t\t\t\tSiempre se recomienda utilizar \u00fanicamente productos\/concentrados espec\u00edficos\npara la producci\u00f3n de granizado (l\u00edquidos o en polvo).\t\t\t\t\t<\/p>\n\t\t\t\t\n\t\t\t<\/div>\n\t\t\t\n\t\t<\/div>\n\t\t\t\t\t\t<\/div>\n\t\t\t\t<\/div>\n\t\t\t\t\t<\/div>\n\t\t\t\t<\/div>\n\t\t\t\t\t<\/div>\n\t\t\t\t<\/div>\n\t\t<div class=\"elementor-element elementor-element-e6d5a22 e-flex e-con-boxed e-con e-parent\" data-id=\"e6d5a22\" data-element_type=\"container\" data-e-type=\"container\" data-settings=\"{&quot;background_background&quot;:&quot;classic&quot;}\">\n\t\t\t\t\t<div class=\"e-con-inner\">\n\t\t\t\t<div class=\"elementor-element elementor-element-18bb9d3 elementor-widget elementor-widget-heading\" data-id=\"18bb9d3\" data-element_type=\"widget\" data-e-type=\"widget\" data-widget_type=\"heading.default\">\n\t\t\t\t<div class=\"elementor-widget-container\">\n\t\t\t\t\t<h2 class=\"elementor-heading-title elementor-size-default\">Preparaci\u00f3n del producto<\/h2>\t\t\t\t<\/div>\n\t\t\t\t<\/div>\n\t\t\t\t\t<\/div>\n\t\t\t\t<\/div>\n\t\t<div class=\"elementor-element elementor-element-fc37e69 e-flex e-con-boxed e-con e-parent\" data-id=\"fc37e69\" data-element_type=\"container\" data-e-type=\"container\" data-settings=\"{&quot;background_background&quot;:&quot;classic&quot;}\">\n\t\t\t\t\t<div class=\"e-con-inner\">\n\t\t<div class=\"elementor-element elementor-element-069c899 e-flex e-con-boxed e-con e-child\" data-id=\"069c899\" data-element_type=\"container\" data-e-type=\"container\">\n\t\t\t\t\t<div class=\"e-con-inner\">\n\t\t\t\t<div class=\"elementor-element elementor-element-3dfa9d6 elementor-widget elementor-widget-text-editor\" data-id=\"3dfa9d6\" data-element_type=\"widget\" data-e-type=\"widget\" data-widget_type=\"text-editor.default\">\n\t\t\t\t<div class=\"elementor-widget-container\">\n\t\t\t\t\t\t\t\t\t<p>Siempre que sea posible, preenfr\u00ede el producto para que el tiempo necesario para tener el granizado listo para servir sea menor.<\/p>\n\t\t\t\t\t\t\t\t<\/div>\n\t\t\t\t<\/div>\n\t\t\t\t\t<\/div>\n\t\t\t\t<\/div>\n\t\t<div class=\"elementor-element elementor-element-fa0d432 e-flex e-con-boxed e-con e-child\" data-id=\"fa0d432\" data-element_type=\"container\" data-e-type=\"container\">\n\t\t\t\t\t<div class=\"e-con-inner\">\n\t\t\t\t<div class=\"elementor-element elementor-element-3048052 elementor-widget elementor-widget-image\" data-id=\"3048052\" data-element_type=\"widget\" data-e-type=\"widget\" data-widget_type=\"image.default\">\n\t\t\t\t<div class=\"elementor-widget-container\">\n\t\t\t\t\t\t\t\t\t\t\t\t\t\t\t<img fetchpriority=\"high\" decoding=\"async\" width=\"595\" height=\"625\" src=\"https:\/\/cofrimell.com\/wp-content\/uploads\/2024\/02\/refrigerator-1.png\" class=\"attachment-large size-large wp-image-4437\" alt=\"\" srcset=\"https:\/\/cofrimell.com\/wp-content\/uploads\/2024\/02\/refrigerator-1.png 595w, https:\/\/cofrimell.com\/wp-content\/uploads\/2024\/02\/refrigerator-1-286x300.png 286w\" sizes=\"(max-width: 595px) 100vw, 595px\" \/>\t\t\t\t\t\t\t\t\t\t\t\t\t\t\t<\/div>\n\t\t\t\t<\/div>\n\t\t\t\t\t<\/div>\n\t\t\t\t<\/div>\n\t\t\t\t\t<\/div>\n\t\t\t\t<\/div>\n\t\t<div class=\"elementor-element elementor-element-ce0b45a e-flex e-con-boxed e-con e-parent\" data-id=\"ce0b45a\" data-element_type=\"container\" data-e-type=\"container\" data-settings=\"{&quot;background_background&quot;:&quot;classic&quot;}\">\n\t\t\t\t\t<div class=\"e-con-inner\">\n\t\t<div class=\"elementor-element elementor-element-4ec47c4 e-flex e-con-boxed e-con e-child\" data-id=\"4ec47c4\" data-element_type=\"container\" data-e-type=\"container\">\n\t\t\t\t\t<div class=\"e-con-inner\">\n\t\t\t\t<div class=\"elementor-element elementor-element-523dd7a elementor-widget elementor-widget-text-editor\" data-id=\"523dd7a\" data-element_type=\"widget\" data-e-type=\"widget\" data-widget_type=\"text-editor.default\">\n\t\t\t\t<div class=\"elementor-widget-container\">\n\t\t\t\t\t\t\t\t\t<p>En el caso de los concentrados, el concentrado debe premezclarse con agua en un recipiente aparte siguiendo las directrices del fabricante del concentrado para obtener una mezcla homog\u00e9nea. A continuaci\u00f3n, vi\u00e9rtalo en un recipiente adecuado.<\/p>\n\t\t\t\t\t\t\t\t<\/div>\n\t\t\t\t<\/div>\n\t\t\t\t\t<\/div>\n\t\t\t\t<\/div>\n\t\t<div class=\"elementor-element elementor-element-8e5c512 e-flex e-con-boxed e-con e-child\" data-id=\"8e5c512\" data-element_type=\"container\" data-e-type=\"container\">\n\t\t\t\t\t<div class=\"e-con-inner\">\n\t\t\t\t<div class=\"elementor-element elementor-element-b48d5cd elementor-widget elementor-widget-image\" data-id=\"b48d5cd\" data-element_type=\"widget\" data-e-type=\"widget\" data-widget_type=\"image.default\">\n\t\t\t\t<div class=\"elementor-widget-container\">\n\t\t\t\t\t\t\t\t\t\t\t\t\t\t\t<img decoding=\"async\" src=\"https:\/\/cofrimell.com\/wp-content\/uploads\/2024\/02\/secchio-con-miscelazione-numerato-.png\" title=\"secchio-con-miscelazione-numerato-\" alt=\"secchio-con-miscelazione-numerato-\" loading=\"lazy\" \/>\t\t\t\t\t\t\t\t\t\t\t\t\t\t\t<\/div>\n\t\t\t\t<\/div>\n\t\t\t\t\t<\/div>\n\t\t\t\t<\/div>\n\t\t\t\t\t<\/div>\n\t\t\t\t<\/div>\n\t\t<div class=\"elementor-element elementor-element-21b1af4 e-flex e-con-boxed e-con e-parent\" data-id=\"21b1af4\" data-element_type=\"container\" data-e-type=\"container\" data-settings=\"{&quot;background_background&quot;:&quot;classic&quot;}\">\n\t\t\t\t\t<div class=\"e-con-inner\">\n\t\t<div class=\"elementor-element elementor-element-da7a8ba e-flex e-con-boxed e-con e-child\" data-id=\"da7a8ba\" data-element_type=\"container\" data-e-type=\"container\">\n\t\t\t\t\t<div class=\"e-con-inner\">\n\t\t\t\t<div class=\"elementor-element elementor-element-4ef7396 elementor-widget elementor-widget-text-editor\" data-id=\"4ef7396\" data-element_type=\"widget\" data-e-type=\"widget\" data-widget_type=\"text-editor.default\">\n\t\t\t\t<div class=\"elementor-widget-container\">\n\t\t\t\t\t\t\t\t\t<p>Si desea preparar el granizado con su propia receta (casera), es imprescindible respetar una concentraci\u00f3n de az\u00facar de al menos 13 BRIX (en la preparaci\u00f3n).<\/p>\n<p>Para comprobar la concentraci\u00f3n de az\u00facar, utilice un refract\u00f3metro.<\/p>\n\t\t\t\t\t\t\t\t<\/div>\n\t\t\t\t<\/div>\n\t\t\t\t\t<\/div>\n\t\t\t\t<\/div>\n\t\t<div class=\"elementor-element elementor-element-e9f852f e-flex e-con-boxed e-con e-child\" data-id=\"e9f852f\" data-element_type=\"container\" data-e-type=\"container\">\n\t\t\t\t\t<div class=\"e-con-inner\">\n\t\t\t\t<div class=\"elementor-element elementor-element-2a5bf31 elementor-widget elementor-widget-image\" data-id=\"2a5bf31\" data-element_type=\"widget\" data-e-type=\"widget\" data-widget_type=\"image.default\">\n\t\t\t\t<div class=\"elementor-widget-container\">\n\t\t\t\t\t\t\t\t\t\t\t\t\t\t\t<img decoding=\"async\" width=\"525\" height=\"498\" src=\"https:\/\/cofrimell.com\/wp-content\/uploads\/2024\/02\/preparation-3.png\" class=\"attachment-large size-large wp-image-4433\" alt=\"\" srcset=\"https:\/\/cofrimell.com\/wp-content\/uploads\/2024\/02\/preparation-3.png 525w, https:\/\/cofrimell.com\/wp-content\/uploads\/2024\/02\/preparation-3-300x285.png 300w\" sizes=\"(max-width: 525px) 100vw, 525px\" \/>\t\t\t\t\t\t\t\t\t\t\t\t\t\t\t<\/div>\n\t\t\t\t<\/div>\n\t\t\t\t\t<\/div>\n\t\t\t\t<\/div>\n\t\t\t\t\t<\/div>\n\t\t\t\t<\/div>\n\t\t<div class=\"elementor-element elementor-element-ebe84dd e-flex e-con-boxed e-con e-parent\" data-id=\"ebe84dd\" data-element_type=\"container\" data-e-type=\"container\" data-settings=\"{&quot;background_background&quot;:&quot;classic&quot;}\">\n\t\t\t\t\t<div class=\"e-con-inner\">\n\t\t\t\t<div class=\"elementor-element elementor-element-485d6bc elementor-align-center elementor-widget__width-initial elementor-widget elementor-widget-button\" data-id=\"485d6bc\" data-element_type=\"widget\" data-e-type=\"widget\" data-widget_type=\"button.default\">\n\t\t\t\t<div class=\"elementor-widget-container\">\n\t\t\t\t\t\t\t\t\t<div class=\"elementor-button-wrapper\">\n\t\t\t\t\t<a class=\"elementor-button elementor-button-link elementor-size-xl\" href=\"https:\/\/cofrimell.com\/wp-content\/uploads\/2024\/10\/e-book-Cofrimell_V2.pdf\" target=\"_blank\">\n\t\t\t\t\t\t<span class=\"elementor-button-content-wrapper\">\n\t\t\t\t\t\t\t\t\t<span class=\"elementor-button-text\">Descargue aqu\u00ed el libro electr\u00f3nico en ingl\u00e9s<\/span>\n\t\t\t\t\t<\/span>\n\t\t\t\t\t<\/a>\n\t\t\t\t<\/div>\n\t\t\t\t\t\t\t\t<\/div>\n\t\t\t\t<\/div>\n\t\t\t\t\t<\/div>\n\t\t\t\t<\/div>\n\t\t\t\t<\/div>\n\t\t","protected":false},"excerpt":{"rendered":"<p>Consejos importantes sobre el uso de granizadoras Para utilizar correctamente la granizadora, siga los siguientes consejos. 1. Recuerde que el rendimiento de la granizadora est\u00e1 estrechamente ligado a la correcta preparaci\u00f3n del producto. 2. Siempre se recomienda utilizar \u00fanicamente productos\/concentrados espec\u00edficos para la producci\u00f3n de granizado (l\u00edquidos o en polvo). Preparaci\u00f3n del producto Siempre que [&hellip;]<\/p>\n","protected":false},"author":2,"featured_media":3791,"parent":0,"menu_order":0,"comment_status":"closed","ping_status":"closed","template":"","meta":{"footnotes":""},"class_list":["post-4961","page","type-page","status-publish","has-post-thumbnail","hentry"],"yoast_head":"<!-- This site is optimized with the Yoast SEO plugin v27.4 - https:\/\/yoast.com\/product\/yoast-seo-wordpress\/ -->\n<title>Consejos importantes - Cofrimell<\/title>\n<meta name=\"description\" content=\"CONSEJOS IMPORTANTES PARA LA UTILIZACI\u00d3N DE LA GRANIZADORA COFRIMELL Para una utilizaci\u00f3n correcta de la granizadora, siga los consejos siguientes.\" \/>\n<meta name=\"robots\" content=\"index, follow, max-snippet:-1, max-image-preview:large, max-video-preview:-1\" \/>\n<link rel=\"canonical\" href=\"https:\/\/cofrimell.com\/es\/consejos-importantes\/\" \/>\n<meta property=\"og:locale\" content=\"es_ES\" \/>\n<meta property=\"og:type\" content=\"article\" \/>\n<meta property=\"og:title\" content=\"Cofrimell | Slush Machines | Consejos importantes\" \/>\n<meta property=\"og:description\" content=\"CONSEJOS IMPORTANTES PARA LA UTILIZACI\u00d3N DE LA GRANIZADORA COFRIMELL Para una utilizaci\u00f3n correcta de la granizadora, siga los consejos siguientes.\" \/>\n<meta property=\"og:url\" content=\"https:\/\/cofrimell.com\/es\/consejos-importantes\/\" \/>\n<meta property=\"og:site_name\" content=\"Cofrimell\" \/>\n<meta property=\"article:modified_time\" content=\"2024-10-09T09:35:52+00:00\" \/>\n<meta property=\"og:image\" content=\"https:\/\/cofrimell.com\/wp-content\/uploads\/2024\/02\/cofrimell-slush-machines.jpg\" \/>\n<meta name=\"twitter:card\" content=\"summary_large_image\" \/>\n<meta name=\"twitter:label1\" content=\"Tiempo de lectura\" \/>\n\t<meta name=\"twitter:data1\" content=\"2 minutos\" \/>\n<script type=\"application\/ld+json\" class=\"yoast-schema-graph\">{\"@context\":\"https:\\\/\\\/schema.org\",\"@graph\":[{\"@type\":\"WebPage\",\"@id\":\"https:\\\/\\\/cofrimell.com\\\/es\\\/consejos-importantes\\\/\",\"url\":\"https:\\\/\\\/cofrimell.com\\\/es\\\/consejos-importantes\\\/\",\"name\":\"Consejos importantes - Cofrimell\",\"isPartOf\":{\"@id\":\"https:\\\/\\\/cofrimell.com\\\/es\\\/#website\"},\"primaryImageOfPage\":{\"@id\":\"https:\\\/\\\/cofrimell.com\\\/es\\\/consejos-importantes\\\/#primaryimage\"},\"image\":{\"@id\":\"https:\\\/\\\/cofrimell.com\\\/es\\\/consejos-importantes\\\/#primaryimage\"},\"thumbnailUrl\":\"https:\\\/\\\/cofrimell.com\\\/wp-content\\\/uploads\\\/2024\\\/02\\\/cofrimell-slush-machines.jpg\",\"datePublished\":\"2024-01-25T09:23:29+00:00\",\"dateModified\":\"2024-10-09T09:35:52+00:00\",\"description\":\"CONSEJOS IMPORTANTES PARA LA UTILIZACI\u00d3N DE LA GRANIZADORA COFRIMELL Para una utilizaci\u00f3n correcta de la granizadora, siga los consejos siguientes.\",\"breadcrumb\":{\"@id\":\"https:\\\/\\\/cofrimell.com\\\/es\\\/consejos-importantes\\\/#breadcrumb\"},\"inLanguage\":\"es\",\"potentialAction\":[{\"@type\":\"ReadAction\",\"target\":[\"https:\\\/\\\/cofrimell.com\\\/es\\\/consejos-importantes\\\/\"]}]},{\"@type\":\"ImageObject\",\"inLanguage\":\"es\",\"@id\":\"https:\\\/\\\/cofrimell.com\\\/es\\\/consejos-importantes\\\/#primaryimage\",\"url\":\"https:\\\/\\\/cofrimell.com\\\/wp-content\\\/uploads\\\/2024\\\/02\\\/cofrimell-slush-machines.jpg\",\"contentUrl\":\"https:\\\/\\\/cofrimell.com\\\/wp-content\\\/uploads\\\/2024\\\/02\\\/cofrimell-slush-machines.jpg\",\"width\":500,\"height\":403},{\"@type\":\"BreadcrumbList\",\"@id\":\"https:\\\/\\\/cofrimell.com\\\/es\\\/consejos-importantes\\\/#breadcrumb\",\"itemListElement\":[{\"@type\":\"ListItem\",\"position\":1,\"name\":\"Home\",\"item\":\"https:\\\/\\\/cofrimell.com\\\/es\\\/\"},{\"@type\":\"ListItem\",\"position\":2,\"name\":\"Consejos importantes\"}]},{\"@type\":\"WebSite\",\"@id\":\"https:\\\/\\\/cofrimell.com\\\/es\\\/#website\",\"url\":\"https:\\\/\\\/cofrimell.com\\\/es\\\/\",\"name\":\"Cofrimell\",\"description\":\"\",\"publisher\":{\"@id\":\"https:\\\/\\\/cofrimell.com\\\/es\\\/#organization\"},\"potentialAction\":[{\"@type\":\"SearchAction\",\"target\":{\"@type\":\"EntryPoint\",\"urlTemplate\":\"https:\\\/\\\/cofrimell.com\\\/es\\\/?s={search_term_string}\"},\"query-input\":{\"@type\":\"PropertyValueSpecification\",\"valueRequired\":true,\"valueName\":\"search_term_string\"}}],\"inLanguage\":\"es\"},{\"@type\":\"Organization\",\"@id\":\"https:\\\/\\\/cofrimell.com\\\/es\\\/#organization\",\"name\":\"Cofrimell\",\"url\":\"https:\\\/\\\/cofrimell.com\\\/es\\\/\",\"logo\":{\"@type\":\"ImageObject\",\"inLanguage\":\"es\",\"@id\":\"https:\\\/\\\/cofrimell.com\\\/es\\\/#\\\/schema\\\/logo\\\/image\\\/\",\"url\":\"https:\\\/\\\/cofrimell.com\\\/wp-content\\\/uploads\\\/2023\\\/11\\\/logo-cofrimell.png\",\"contentUrl\":\"https:\\\/\\\/cofrimell.com\\\/wp-content\\\/uploads\\\/2023\\\/11\\\/logo-cofrimell.png\",\"width\":804,\"height\":453,\"caption\":\"Cofrimell\"},\"image\":{\"@id\":\"https:\\\/\\\/cofrimell.com\\\/es\\\/#\\\/schema\\\/logo\\\/image\\\/\"}}]}<\/script>\n<!-- \/ Yoast SEO plugin. -->","yoast_head_json":{"title":"Consejos importantes - Cofrimell","description":"CONSEJOS IMPORTANTES PARA LA UTILIZACI\u00d3N DE LA GRANIZADORA COFRIMELL Para una utilizaci\u00f3n correcta de la granizadora, siga los consejos siguientes.","robots":{"index":"index","follow":"follow","max-snippet":"max-snippet:-1","max-image-preview":"max-image-preview:large","max-video-preview":"max-video-preview:-1"},"canonical":"https:\/\/cofrimell.com\/es\/consejos-importantes\/","og_locale":"es_ES","og_type":"article","og_title":"Cofrimell | Slush Machines | Consejos importantes","og_description":"CONSEJOS IMPORTANTES PARA LA UTILIZACI\u00d3N DE LA GRANIZADORA COFRIMELL Para una utilizaci\u00f3n correcta de la granizadora, siga los consejos siguientes.","og_url":"https:\/\/cofrimell.com\/es\/consejos-importantes\/","og_site_name":"Cofrimell","article_modified_time":"2024-10-09T09:35:52+00:00","og_image":[{"url":"https:\/\/cofrimell.com\/wp-content\/uploads\/2024\/02\/cofrimell-slush-machines.jpg","type":"","width":"","height":""}],"twitter_card":"summary_large_image","twitter_misc":{"Tiempo de lectura":"2 minutos"},"schema":{"@context":"https:\/\/schema.org","@graph":[{"@type":"WebPage","@id":"https:\/\/cofrimell.com\/es\/consejos-importantes\/","url":"https:\/\/cofrimell.com\/es\/consejos-importantes\/","name":"Consejos importantes - Cofrimell","isPartOf":{"@id":"https:\/\/cofrimell.com\/es\/#website"},"primaryImageOfPage":{"@id":"https:\/\/cofrimell.com\/es\/consejos-importantes\/#primaryimage"},"image":{"@id":"https:\/\/cofrimell.com\/es\/consejos-importantes\/#primaryimage"},"thumbnailUrl":"https:\/\/cofrimell.com\/wp-content\/uploads\/2024\/02\/cofrimell-slush-machines.jpg","datePublished":"2024-01-25T09:23:29+00:00","dateModified":"2024-10-09T09:35:52+00:00","description":"CONSEJOS IMPORTANTES PARA LA UTILIZACI\u00d3N DE LA GRANIZADORA COFRIMELL Para una utilizaci\u00f3n correcta de la granizadora, siga los consejos siguientes.","breadcrumb":{"@id":"https:\/\/cofrimell.com\/es\/consejos-importantes\/#breadcrumb"},"inLanguage":"es","potentialAction":[{"@type":"ReadAction","target":["https:\/\/cofrimell.com\/es\/consejos-importantes\/"]}]},{"@type":"ImageObject","inLanguage":"es","@id":"https:\/\/cofrimell.com\/es\/consejos-importantes\/#primaryimage","url":"https:\/\/cofrimell.com\/wp-content\/uploads\/2024\/02\/cofrimell-slush-machines.jpg","contentUrl":"https:\/\/cofrimell.com\/wp-content\/uploads\/2024\/02\/cofrimell-slush-machines.jpg","width":500,"height":403},{"@type":"BreadcrumbList","@id":"https:\/\/cofrimell.com\/es\/consejos-importantes\/#breadcrumb","itemListElement":[{"@type":"ListItem","position":1,"name":"Home","item":"https:\/\/cofrimell.com\/es\/"},{"@type":"ListItem","position":2,"name":"Consejos importantes"}]},{"@type":"WebSite","@id":"https:\/\/cofrimell.com\/es\/#website","url":"https:\/\/cofrimell.com\/es\/","name":"Cofrimell","description":"","publisher":{"@id":"https:\/\/cofrimell.com\/es\/#organization"},"potentialAction":[{"@type":"SearchAction","target":{"@type":"EntryPoint","urlTemplate":"https:\/\/cofrimell.com\/es\/?s={search_term_string}"},"query-input":{"@type":"PropertyValueSpecification","valueRequired":true,"valueName":"search_term_string"}}],"inLanguage":"es"},{"@type":"Organization","@id":"https:\/\/cofrimell.com\/es\/#organization","name":"Cofrimell","url":"https:\/\/cofrimell.com\/es\/","logo":{"@type":"ImageObject","inLanguage":"es","@id":"https:\/\/cofrimell.com\/es\/#\/schema\/logo\/image\/","url":"https:\/\/cofrimell.com\/wp-content\/uploads\/2023\/11\/logo-cofrimell.png","contentUrl":"https:\/\/cofrimell.com\/wp-content\/uploads\/2023\/11\/logo-cofrimell.png","width":804,"height":453,"caption":"Cofrimell"},"image":{"@id":"https:\/\/cofrimell.com\/es\/#\/schema\/logo\/image\/"}}]}},"_links":{"self":[{"href":"https:\/\/cofrimell.com\/es\/wp-json\/wp\/v2\/pages\/4961","targetHints":{"allow":["GET"]}}],"collection":[{"href":"https:\/\/cofrimell.com\/es\/wp-json\/wp\/v2\/pages"}],"about":[{"href":"https:\/\/cofrimell.com\/es\/wp-json\/wp\/v2\/types\/page"}],"author":[{"embeddable":true,"href":"https:\/\/cofrimell.com\/es\/wp-json\/wp\/v2\/users\/2"}],"replies":[{"embeddable":true,"href":"https:\/\/cofrimell.com\/es\/wp-json\/wp\/v2\/comments?post=4961"}],"version-history":[{"count":6,"href":"https:\/\/cofrimell.com\/es\/wp-json\/wp\/v2\/pages\/4961\/revisions"}],"predecessor-version":[{"id":6143,"href":"https:\/\/cofrimell.com\/es\/wp-json\/wp\/v2\/pages\/4961\/revisions\/6143"}],"wp:featuredmedia":[{"embeddable":true,"href":"https:\/\/cofrimell.com\/es\/wp-json\/wp\/v2\/media\/3791"}],"wp:attachment":[{"href":"https:\/\/cofrimell.com\/es\/wp-json\/wp\/v2\/media?parent=4961"}],"curies":[{"name":"wp","href":"https:\/\/api.w.org\/{rel}","templated":true}]}}