{"id":4981,"date":"2023-12-05T16:20:56","date_gmt":"2023-12-05T16:20:56","guid":{"rendered":"https:\/\/cofrimell.com\/productos\/"},"modified":"2024-02-27T09:50:27","modified_gmt":"2024-02-27T09:50:27","slug":"productos","status":"publish","type":"page","link":"https:\/\/cofrimell.com\/es\/productos\/","title":{"rendered":"Productos"},"content":{"rendered":"\t\t<div data-elementor-type=\"wp-page\" data-elementor-id=\"4981\" class=\"elementor elementor-4981 elementor-1575\" data-elementor-post-type=\"page\">\n\t\t\t\t<div class=\"elementor-element elementor-element-06a7d72 e-flex e-con-boxed e-con e-parent\" data-id=\"06a7d72\" data-element_type=\"container\" data-e-type=\"container\">\n\t\t\t\t\t<div class=\"e-con-inner\">\n\t\t<div class=\"elementor-element elementor-element-1ea9b58 e-flex e-con-boxed elementor-invisible e-con e-child\" data-id=\"1ea9b58\" data-element_type=\"container\" data-e-type=\"container\" data-settings=\"{&quot;background_background&quot;:&quot;classic&quot;,&quot;animation&quot;:&quot;fadeInUp&quot;}\">\n\t\t\t\t\t<div class=\"e-con-inner\">\n\t\t\t\t<div class=\"elementor-element elementor-element-471e170 elementor-widget elementor-widget-heading\" data-id=\"471e170\" data-element_type=\"widget\" data-e-type=\"widget\" data-widget_type=\"heading.default\">\n\t\t\t\t<div class=\"elementor-widget-container\">\n\t\t\t\t\t<h2 class=\"elementor-heading-title elementor-size-default\">Nuestra gama de productos<\/h2>\t\t\t\t<\/div>\n\t\t\t\t<\/div>\n\t\t\t\t\t<\/div>\n\t\t\t\t<\/div>\n\t\t\t\t\t<\/div>\n\t\t\t\t<\/div>\n\t\t<div class=\"elementor-element elementor-element-6c7c30b e-con-full elementor-hidden-desktop e-flex e-con e-parent\" data-id=\"6c7c30b\" data-element_type=\"container\" data-e-type=\"container\">\n\t\t<div class=\"elementor-element elementor-element-bfbfeb3 e-con-full e-flex e-con e-child\" data-id=\"bfbfeb3\" data-element_type=\"container\" data-e-type=\"container\" data-settings=\"{&quot;background_background&quot;:&quot;classic&quot;}\">\n\t\t<div class=\"elementor-element elementor-element-586e0f1 e-flex e-con-boxed e-con e-child\" data-id=\"586e0f1\" data-element_type=\"container\" data-e-type=\"container\" data-settings=\"{&quot;background_background&quot;:&quot;classic&quot;}\">\n\t\t\t\t\t<div class=\"e-con-inner\">\n\t\t\t\t<div class=\"elementor-element elementor-element-77fc132 elementor-widget__width-initial elementor-widget elementor-widget-heading\" data-id=\"77fc132\" data-element_type=\"widget\" data-e-type=\"widget\" data-widget_type=\"heading.default\">\n\t\t\t\t<div class=\"elementor-widget-container\">\n\t\t\t\t\t<h2 class=\"elementor-heading-title elementor-size-default\">Slush \n<br>Machine<\/h2>\t\t\t\t<\/div>\n\t\t\t\t<\/div>\n\t\t\t\t<div class=\"elementor-element elementor-element-cab7bf4 elementor-widget elementor-widget-text-editor\" data-id=\"cab7bf4\" data-element_type=\"widget\" data-e-type=\"widget\" data-widget_type=\"text-editor.default\">\n\t\t\t\t<div class=\"elementor-widget-container\">\n\t\t\t\t\t\t\t\t\t<p>Tecnolog\u00eda <br \/>italiana <br \/>para el sabor <br \/>al alcance de la mano<\/p>\n\t\t\t\t\t\t\t\t<\/div>\n\t\t\t\t<\/div>\n\t\t\t\t<div class=\"elementor-element elementor-element-070ce73 elementor-align-left elementor-widget__width-initial elementor-widget elementor-widget-button\" data-id=\"070ce73\" data-element_type=\"widget\" data-e-type=\"widget\" data-widget_type=\"button.default\">\n\t\t\t\t<div class=\"elementor-widget-container\">\n\t\t\t\t\t\t\t\t\t<div class=\"elementor-button-wrapper\">\n\t\t\t\t\t<a class=\"elementor-button elementor-button-link elementor-size-sm\" href=\"https:\/\/cofrimell.com\/es\/slush-machines\/\">\n\t\t\t\t\t\t<span class=\"elementor-button-content-wrapper\">\n\t\t\t\t\t\t\t\t\t<span class=\"elementor-button-text\">M\u00e1s detalles &gt;&gt;<\/span>\n\t\t\t\t\t<\/span>\n\t\t\t\t\t<\/a>\n\t\t\t\t<\/div>\n\t\t\t\t\t\t\t\t<\/div>\n\t\t\t\t<\/div>\n\t\t\t\t\t<\/div>\n\t\t\t\t<\/div>\n\t\t\t\t<\/div>\n\t\t<div class=\"elementor-element elementor-element-dd6ba02 e-con-full e-flex e-con e-child\" data-id=\"dd6ba02\" data-element_type=\"container\" data-e-type=\"container\" data-settings=\"{&quot;background_background&quot;:&quot;classic&quot;}\">\n\t\t<div class=\"elementor-element elementor-element-d2b5461 e-flex e-con-boxed e-con e-child\" data-id=\"d2b5461\" data-element_type=\"container\" data-e-type=\"container\" data-settings=\"{&quot;background_background&quot;:&quot;classic&quot;}\">\n\t\t\t\t\t<div class=\"e-con-inner\">\n\t\t\t\t<div class=\"elementor-element elementor-element-a2a9015 elementor-widget__width-initial elementor-widget elementor-widget-heading\" data-id=\"a2a9015\" data-element_type=\"widget\" data-e-type=\"widget\" data-widget_type=\"heading.default\">\n\t\t\t\t<div class=\"elementor-widget-container\">\n\t\t\t\t\t<h2 class=\"elementor-heading-title elementor-size-default\">Drink\n<br>Dispenser<\/h2>\t\t\t\t<\/div>\n\t\t\t\t<\/div>\n\t\t\t\t<div class=\"elementor-element elementor-element-329a488 elementor-widget elementor-widget-text-editor\" data-id=\"329a488\" data-element_type=\"widget\" data-e-type=\"widget\" data-widget_type=\"text-editor.default\">\n\t\t\t\t<div class=\"elementor-widget-container\">\n\t\t\t\t\t\t\t\t\t<p>Hecho en Italia<br \/>para ofrecer <br \/>lo mejor <br \/>del sabor <\/p>\n\t\t\t\t\t\t\t\t<\/div>\n\t\t\t\t<\/div>\n\t\t\t\t<div class=\"elementor-element elementor-element-0948ad3 elementor-align-left elementor-widget__width-initial elementor-widget elementor-widget-button\" data-id=\"0948ad3\" data-element_type=\"widget\" data-e-type=\"widget\" data-widget_type=\"button.default\">\n\t\t\t\t<div class=\"elementor-widget-container\">\n\t\t\t\t\t\t\t\t\t<div class=\"elementor-button-wrapper\">\n\t\t\t\t\t<a class=\"elementor-button elementor-button-link elementor-size-sm\" href=\"https:\/\/cofrimell.com\/es\/drink-dispenser\/\">\n\t\t\t\t\t\t<span class=\"elementor-button-content-wrapper\">\n\t\t\t\t\t\t\t\t\t<span class=\"elementor-button-text\">M\u00e1s detalles &gt;&gt;<\/span>\n\t\t\t\t\t<\/span>\n\t\t\t\t\t<\/a>\n\t\t\t\t<\/div>\n\t\t\t\t\t\t\t\t<\/div>\n\t\t\t\t<\/div>\n\t\t\t\t\t<\/div>\n\t\t\t\t<\/div>\n\t\t\t\t<\/div>\n\t\t\t\t<\/div>\n\t\t<div class=\"elementor-element elementor-element-febe8d6 e-con-full elementor-hidden-tablet elementor-hidden-mobile e-flex e-con e-parent\" data-id=\"febe8d6\" data-element_type=\"container\" data-e-type=\"container\">\n\t\t<div class=\"elementor-element elementor-element-0340e82 e-con-full e-flex e-con e-child\" data-id=\"0340e82\" data-element_type=\"container\" data-e-type=\"container\" data-settings=\"{&quot;background_background&quot;:&quot;classic&quot;}\">\n\t\t<div class=\"elementor-element elementor-element-3aa25f8 e-flex e-con-boxed e-con e-child\" data-id=\"3aa25f8\" data-element_type=\"container\" data-e-type=\"container\" data-settings=\"{&quot;background_background&quot;:&quot;classic&quot;}\">\n\t\t\t\t\t<div class=\"e-con-inner\">\n\t\t<div class=\"elementor-element elementor-element-0069907 e-flex e-con-boxed e-con e-child\" data-id=\"0069907\" data-element_type=\"container\" data-e-type=\"container\">\n\t\t\t\t\t<div class=\"e-con-inner\">\n\t\t\t\t<div class=\"elementor-element elementor-element-f384b99 elementor-widget__width-initial elementor-widget elementor-widget-heading\" data-id=\"f384b99\" data-element_type=\"widget\" data-e-type=\"widget\" data-widget_type=\"heading.default\">\n\t\t\t\t<div class=\"elementor-widget-container\">\n\t\t\t\t\t<h2 class=\"elementor-heading-title elementor-size-default\">Slush \n<br>Machine<\/h2>\t\t\t\t<\/div>\n\t\t\t\t<\/div>\n\t\t\t\t<div class=\"elementor-element elementor-element-17af9dc elementor-widget elementor-widget-text-editor\" data-id=\"17af9dc\" data-element_type=\"widget\" data-e-type=\"widget\" data-widget_type=\"text-editor.default\">\n\t\t\t\t<div class=\"elementor-widget-container\">\n\t\t\t\t\t\t\t\t\t<p>Tecnolog\u00eda <br \/>italiana <br \/>para el sabor <br \/>al alcance de la mano<\/p>\n\t\t\t\t\t\t\t\t<\/div>\n\t\t\t\t<\/div>\n\t\t\t\t<div class=\"elementor-element elementor-element-8964570 elementor-align-left elementor-widget__width-initial elementor-widget elementor-widget-button\" data-id=\"8964570\" data-element_type=\"widget\" data-e-type=\"widget\" data-widget_type=\"button.default\">\n\t\t\t\t<div class=\"elementor-widget-container\">\n\t\t\t\t\t\t\t\t\t<div class=\"elementor-button-wrapper\">\n\t\t\t\t\t<a class=\"elementor-button elementor-button-link elementor-size-sm\" href=\"https:\/\/cofrimell.com\/es\/slush-machines\/\">\n\t\t\t\t\t\t<span class=\"elementor-button-content-wrapper\">\n\t\t\t\t\t\t\t\t\t<span class=\"elementor-button-text\">M\u00e1s detalles &gt;&gt;<\/span>\n\t\t\t\t\t<\/span>\n\t\t\t\t\t<\/a>\n\t\t\t\t<\/div>\n\t\t\t\t\t\t\t\t<\/div>\n\t\t\t\t<\/div>\n\t\t\t\t\t<\/div>\n\t\t\t\t<\/div>\n\t\t\t\t\t<\/div>\n\t\t\t\t<\/div>\n\t\t\t\t<\/div>\n\t\t<div class=\"elementor-element elementor-element-062f692 e-con-full e-flex e-con e-child\" data-id=\"062f692\" data-element_type=\"container\" data-e-type=\"container\" data-settings=\"{&quot;background_background&quot;:&quot;classic&quot;}\">\n\t\t<div class=\"elementor-element elementor-element-2d3f614 e-flex e-con-boxed e-con e-child\" data-id=\"2d3f614\" data-element_type=\"container\" data-e-type=\"container\" data-settings=\"{&quot;background_background&quot;:&quot;classic&quot;}\">\n\t\t\t\t\t<div class=\"e-con-inner\">\n\t\t<div class=\"elementor-element elementor-element-d825e5e e-flex e-con-boxed e-con e-child\" data-id=\"d825e5e\" data-element_type=\"container\" data-e-type=\"container\">\n\t\t\t\t\t<div class=\"e-con-inner\">\n\t\t\t\t<div class=\"elementor-element elementor-element-f955e41 elementor-widget__width-initial elementor-widget elementor-widget-heading\" data-id=\"f955e41\" data-element_type=\"widget\" data-e-type=\"widget\" data-widget_type=\"heading.default\">\n\t\t\t\t<div class=\"elementor-widget-container\">\n\t\t\t\t\t<h2 class=\"elementor-heading-title elementor-size-default\">Drink\n<br>Dispenser<\/h2>\t\t\t\t<\/div>\n\t\t\t\t<\/div>\n\t\t\t\t<div class=\"elementor-element elementor-element-ca3191d elementor-widget elementor-widget-text-editor\" data-id=\"ca3191d\" data-element_type=\"widget\" data-e-type=\"widget\" data-widget_type=\"text-editor.default\">\n\t\t\t\t<div class=\"elementor-widget-container\">\n\t\t\t\t\t\t\t\t\t<p>Hecho en Italia<br \/>para ofrecer <br \/>lo mejor <br \/>del sabor <\/p>\n\t\t\t\t\t\t\t\t<\/div>\n\t\t\t\t<\/div>\n\t\t\t\t<div class=\"elementor-element elementor-element-8a11577 elementor-align-left elementor-widget__width-initial elementor-widget elementor-widget-button\" data-id=\"8a11577\" data-element_type=\"widget\" data-e-type=\"widget\" data-widget_type=\"button.default\">\n\t\t\t\t<div class=\"elementor-widget-container\">\n\t\t\t\t\t\t\t\t\t<div class=\"elementor-button-wrapper\">\n\t\t\t\t\t<a class=\"elementor-button elementor-button-link elementor-size-sm\" href=\"https:\/\/cofrimell.com\/es\/drink-dispenser\/\">\n\t\t\t\t\t\t<span class=\"elementor-button-content-wrapper\">\n\t\t\t\t\t\t\t\t\t<span class=\"elementor-button-text\">M\u00e1s detalles &gt;&gt;<\/span>\n\t\t\t\t\t<\/span>\n\t\t\t\t\t<\/a>\n\t\t\t\t<\/div>\n\t\t\t\t\t\t\t\t<\/div>\n\t\t\t\t<\/div>\n\t\t\t\t\t<\/div>\n\t\t\t\t<\/div>\n\t\t\t\t\t<\/div>\n\t\t\t\t<\/div>\n\t\t\t\t<\/div>\n\t\t\t\t<\/div>\n\t\t<div class=\"elementor-element elementor-element-b1c54a3 e-con-full e-flex e-con e-parent\" data-id=\"b1c54a3\" data-element_type=\"container\" data-e-type=\"container\">\n\t\t\t\t<div class=\"elementor-element elementor-element-01715d0 elementor-widget__width-inherit elementor-widget elementor-widget-google_maps\" data-id=\"01715d0\" data-element_type=\"widget\" data-e-type=\"widget\" data-widget_type=\"google_maps.default\">\n\t\t\t\t<div class=\"elementor-widget-container\">\n\t\t\t\t\t\t\t<div class=\"elementor-custom-embed\">\n\t\t\t<iframe loading=\"lazy\"\n\t\t\t\t\tsrc=\"https:\/\/maps.google.com\/maps?q=Cofrimell%2C%20Via%20delle%20Monachelle%2C%2066b%2C%2000071%20Pomezia%20RM&#038;t=m&#038;z=10&#038;output=embed&#038;iwloc=near\"\n\t\t\t\t\ttitle=\"Cofrimell, Via delle Monachelle, 66b, 00071 Pomezia RM\"\n\t\t\t\t\taria-label=\"Cofrimell, Via delle Monachelle, 66b, 00071 Pomezia RM\"\n\t\t\t><\/iframe>\n\t\t<\/div>\n\t\t\t\t\t\t<\/div>\n\t\t\t\t<\/div>\n\t\t\t\t<\/div>\n\t\t\t\t<\/div>\n\t\t","protected":false},"excerpt":{"rendered":"<p>Nuestra gama de productos Slush Machine Tecnolog\u00eda italiana para el sabor al alcance de la mano M\u00e1s detalles &gt;&gt; Drink Dispenser Hecho en Italiapara ofrecer lo mejor del sabor M\u00e1s detalles &gt;&gt; Slush Machine Tecnolog\u00eda italiana para el sabor al alcance de la mano M\u00e1s detalles &gt;&gt; Drink Dispenser Hecho en Italiapara ofrecer lo mejor [&hellip;]<\/p>\n","protected":false},"author":2,"featured_media":3784,"parent":0,"menu_order":0,"comment_status":"closed","ping_status":"closed","template":"","meta":{"footnotes":""},"class_list":["post-4981","page","type-page","status-publish","has-post-thumbnail","hentry"],"yoast_head":"<!-- This site is optimized with the Yoast SEO plugin v27.4 - https:\/\/yoast.com\/product\/yoast-seo-wordpress\/ -->\n<title>Productos - Cofrimell<\/title>\n<meta name=\"description\" content=\"Granizadoras y dispensadores de bebidas para disfrutar del sabor al alcance de la mano. Producto oficial Cofrimell Fabricado en Italia para ofrecer el mejor sabor.\" \/>\n<meta name=\"robots\" content=\"index, follow, max-snippet:-1, max-image-preview:large, max-video-preview:-1\" \/>\n<link rel=\"canonical\" href=\"https:\/\/cofrimell.com\/es\/productos\/\" \/>\n<meta property=\"og:locale\" content=\"es_ES\" \/>\n<meta property=\"og:type\" content=\"article\" \/>\n<meta property=\"og:title\" content=\"Cofrimell | Slush Machine e Drink Dispenser\" \/>\n<meta property=\"og:description\" content=\"Granizadoras y dispensadores de bebidas para disfrutar del sabor al alcance de la mano. Producto oficial Cofrimell Fabricado en Italia para ofrecer el mejor sabor.\" \/>\n<meta property=\"og:url\" content=\"https:\/\/cofrimell.com\/es\/productos\/\" \/>\n<meta property=\"og:site_name\" content=\"Cofrimell\" \/>\n<meta property=\"article:modified_time\" content=\"2024-02-27T09:50:27+00:00\" \/>\n<meta property=\"og:image\" content=\"https:\/\/cofrimell.com\/wp-content\/uploads\/2024\/02\/drink-dispenser-cofrimell.jpg\" \/>\n<meta name=\"twitter:card\" content=\"summary_large_image\" \/>\n<meta name=\"twitter:label1\" content=\"Tiempo de lectura\" \/>\n\t<meta name=\"twitter:data1\" content=\"1 minuto\" \/>\n<script type=\"application\/ld+json\" class=\"yoast-schema-graph\">{\"@context\":\"https:\\\/\\\/schema.org\",\"@graph\":[{\"@type\":\"WebPage\",\"@id\":\"https:\\\/\\\/cofrimell.com\\\/es\\\/productos\\\/\",\"url\":\"https:\\\/\\\/cofrimell.com\\\/es\\\/productos\\\/\",\"name\":\"Productos - Cofrimell\",\"isPartOf\":{\"@id\":\"https:\\\/\\\/cofrimell.com\\\/es\\\/#website\"},\"primaryImageOfPage\":{\"@id\":\"https:\\\/\\\/cofrimell.com\\\/es\\\/productos\\\/#primaryimage\"},\"image\":{\"@id\":\"https:\\\/\\\/cofrimell.com\\\/es\\\/productos\\\/#primaryimage\"},\"thumbnailUrl\":\"https:\\\/\\\/cofrimell.com\\\/wp-content\\\/uploads\\\/2024\\\/02\\\/drink-dispenser-cofrimell.jpg\",\"datePublished\":\"2023-12-05T16:20:56+00:00\",\"dateModified\":\"2024-02-27T09:50:27+00:00\",\"description\":\"Granizadoras y dispensadores de bebidas para disfrutar del sabor al alcance de la mano. Producto oficial Cofrimell Fabricado en Italia para ofrecer el mejor sabor.\",\"breadcrumb\":{\"@id\":\"https:\\\/\\\/cofrimell.com\\\/es\\\/productos\\\/#breadcrumb\"},\"inLanguage\":\"es\",\"potentialAction\":[{\"@type\":\"ReadAction\",\"target\":[\"https:\\\/\\\/cofrimell.com\\\/es\\\/productos\\\/\"]}]},{\"@type\":\"ImageObject\",\"inLanguage\":\"es\",\"@id\":\"https:\\\/\\\/cofrimell.com\\\/es\\\/productos\\\/#primaryimage\",\"url\":\"https:\\\/\\\/cofrimell.com\\\/wp-content\\\/uploads\\\/2024\\\/02\\\/drink-dispenser-cofrimell.jpg\",\"contentUrl\":\"https:\\\/\\\/cofrimell.com\\\/wp-content\\\/uploads\\\/2024\\\/02\\\/drink-dispenser-cofrimell.jpg\",\"width\":800,\"height\":645},{\"@type\":\"BreadcrumbList\",\"@id\":\"https:\\\/\\\/cofrimell.com\\\/es\\\/productos\\\/#breadcrumb\",\"itemListElement\":[{\"@type\":\"ListItem\",\"position\":1,\"name\":\"Home\",\"item\":\"https:\\\/\\\/cofrimell.com\\\/es\\\/\"},{\"@type\":\"ListItem\",\"position\":2,\"name\":\"Productos\"}]},{\"@type\":\"WebSite\",\"@id\":\"https:\\\/\\\/cofrimell.com\\\/es\\\/#website\",\"url\":\"https:\\\/\\\/cofrimell.com\\\/es\\\/\",\"name\":\"Cofrimell\",\"description\":\"\",\"publisher\":{\"@id\":\"https:\\\/\\\/cofrimell.com\\\/es\\\/#organization\"},\"potentialAction\":[{\"@type\":\"SearchAction\",\"target\":{\"@type\":\"EntryPoint\",\"urlTemplate\":\"https:\\\/\\\/cofrimell.com\\\/es\\\/?s={search_term_string}\"},\"query-input\":{\"@type\":\"PropertyValueSpecification\",\"valueRequired\":true,\"valueName\":\"search_term_string\"}}],\"inLanguage\":\"es\"},{\"@type\":\"Organization\",\"@id\":\"https:\\\/\\\/cofrimell.com\\\/es\\\/#organization\",\"name\":\"Cofrimell\",\"url\":\"https:\\\/\\\/cofrimell.com\\\/es\\\/\",\"logo\":{\"@type\":\"ImageObject\",\"inLanguage\":\"es\",\"@id\":\"https:\\\/\\\/cofrimell.com\\\/es\\\/#\\\/schema\\\/logo\\\/image\\\/\",\"url\":\"https:\\\/\\\/cofrimell.com\\\/wp-content\\\/uploads\\\/2023\\\/11\\\/logo-cofrimell.png\",\"contentUrl\":\"https:\\\/\\\/cofrimell.com\\\/wp-content\\\/uploads\\\/2023\\\/11\\\/logo-cofrimell.png\",\"width\":804,\"height\":453,\"caption\":\"Cofrimell\"},\"image\":{\"@id\":\"https:\\\/\\\/cofrimell.com\\\/es\\\/#\\\/schema\\\/logo\\\/image\\\/\"}}]}<\/script>\n<!-- \/ Yoast SEO plugin. -->","yoast_head_json":{"title":"Productos - Cofrimell","description":"Granizadoras y dispensadores de bebidas para disfrutar del sabor al alcance de la mano. Producto oficial Cofrimell Fabricado en Italia para ofrecer el mejor sabor.","robots":{"index":"index","follow":"follow","max-snippet":"max-snippet:-1","max-image-preview":"max-image-preview:large","max-video-preview":"max-video-preview:-1"},"canonical":"https:\/\/cofrimell.com\/es\/productos\/","og_locale":"es_ES","og_type":"article","og_title":"Cofrimell | Slush Machine e Drink Dispenser","og_description":"Granizadoras y dispensadores de bebidas para disfrutar del sabor al alcance de la mano. Producto oficial Cofrimell Fabricado en Italia para ofrecer el mejor sabor.","og_url":"https:\/\/cofrimell.com\/es\/productos\/","og_site_name":"Cofrimell","article_modified_time":"2024-02-27T09:50:27+00:00","og_image":[{"url":"https:\/\/cofrimell.com\/wp-content\/uploads\/2024\/02\/drink-dispenser-cofrimell.jpg","type":"","width":"","height":""}],"twitter_card":"summary_large_image","twitter_misc":{"Tiempo de lectura":"1 minuto"},"schema":{"@context":"https:\/\/schema.org","@graph":[{"@type":"WebPage","@id":"https:\/\/cofrimell.com\/es\/productos\/","url":"https:\/\/cofrimell.com\/es\/productos\/","name":"Productos - Cofrimell","isPartOf":{"@id":"https:\/\/cofrimell.com\/es\/#website"},"primaryImageOfPage":{"@id":"https:\/\/cofrimell.com\/es\/productos\/#primaryimage"},"image":{"@id":"https:\/\/cofrimell.com\/es\/productos\/#primaryimage"},"thumbnailUrl":"https:\/\/cofrimell.com\/wp-content\/uploads\/2024\/02\/drink-dispenser-cofrimell.jpg","datePublished":"2023-12-05T16:20:56+00:00","dateModified":"2024-02-27T09:50:27+00:00","description":"Granizadoras y dispensadores de bebidas para disfrutar del sabor al alcance de la mano. Producto oficial Cofrimell Fabricado en Italia para ofrecer el mejor sabor.","breadcrumb":{"@id":"https:\/\/cofrimell.com\/es\/productos\/#breadcrumb"},"inLanguage":"es","potentialAction":[{"@type":"ReadAction","target":["https:\/\/cofrimell.com\/es\/productos\/"]}]},{"@type":"ImageObject","inLanguage":"es","@id":"https:\/\/cofrimell.com\/es\/productos\/#primaryimage","url":"https:\/\/cofrimell.com\/wp-content\/uploads\/2024\/02\/drink-dispenser-cofrimell.jpg","contentUrl":"https:\/\/cofrimell.com\/wp-content\/uploads\/2024\/02\/drink-dispenser-cofrimell.jpg","width":800,"height":645},{"@type":"BreadcrumbList","@id":"https:\/\/cofrimell.com\/es\/productos\/#breadcrumb","itemListElement":[{"@type":"ListItem","position":1,"name":"Home","item":"https:\/\/cofrimell.com\/es\/"},{"@type":"ListItem","position":2,"name":"Productos"}]},{"@type":"WebSite","@id":"https:\/\/cofrimell.com\/es\/#website","url":"https:\/\/cofrimell.com\/es\/","name":"Cofrimell","description":"","publisher":{"@id":"https:\/\/cofrimell.com\/es\/#organization"},"potentialAction":[{"@type":"SearchAction","target":{"@type":"EntryPoint","urlTemplate":"https:\/\/cofrimell.com\/es\/?s={search_term_string}"},"query-input":{"@type":"PropertyValueSpecification","valueRequired":true,"valueName":"search_term_string"}}],"inLanguage":"es"},{"@type":"Organization","@id":"https:\/\/cofrimell.com\/es\/#organization","name":"Cofrimell","url":"https:\/\/cofrimell.com\/es\/","logo":{"@type":"ImageObject","inLanguage":"es","@id":"https:\/\/cofrimell.com\/es\/#\/schema\/logo\/image\/","url":"https:\/\/cofrimell.com\/wp-content\/uploads\/2023\/11\/logo-cofrimell.png","contentUrl":"https:\/\/cofrimell.com\/wp-content\/uploads\/2023\/11\/logo-cofrimell.png","width":804,"height":453,"caption":"Cofrimell"},"image":{"@id":"https:\/\/cofrimell.com\/es\/#\/schema\/logo\/image\/"}}]}},"_links":{"self":[{"href":"https:\/\/cofrimell.com\/es\/wp-json\/wp\/v2\/pages\/4981","targetHints":{"allow":["GET"]}}],"collection":[{"href":"https:\/\/cofrimell.com\/es\/wp-json\/wp\/v2\/pages"}],"about":[{"href":"https:\/\/cofrimell.com\/es\/wp-json\/wp\/v2\/types\/page"}],"author":[{"embeddable":true,"href":"https:\/\/cofrimell.com\/es\/wp-json\/wp\/v2\/users\/2"}],"replies":[{"embeddable":true,"href":"https:\/\/cofrimell.com\/es\/wp-json\/wp\/v2\/comments?post=4981"}],"version-history":[{"count":9,"href":"https:\/\/cofrimell.com\/es\/wp-json\/wp\/v2\/pages\/4981\/revisions"}],"predecessor-version":[{"id":5262,"href":"https:\/\/cofrimell.com\/es\/wp-json\/wp\/v2\/pages\/4981\/revisions\/5262"}],"wp:featuredmedia":[{"embeddable":true,"href":"https:\/\/cofrimell.com\/es\/wp-json\/wp\/v2\/media\/3784"}],"wp:attachment":[{"href":"https:\/\/cofrimell.com\/es\/wp-json\/wp\/v2\/media?parent=4981"}],"curies":[{"name":"wp","href":"https:\/\/api.w.org\/{rel}","templated":true}]}}