{"id":4770,"date":"2023-12-05T16:20:56","date_gmt":"2023-12-05T16:20:56","guid":{"rendered":"https:\/\/cofrimell.com\/produits\/"},"modified":"2024-02-16T11:44:09","modified_gmt":"2024-02-16T11:44:09","slug":"produits","status":"publish","type":"page","link":"https:\/\/cofrimell.com\/fr\/produits\/","title":{"rendered":"Produits"},"content":{"rendered":"\t\t<div data-elementor-type=\"wp-page\" data-elementor-id=\"4770\" class=\"elementor elementor-4770 elementor-1575\" data-elementor-post-type=\"page\">\n\t\t\t\t<div class=\"elementor-element elementor-element-06a7d72 e-flex e-con-boxed e-con e-parent\" data-id=\"06a7d72\" data-element_type=\"container\" data-e-type=\"container\">\n\t\t\t\t\t<div class=\"e-con-inner\">\n\t\t<div class=\"elementor-element elementor-element-1ea9b58 e-flex e-con-boxed elementor-invisible e-con e-child\" data-id=\"1ea9b58\" data-element_type=\"container\" data-e-type=\"container\" data-settings=\"{&quot;background_background&quot;:&quot;classic&quot;,&quot;animation&quot;:&quot;fadeInUp&quot;}\">\n\t\t\t\t\t<div class=\"e-con-inner\">\n\t\t\t\t<div class=\"elementor-element elementor-element-471e170 elementor-widget elementor-widget-heading\" data-id=\"471e170\" data-element_type=\"widget\" data-e-type=\"widget\" data-widget_type=\"heading.default\">\n\t\t\t\t<div class=\"elementor-widget-container\">\n\t\t\t\t\t<h2 class=\"elementor-heading-title elementor-size-default\">Notre gamme de produits<\/h2>\t\t\t\t<\/div>\n\t\t\t\t<\/div>\n\t\t\t\t\t<\/div>\n\t\t\t\t<\/div>\n\t\t\t\t\t<\/div>\n\t\t\t\t<\/div>\n\t\t<div class=\"elementor-element elementor-element-6c7c30b e-con-full elementor-hidden-desktop e-flex e-con e-parent\" data-id=\"6c7c30b\" data-element_type=\"container\" data-e-type=\"container\">\n\t\t<div class=\"elementor-element elementor-element-bfbfeb3 e-con-full e-flex e-con e-child\" data-id=\"bfbfeb3\" data-element_type=\"container\" data-e-type=\"container\" data-settings=\"{&quot;background_background&quot;:&quot;classic&quot;}\">\n\t\t<div class=\"elementor-element elementor-element-586e0f1 e-flex e-con-boxed e-con e-child\" data-id=\"586e0f1\" data-element_type=\"container\" data-e-type=\"container\" data-settings=\"{&quot;background_background&quot;:&quot;classic&quot;}\">\n\t\t\t\t\t<div class=\"e-con-inner\">\n\t\t\t\t<div class=\"elementor-element elementor-element-77fc132 elementor-widget__width-initial elementor-widget elementor-widget-heading\" data-id=\"77fc132\" data-element_type=\"widget\" data-e-type=\"widget\" data-widget_type=\"heading.default\">\n\t\t\t\t<div class=\"elementor-widget-container\">\n\t\t\t\t\t<h2 class=\"elementor-heading-title elementor-size-default\">Slush \n<br>Machine<\/h2>\t\t\t\t<\/div>\n\t\t\t\t<\/div>\n\t\t\t\t<div class=\"elementor-element elementor-element-cab7bf4 elementor-widget elementor-widget-text-editor\" data-id=\"cab7bf4\" data-element_type=\"widget\" data-e-type=\"widget\" data-widget_type=\"text-editor.default\">\n\t\t\t\t<div class=\"elementor-widget-container\">\n\t\t\t\t\t\t\t\t\t<p>La technologie <br \/>italienne <br \/>u service de vos <br \/>empreintes digitales<\/p>\n\t\t\t\t\t\t\t\t<\/div>\n\t\t\t\t<\/div>\n\t\t\t\t<div class=\"elementor-element elementor-element-070ce73 elementor-align-left elementor-widget__width-initial elementor-widget elementor-widget-button\" data-id=\"070ce73\" data-element_type=\"widget\" data-e-type=\"widget\" data-widget_type=\"button.default\">\n\t\t\t\t<div class=\"elementor-widget-container\">\n\t\t\t\t\t\t\t\t\t<div class=\"elementor-button-wrapper\">\n\t\t\t\t\t<a class=\"elementor-button elementor-button-link elementor-size-sm\" href=\"https:\/\/cofrimell.com\/fr\/slush-machines\/\">\n\t\t\t\t\t\t<span class=\"elementor-button-content-wrapper\">\n\t\t\t\t\t\t\t\t\t<span class=\"elementor-button-text\">Plus de d\u00e9tails &gt;&gt;<\/span>\n\t\t\t\t\t<\/span>\n\t\t\t\t\t<\/a>\n\t\t\t\t<\/div>\n\t\t\t\t\t\t\t\t<\/div>\n\t\t\t\t<\/div>\n\t\t\t\t\t<\/div>\n\t\t\t\t<\/div>\n\t\t\t\t<\/div>\n\t\t<div class=\"elementor-element elementor-element-dd6ba02 e-con-full e-flex e-con e-child\" data-id=\"dd6ba02\" data-element_type=\"container\" data-e-type=\"container\" data-settings=\"{&quot;background_background&quot;:&quot;classic&quot;}\">\n\t\t<div class=\"elementor-element elementor-element-d2b5461 e-flex e-con-boxed e-con e-child\" data-id=\"d2b5461\" data-element_type=\"container\" data-e-type=\"container\" data-settings=\"{&quot;background_background&quot;:&quot;classic&quot;}\">\n\t\t\t\t\t<div class=\"e-con-inner\">\n\t\t\t\t<div class=\"elementor-element elementor-element-a2a9015 elementor-widget__width-initial elementor-widget elementor-widget-heading\" data-id=\"a2a9015\" data-element_type=\"widget\" data-e-type=\"widget\" data-widget_type=\"heading.default\">\n\t\t\t\t<div class=\"elementor-widget-container\">\n\t\t\t\t\t<h2 class=\"elementor-heading-title elementor-size-default\">Drink\n<br>Dispenser<\/h2>\t\t\t\t<\/div>\n\t\t\t\t<\/div>\n\t\t\t\t<div class=\"elementor-element elementor-element-329a488 elementor-widget elementor-widget-text-editor\" data-id=\"329a488\" data-element_type=\"widget\" data-e-type=\"widget\" data-widget_type=\"text-editor.default\">\n\t\t\t\t<div class=\"elementor-widget-container\">\n\t\t\t\t\t\t\t\t\t<p>Made in Italy<br \/>pour offrir <br \/>le meilleur <br \/>des saveurs <\/p>\n\t\t\t\t\t\t\t\t<\/div>\n\t\t\t\t<\/div>\n\t\t\t\t<div class=\"elementor-element elementor-element-0948ad3 elementor-align-left elementor-widget__width-initial elementor-widget elementor-widget-button\" data-id=\"0948ad3\" data-element_type=\"widget\" data-e-type=\"widget\" data-widget_type=\"button.default\">\n\t\t\t\t<div class=\"elementor-widget-container\">\n\t\t\t\t\t\t\t\t\t<div class=\"elementor-button-wrapper\">\n\t\t\t\t\t<a class=\"elementor-button elementor-button-link elementor-size-sm\" href=\"https:\/\/cofrimell.com\/fr\/drink-dispenser\/\">\n\t\t\t\t\t\t<span class=\"elementor-button-content-wrapper\">\n\t\t\t\t\t\t\t\t\t<span class=\"elementor-button-text\">Plus de d\u00e9tails &gt;&gt;<\/span>\n\t\t\t\t\t<\/span>\n\t\t\t\t\t<\/a>\n\t\t\t\t<\/div>\n\t\t\t\t\t\t\t\t<\/div>\n\t\t\t\t<\/div>\n\t\t\t\t\t<\/div>\n\t\t\t\t<\/div>\n\t\t\t\t<\/div>\n\t\t\t\t<\/div>\n\t\t<div class=\"elementor-element elementor-element-febe8d6 e-con-full elementor-hidden-tablet elementor-hidden-mobile e-flex e-con e-parent\" data-id=\"febe8d6\" data-element_type=\"container\" data-e-type=\"container\">\n\t\t<div class=\"elementor-element elementor-element-0340e82 e-con-full e-flex e-con e-child\" data-id=\"0340e82\" data-element_type=\"container\" data-e-type=\"container\" data-settings=\"{&quot;background_background&quot;:&quot;classic&quot;}\">\n\t\t<div class=\"elementor-element elementor-element-3aa25f8 e-flex e-con-boxed e-con e-child\" data-id=\"3aa25f8\" data-element_type=\"container\" data-e-type=\"container\" data-settings=\"{&quot;background_background&quot;:&quot;classic&quot;}\">\n\t\t\t\t\t<div class=\"e-con-inner\">\n\t\t<div class=\"elementor-element elementor-element-0069907 e-flex e-con-boxed e-con e-child\" data-id=\"0069907\" data-element_type=\"container\" data-e-type=\"container\">\n\t\t\t\t\t<div class=\"e-con-inner\">\n\t\t\t\t<div class=\"elementor-element elementor-element-f384b99 elementor-widget__width-initial elementor-widget elementor-widget-heading\" data-id=\"f384b99\" data-element_type=\"widget\" data-e-type=\"widget\" data-widget_type=\"heading.default\">\n\t\t\t\t<div class=\"elementor-widget-container\">\n\t\t\t\t\t<h2 class=\"elementor-heading-title elementor-size-default\">Slush \n<br>Machine<\/h2>\t\t\t\t<\/div>\n\t\t\t\t<\/div>\n\t\t\t\t<div class=\"elementor-element elementor-element-17af9dc elementor-widget elementor-widget-text-editor\" data-id=\"17af9dc\" data-element_type=\"widget\" data-e-type=\"widget\" data-widget_type=\"text-editor.default\">\n\t\t\t\t<div class=\"elementor-widget-container\">\n\t\t\t\t\t\t\t\t\t<p>La technologie <br \/>italienne <br \/>u service de vos <br \/>empreintes digitales<\/p>\n\t\t\t\t\t\t\t\t<\/div>\n\t\t\t\t<\/div>\n\t\t\t\t<div class=\"elementor-element elementor-element-8964570 elementor-align-left elementor-widget__width-initial elementor-widget elementor-widget-button\" data-id=\"8964570\" data-element_type=\"widget\" data-e-type=\"widget\" data-widget_type=\"button.default\">\n\t\t\t\t<div class=\"elementor-widget-container\">\n\t\t\t\t\t\t\t\t\t<div class=\"elementor-button-wrapper\">\n\t\t\t\t\t<a class=\"elementor-button elementor-button-link elementor-size-sm\" href=\"https:\/\/cofrimell.com\/fr\/slush-machines\/\">\n\t\t\t\t\t\t<span class=\"elementor-button-content-wrapper\">\n\t\t\t\t\t\t\t\t\t<span class=\"elementor-button-text\">Plus de d\u00e9tails &gt;&gt;<\/span>\n\t\t\t\t\t<\/span>\n\t\t\t\t\t<\/a>\n\t\t\t\t<\/div>\n\t\t\t\t\t\t\t\t<\/div>\n\t\t\t\t<\/div>\n\t\t\t\t\t<\/div>\n\t\t\t\t<\/div>\n\t\t\t\t\t<\/div>\n\t\t\t\t<\/div>\n\t\t\t\t<\/div>\n\t\t<div class=\"elementor-element elementor-element-062f692 e-con-full e-flex e-con e-child\" data-id=\"062f692\" data-element_type=\"container\" data-e-type=\"container\" data-settings=\"{&quot;background_background&quot;:&quot;classic&quot;}\">\n\t\t<div class=\"elementor-element elementor-element-2d3f614 e-flex e-con-boxed e-con e-child\" data-id=\"2d3f614\" data-element_type=\"container\" data-e-type=\"container\" data-settings=\"{&quot;background_background&quot;:&quot;classic&quot;}\">\n\t\t\t\t\t<div class=\"e-con-inner\">\n\t\t<div class=\"elementor-element elementor-element-d825e5e e-flex e-con-boxed e-con e-child\" data-id=\"d825e5e\" data-element_type=\"container\" data-e-type=\"container\">\n\t\t\t\t\t<div class=\"e-con-inner\">\n\t\t\t\t<div class=\"elementor-element elementor-element-f955e41 elementor-widget__width-initial elementor-widget elementor-widget-heading\" data-id=\"f955e41\" data-element_type=\"widget\" data-e-type=\"widget\" data-widget_type=\"heading.default\">\n\t\t\t\t<div class=\"elementor-widget-container\">\n\t\t\t\t\t<h2 class=\"elementor-heading-title elementor-size-default\">Drink\n<br>Dispenser<\/h2>\t\t\t\t<\/div>\n\t\t\t\t<\/div>\n\t\t\t\t<div class=\"elementor-element elementor-element-ca3191d elementor-widget elementor-widget-text-editor\" data-id=\"ca3191d\" data-element_type=\"widget\" data-e-type=\"widget\" data-widget_type=\"text-editor.default\">\n\t\t\t\t<div class=\"elementor-widget-container\">\n\t\t\t\t\t\t\t\t\t<p>Made in Italy<br \/>pour offrir <br \/>le meilleur <br \/>des saveurs <\/p>\n\t\t\t\t\t\t\t\t<\/div>\n\t\t\t\t<\/div>\n\t\t\t\t<div class=\"elementor-element elementor-element-8a11577 elementor-align-left elementor-widget__width-initial elementor-widget elementor-widget-button\" data-id=\"8a11577\" data-element_type=\"widget\" data-e-type=\"widget\" data-widget_type=\"button.default\">\n\t\t\t\t<div class=\"elementor-widget-container\">\n\t\t\t\t\t\t\t\t\t<div class=\"elementor-button-wrapper\">\n\t\t\t\t\t<a class=\"elementor-button elementor-button-link elementor-size-sm\" href=\"https:\/\/cofrimell.com\/fr\/drink-dispenser\/\">\n\t\t\t\t\t\t<span class=\"elementor-button-content-wrapper\">\n\t\t\t\t\t\t\t\t\t<span class=\"elementor-button-text\">Plus de d\u00e9tails &gt;&gt;<\/span>\n\t\t\t\t\t<\/span>\n\t\t\t\t\t<\/a>\n\t\t\t\t<\/div>\n\t\t\t\t\t\t\t\t<\/div>\n\t\t\t\t<\/div>\n\t\t\t\t\t<\/div>\n\t\t\t\t<\/div>\n\t\t\t\t\t<\/div>\n\t\t\t\t<\/div>\n\t\t\t\t<\/div>\n\t\t\t\t<\/div>\n\t\t<div class=\"elementor-element elementor-element-b1c54a3 e-con-full e-flex e-con e-parent\" data-id=\"b1c54a3\" data-element_type=\"container\" data-e-type=\"container\">\n\t\t\t\t<div class=\"elementor-element elementor-element-01715d0 elementor-widget__width-inherit elementor-widget elementor-widget-google_maps\" data-id=\"01715d0\" data-element_type=\"widget\" data-e-type=\"widget\" data-widget_type=\"google_maps.default\">\n\t\t\t\t<div class=\"elementor-widget-container\">\n\t\t\t\t\t\t\t<div class=\"elementor-custom-embed\">\n\t\t\t<iframe loading=\"lazy\"\n\t\t\t\t\tsrc=\"https:\/\/maps.google.com\/maps?q=Cofrimell%2C%20Via%20delle%20Monachelle%2C%2066b%2C%2000071%20Pomezia%20RM&#038;t=m&#038;z=10&#038;output=embed&#038;iwloc=near\"\n\t\t\t\t\ttitle=\"Cofrimell, Via delle Monachelle, 66b, 00071 Pomezia RM\"\n\t\t\t\t\taria-label=\"Cofrimell, Via delle Monachelle, 66b, 00071 Pomezia RM\"\n\t\t\t><\/iframe>\n\t\t<\/div>\n\t\t\t\t\t\t<\/div>\n\t\t\t\t<\/div>\n\t\t\t\t<\/div>\n\t\t\t\t<\/div>\n\t\t","protected":false},"excerpt":{"rendered":"<p>Notre gamme de produits Slush Machine La technologie italienne u service de vos empreintes digitales Plus de d\u00e9tails &gt;&gt; Drink Dispenser Made in Italypour offrir le meilleur des saveurs Plus de d\u00e9tails &gt;&gt; Slush Machine La technologie italienne u service de vos empreintes digitales Plus de d\u00e9tails &gt;&gt; Drink Dispenser Made in Italypour offrir le [&hellip;]<\/p>\n","protected":false},"author":2,"featured_media":3782,"parent":0,"menu_order":0,"comment_status":"closed","ping_status":"closed","template":"","meta":{"footnotes":""},"class_list":["post-4770","page","type-page","status-publish","has-post-thumbnail","hentry"],"yoast_head":"<!-- This site is optimized with the Yoast SEO plugin v27.2 - https:\/\/yoast.com\/product\/yoast-seo-wordpress\/ -->\n<title>Produits - Cofrimell<\/title>\n<meta name=\"description\" content=\"Slush Machines et Drink Dispensers pour une d\u00e9gustation au bout des doigts. Official Cofrimell Fabriqu\u00e9 en Italie pour offrir le meilleur des saveurs.\" \/>\n<meta name=\"robots\" content=\"index, follow, max-snippet:-1, max-image-preview:large, max-video-preview:-1\" \/>\n<link rel=\"canonical\" href=\"https:\/\/cofrimell.com\/fr\/produits\/\" \/>\n<meta property=\"og:locale\" content=\"fr_FR\" \/>\n<meta property=\"og:type\" content=\"article\" \/>\n<meta property=\"og:title\" content=\"Cofrimell | Slush Machines and Drink Dispensers\" \/>\n<meta property=\"og:description\" content=\"Slush Machines et Drink Dispensers pour une d\u00e9gustation au bout des doigts. Official Cofrimell Fabriqu\u00e9 en Italie pour offrir le meilleur des saveurs.\" \/>\n<meta property=\"og:url\" content=\"https:\/\/cofrimell.com\/fr\/produits\/\" \/>\n<meta property=\"og:site_name\" content=\"Cofrimell\" \/>\n<meta property=\"article:modified_time\" content=\"2024-02-16T11:44:09+00:00\" \/>\n<meta property=\"og:image\" content=\"https:\/\/cofrimell.com\/wp-content\/uploads\/2024\/02\/drink-dispenser-cofrimell.jpg\" \/>\n<meta name=\"twitter:card\" content=\"summary_large_image\" \/>\n<script type=\"application\/ld+json\" class=\"yoast-schema-graph\">{\"@context\":\"https:\/\/schema.org\",\"@graph\":[{\"@type\":\"WebPage\",\"@id\":\"https:\/\/cofrimell.com\/fr\/produits\/\",\"url\":\"https:\/\/cofrimell.com\/fr\/produits\/\",\"name\":\"Produits - Cofrimell\",\"isPartOf\":{\"@id\":\"https:\/\/cofrimell.com\/fr\/#website\"},\"primaryImageOfPage\":{\"@id\":\"https:\/\/cofrimell.com\/fr\/produits\/#primaryimage\"},\"image\":{\"@id\":\"https:\/\/cofrimell.com\/fr\/produits\/#primaryimage\"},\"thumbnailUrl\":\"https:\/\/cofrimell.com\/wp-content\/uploads\/2024\/02\/drink-dispenser-cofrimell.jpg\",\"datePublished\":\"2023-12-05T16:20:56+00:00\",\"dateModified\":\"2024-02-16T11:44:09+00:00\",\"description\":\"Slush Machines et Drink Dispensers pour une d\u00e9gustation au bout des doigts. Official Cofrimell Fabriqu\u00e9 en Italie pour offrir le meilleur des saveurs.\",\"breadcrumb\":{\"@id\":\"https:\/\/cofrimell.com\/fr\/produits\/#breadcrumb\"},\"inLanguage\":\"fr-FR\",\"potentialAction\":[{\"@type\":\"ReadAction\",\"target\":[\"https:\/\/cofrimell.com\/fr\/produits\/\"]}]},{\"@type\":\"ImageObject\",\"inLanguage\":\"fr-FR\",\"@id\":\"https:\/\/cofrimell.com\/fr\/produits\/#primaryimage\",\"url\":\"https:\/\/cofrimell.com\/wp-content\/uploads\/2024\/02\/drink-dispenser-cofrimell.jpg\",\"contentUrl\":\"https:\/\/cofrimell.com\/wp-content\/uploads\/2024\/02\/drink-dispenser-cofrimell.jpg\",\"width\":800,\"height\":645},{\"@type\":\"BreadcrumbList\",\"@id\":\"https:\/\/cofrimell.com\/fr\/produits\/#breadcrumb\",\"itemListElement\":[{\"@type\":\"ListItem\",\"position\":1,\"name\":\"Home\",\"item\":\"https:\/\/cofrimell.com\/fr\/\"},{\"@type\":\"ListItem\",\"position\":2,\"name\":\"Produits\"}]},{\"@type\":\"WebSite\",\"@id\":\"https:\/\/cofrimell.com\/fr\/#website\",\"url\":\"https:\/\/cofrimell.com\/fr\/\",\"name\":\"Cofrimell\",\"description\":\"\",\"publisher\":{\"@id\":\"https:\/\/cofrimell.com\/fr\/#organization\"},\"potentialAction\":[{\"@type\":\"SearchAction\",\"target\":{\"@type\":\"EntryPoint\",\"urlTemplate\":\"https:\/\/cofrimell.com\/fr\/?s={search_term_string}\"},\"query-input\":{\"@type\":\"PropertyValueSpecification\",\"valueRequired\":true,\"valueName\":\"search_term_string\"}}],\"inLanguage\":\"fr-FR\"},{\"@type\":\"Organization\",\"@id\":\"https:\/\/cofrimell.com\/fr\/#organization\",\"name\":\"Cofrimell\",\"url\":\"https:\/\/cofrimell.com\/fr\/\",\"logo\":{\"@type\":\"ImageObject\",\"inLanguage\":\"fr-FR\",\"@id\":\"https:\/\/cofrimell.com\/fr\/#\/schema\/logo\/image\/\",\"url\":\"https:\/\/cofrimell.com\/wp-content\/uploads\/2023\/11\/logo-cofrimell.png\",\"contentUrl\":\"https:\/\/cofrimell.com\/wp-content\/uploads\/2023\/11\/logo-cofrimell.png\",\"width\":804,\"height\":453,\"caption\":\"Cofrimell\"},\"image\":{\"@id\":\"https:\/\/cofrimell.com\/fr\/#\/schema\/logo\/image\/\"}}]}<\/script>\n<!-- \/ Yoast SEO plugin. -->","yoast_head_json":{"title":"Produits - Cofrimell","description":"Slush Machines et Drink Dispensers pour une d\u00e9gustation au bout des doigts. Official Cofrimell Fabriqu\u00e9 en Italie pour offrir le meilleur des saveurs.","robots":{"index":"index","follow":"follow","max-snippet":"max-snippet:-1","max-image-preview":"max-image-preview:large","max-video-preview":"max-video-preview:-1"},"canonical":"https:\/\/cofrimell.com\/fr\/produits\/","og_locale":"fr_FR","og_type":"article","og_title":"Cofrimell | Slush Machines and Drink Dispensers","og_description":"Slush Machines et Drink Dispensers pour une d\u00e9gustation au bout des doigts. Official Cofrimell Fabriqu\u00e9 en Italie pour offrir le meilleur des saveurs.","og_url":"https:\/\/cofrimell.com\/fr\/produits\/","og_site_name":"Cofrimell","article_modified_time":"2024-02-16T11:44:09+00:00","og_image":[{"url":"https:\/\/cofrimell.com\/wp-content\/uploads\/2024\/02\/drink-dispenser-cofrimell.jpg","type":"","width":"","height":""}],"twitter_card":"summary_large_image","schema":{"@context":"https:\/\/schema.org","@graph":[{"@type":"WebPage","@id":"https:\/\/cofrimell.com\/fr\/produits\/","url":"https:\/\/cofrimell.com\/fr\/produits\/","name":"Produits - Cofrimell","isPartOf":{"@id":"https:\/\/cofrimell.com\/fr\/#website"},"primaryImageOfPage":{"@id":"https:\/\/cofrimell.com\/fr\/produits\/#primaryimage"},"image":{"@id":"https:\/\/cofrimell.com\/fr\/produits\/#primaryimage"},"thumbnailUrl":"https:\/\/cofrimell.com\/wp-content\/uploads\/2024\/02\/drink-dispenser-cofrimell.jpg","datePublished":"2023-12-05T16:20:56+00:00","dateModified":"2024-02-16T11:44:09+00:00","description":"Slush Machines et Drink Dispensers pour une d\u00e9gustation au bout des doigts. Official Cofrimell Fabriqu\u00e9 en Italie pour offrir le meilleur des saveurs.","breadcrumb":{"@id":"https:\/\/cofrimell.com\/fr\/produits\/#breadcrumb"},"inLanguage":"fr-FR","potentialAction":[{"@type":"ReadAction","target":["https:\/\/cofrimell.com\/fr\/produits\/"]}]},{"@type":"ImageObject","inLanguage":"fr-FR","@id":"https:\/\/cofrimell.com\/fr\/produits\/#primaryimage","url":"https:\/\/cofrimell.com\/wp-content\/uploads\/2024\/02\/drink-dispenser-cofrimell.jpg","contentUrl":"https:\/\/cofrimell.com\/wp-content\/uploads\/2024\/02\/drink-dispenser-cofrimell.jpg","width":800,"height":645},{"@type":"BreadcrumbList","@id":"https:\/\/cofrimell.com\/fr\/produits\/#breadcrumb","itemListElement":[{"@type":"ListItem","position":1,"name":"Home","item":"https:\/\/cofrimell.com\/fr\/"},{"@type":"ListItem","position":2,"name":"Produits"}]},{"@type":"WebSite","@id":"https:\/\/cofrimell.com\/fr\/#website","url":"https:\/\/cofrimell.com\/fr\/","name":"Cofrimell","description":"","publisher":{"@id":"https:\/\/cofrimell.com\/fr\/#organization"},"potentialAction":[{"@type":"SearchAction","target":{"@type":"EntryPoint","urlTemplate":"https:\/\/cofrimell.com\/fr\/?s={search_term_string}"},"query-input":{"@type":"PropertyValueSpecification","valueRequired":true,"valueName":"search_term_string"}}],"inLanguage":"fr-FR"},{"@type":"Organization","@id":"https:\/\/cofrimell.com\/fr\/#organization","name":"Cofrimell","url":"https:\/\/cofrimell.com\/fr\/","logo":{"@type":"ImageObject","inLanguage":"fr-FR","@id":"https:\/\/cofrimell.com\/fr\/#\/schema\/logo\/image\/","url":"https:\/\/cofrimell.com\/wp-content\/uploads\/2023\/11\/logo-cofrimell.png","contentUrl":"https:\/\/cofrimell.com\/wp-content\/uploads\/2023\/11\/logo-cofrimell.png","width":804,"height":453,"caption":"Cofrimell"},"image":{"@id":"https:\/\/cofrimell.com\/fr\/#\/schema\/logo\/image\/"}}]}},"_links":{"self":[{"href":"https:\/\/cofrimell.com\/fr\/wp-json\/wp\/v2\/pages\/4770","targetHints":{"allow":["GET"]}}],"collection":[{"href":"https:\/\/cofrimell.com\/fr\/wp-json\/wp\/v2\/pages"}],"about":[{"href":"https:\/\/cofrimell.com\/fr\/wp-json\/wp\/v2\/types\/page"}],"author":[{"embeddable":true,"href":"https:\/\/cofrimell.com\/fr\/wp-json\/wp\/v2\/users\/2"}],"replies":[{"embeddable":true,"href":"https:\/\/cofrimell.com\/fr\/wp-json\/wp\/v2\/comments?post=4770"}],"version-history":[{"count":3,"href":"https:\/\/cofrimell.com\/fr\/wp-json\/wp\/v2\/pages\/4770\/revisions"}],"predecessor-version":[{"id":4773,"href":"https:\/\/cofrimell.com\/fr\/wp-json\/wp\/v2\/pages\/4770\/revisions\/4773"}],"wp:featuredmedia":[{"embeddable":true,"href":"https:\/\/cofrimell.com\/fr\/wp-json\/wp\/v2\/media\/3782"}],"wp:attachment":[{"href":"https:\/\/cofrimell.com\/fr\/wp-json\/wp\/v2\/media?parent=4770"}],"curies":[{"name":"wp","href":"https:\/\/api.w.org\/{rel}","templated":true}]}}