{"id":4774,"date":"2024-01-09T14:18:48","date_gmt":"2024-01-09T14:18:48","guid":{"rendered":"https:\/\/cofrimell.com\/enterprise\/"},"modified":"2024-02-19T09:05:17","modified_gmt":"2024-02-19T09:05:17","slug":"enterprise","status":"publish","type":"page","link":"https:\/\/cofrimell.com\/fr\/enterprise\/","title":{"rendered":"Enterprise"},"content":{"rendered":"\t\t<div data-elementor-type=\"wp-page\" data-elementor-id=\"4774\" class=\"elementor elementor-4774 elementor-3141\" data-elementor-post-type=\"page\">\n\t\t\t\t<div class=\"elementor-element elementor-element-accb6fb e-flex e-con-boxed e-con e-parent\" data-id=\"accb6fb\" data-element_type=\"container\" data-e-type=\"container\">\n\t\t\t\t\t<div class=\"e-con-inner\">\n\t\t\t\t<div class=\"elementor-element elementor-element-1878ed4 elementor-widget elementor-widget-heading\" data-id=\"1878ed4\" data-element_type=\"widget\" data-e-type=\"widget\" data-widget_type=\"heading.default\">\n\t\t\t\t<div class=\"elementor-widget-container\">\n\t\t\t\t\t<h2 class=\"elementor-heading-title elementor-size-default\">COFRIMELL<br>\nLEADER\nDE LA REFRIGERATION COMMERCIALE<\/h2>\t\t\t\t<\/div>\n\t\t\t\t<\/div>\n\t\t\t\t<div class=\"elementor-element elementor-element-2935408 elementor-widget elementor-widget-text-editor\" data-id=\"2935408\" data-element_type=\"widget\" data-e-type=\"widget\" data-widget_type=\"text-editor.default\">\n\t\t\t\t<div class=\"elementor-widget-container\">\n\t\t\t\t\t\t\t\t\t<p>DEPUIS 1981<\/p>\n\t\t\t\t\t\t\t\t<\/div>\n\t\t\t\t<\/div>\n\t\t\t\t<div class=\"elementor-element elementor-element-da97602 elementor-widget elementor-widget-image\" data-id=\"da97602\" data-element_type=\"widget\" data-e-type=\"widget\" data-widget_type=\"image.default\">\n\t\t\t\t<div class=\"elementor-widget-container\">\n\t\t\t\t\t\t\t\t\t\t\t\t\t\t\t<img decoding=\"async\" width=\"290\" height=\"7\" src=\"https:\/\/cofrimell.com\/wp-content\/uploads\/2023\/11\/bandierina-ita.jpg\" class=\"attachment-large size-large wp-image-49\" alt=\"\" \/>\t\t\t\t\t\t\t\t\t\t\t\t\t\t\t<\/div>\n\t\t\t\t<\/div>\n\t\t\t\t\t<\/div>\n\t\t\t\t<\/div>\n\t\t<div class=\"elementor-element elementor-element-420f756 e-flex e-con-boxed e-con e-parent\" data-id=\"420f756\" data-element_type=\"container\" data-e-type=\"container\">\n\t\t\t\t\t<div class=\"e-con-inner\">\n\t\t<div class=\"elementor-element elementor-element-d9d36e2 e-flex e-con-boxed e-con e-child\" data-id=\"d9d36e2\" data-element_type=\"container\" data-e-type=\"container\">\n\t\t\t\t\t<div class=\"e-con-inner\">\n\t\t\t\t<div class=\"elementor-element elementor-element-ebd6b37 elementor-widget elementor-widget-text-editor\" data-id=\"ebd6b37\" data-element_type=\"widget\" data-e-type=\"widget\" data-widget_type=\"text-editor.default\">\n\t\t\t\t<div class=\"elementor-widget-container\">\n\t\t\t\t\t\t\t\t\t<p class=\"big\">Depuis 1981, Cofrimell est pr\u00e9sent sur le march\u00e9 international depuis plus de 40 ans et n&rsquo;a cess\u00e9 de cro\u00eetre et de se d\u00e9velopper. Aujourd&rsquo;hui, c&rsquo;est une entreprise leader au niveau international dans le domaine de la r\u00e9frig\u00e9ration commerciale.<\/p>\n<p class=\"big\">Cofrimell dispose d&rsquo;une large gamme de produits, en constante \u00e9volution, et a toujours repr\u00e9sent\u00e9 un synonyme de fiabilit\u00e9, de recherche constante de qualit\u00e9 et de design.<\/p>\n\t\t\t\t\t\t\t\t<\/div>\n\t\t\t\t<\/div>\n\t\t\t\t\t<\/div>\n\t\t\t\t<\/div>\n\t\t\t\t\t<\/div>\n\t\t\t\t<\/div>\n\t\t<div class=\"elementor-element elementor-element-d3a1b31 e-flex e-con-boxed e-con e-parent\" data-id=\"d3a1b31\" data-element_type=\"container\" data-e-type=\"container\" data-settings=\"{&quot;background_background&quot;:&quot;classic&quot;}\">\n\t\t\t\t\t<div class=\"e-con-inner\">\n\t\t\t\t<div class=\"elementor-element elementor-element-e8a399a elementor-widget elementor-widget-heading\" data-id=\"e8a399a\" data-element_type=\"widget\" data-e-type=\"widget\" data-widget_type=\"heading.default\">\n\t\t\t\t<div class=\"elementor-widget-container\">\n\t\t\t\t\t<h2 class=\"elementor-heading-title elementor-size-default\">NOTRE ENTREPRISE<\/h2>\t\t\t\t<\/div>\n\t\t\t\t<\/div>\n\t\t\t\t\t<\/div>\n\t\t\t\t<\/div>\n\t\t<div class=\"elementor-element elementor-element-2d4390d e-flex e-con-boxed e-con e-parent\" data-id=\"2d4390d\" data-element_type=\"container\" data-e-type=\"container\" data-settings=\"{&quot;background_background&quot;:&quot;classic&quot;}\">\n\t\t\t\t\t<div class=\"e-con-inner\">\n\t\t<div class=\"elementor-element elementor-element-29a30d3 e-flex e-con-boxed e-con e-child\" data-id=\"29a30d3\" data-element_type=\"container\" data-e-type=\"container\">\n\t\t\t\t\t<div class=\"e-con-inner\">\n\t\t\t\t<div class=\"elementor-element elementor-element-51880c2 elementor-hidden-desktop elementor-widget elementor-widget-image\" data-id=\"51880c2\" data-element_type=\"widget\" data-e-type=\"widget\" data-widget_type=\"image.default\">\n\t\t\t\t<div class=\"elementor-widget-container\">\n\t\t\t\t\t\t\t\t\t\t\t\t\t\t\t<img fetchpriority=\"high\" decoding=\"async\" width=\"1772\" height=\"1772\" src=\"https:\/\/cofrimell.com\/wp-content\/uploads\/2024\/01\/Pannello-interno-stabilimento.jpg\" class=\"attachment-full size-full wp-image-3366\" alt=\"\" srcset=\"https:\/\/cofrimell.com\/wp-content\/uploads\/2024\/01\/Pannello-interno-stabilimento.jpg 1772w, https:\/\/cofrimell.com\/wp-content\/uploads\/2024\/01\/Pannello-interno-stabilimento-300x300.jpg 300w, https:\/\/cofrimell.com\/wp-content\/uploads\/2024\/01\/Pannello-interno-stabilimento-1024x1024.jpg 1024w, https:\/\/cofrimell.com\/wp-content\/uploads\/2024\/01\/Pannello-interno-stabilimento-150x150.jpg 150w, https:\/\/cofrimell.com\/wp-content\/uploads\/2024\/01\/Pannello-interno-stabilimento-768x768.jpg 768w, https:\/\/cofrimell.com\/wp-content\/uploads\/2024\/01\/Pannello-interno-stabilimento-1536x1536.jpg 1536w\" sizes=\"(max-width: 1772px) 100vw, 1772px\" \/>\t\t\t\t\t\t\t\t\t\t\t\t\t\t\t<\/div>\n\t\t\t\t<\/div>\n\t\t\t\t<div class=\"elementor-element elementor-element-c6c2405 elementor-hidden-tablet elementor-hidden-mobile elementor-widget elementor-widget-image\" data-id=\"c6c2405\" data-element_type=\"widget\" data-e-type=\"widget\" data-widget_type=\"image.default\">\n\t\t\t\t<div class=\"elementor-widget-container\">\n\t\t\t\t\t\t\t\t\t\t\t\t\t\t\t<img decoding=\"async\" width=\"1000\" height=\"1261\" src=\"https:\/\/cofrimell.com\/wp-content\/uploads\/2024\/02\/produzione-compagnia.jpg\" class=\"attachment-full size-full wp-image-4055\" alt=\"\" srcset=\"https:\/\/cofrimell.com\/wp-content\/uploads\/2024\/02\/produzione-compagnia.jpg 1000w, https:\/\/cofrimell.com\/wp-content\/uploads\/2024\/02\/produzione-compagnia-238x300.jpg 238w, https:\/\/cofrimell.com\/wp-content\/uploads\/2024\/02\/produzione-compagnia-812x1024.jpg 812w, https:\/\/cofrimell.com\/wp-content\/uploads\/2024\/02\/produzione-compagnia-768x968.jpg 768w\" sizes=\"(max-width: 1000px) 100vw, 1000px\" \/>\t\t\t\t\t\t\t\t\t\t\t\t\t\t\t<\/div>\n\t\t\t\t<\/div>\n\t\t\t\t\t<\/div>\n\t\t\t\t<\/div>\n\t\t<div class=\"elementor-element elementor-element-e7a28ae e-flex e-con-boxed e-con e-child\" data-id=\"e7a28ae\" data-element_type=\"container\" data-e-type=\"container\">\n\t\t\t\t\t<div class=\"e-con-inner\">\n\t\t\t\t<div class=\"elementor-element elementor-element-c0dc6a9 elementor-widget elementor-widget-text-editor\" data-id=\"c0dc6a9\" data-element_type=\"widget\" data-e-type=\"widget\" data-widget_type=\"text-editor.default\">\n\t\t\t\t<div class=\"elementor-widget-container\">\n\t\t\t\t\t\t\t\t\t<p class=\"big\">L&rsquo;un des fleurons de Cofrimell est la grande attention que nous portons au processus de production de nos machines, depuis le d\u00e9coupage de l&rsquo;acier, r\u00e9alis\u00e9 avec des machines de pr\u00e9cision, jusqu&rsquo;au test final. Chaque \u00e9l\u00e9ment qui compose les mod\u00e8les est r\u00e9vis\u00e9 plusieurs fois afin de garantir la plus haute qualit\u00e9 du produit fini. Le gaz r\u00e9frig\u00e9rant est charg\u00e9 par des techniciens sp\u00e9cialis\u00e9s en r\u00e9frig\u00e9ration, qui s&rsquo;occupent \u00e9galement des soudures les plus importantes. La conception, premi\u00e8re \u00e9tape de la naissance de nos produits, est confi\u00e9e \u00e0 une \u00e9quipe sp\u00e9cialis\u00e9e compos\u00e9e d&rsquo;ing\u00e9nieurs et de graphistes qui, en travaillant constamment en \u00e9quipe, apportent sans cesse de nouvelles am\u00e9liorations aux produits qui nous ont rendus c\u00e9l\u00e8bres dans le monde entier dans le domaine de la r\u00e9frig\u00e9ration depuis quarante ans.<\/p>\n\t\t\t\t\t\t\t\t<\/div>\n\t\t\t\t<\/div>\n\t\t\t\t\t<\/div>\n\t\t\t\t<\/div>\n\t\t\t\t\t<\/div>\n\t\t\t\t<\/div>\n\t\t<div class=\"elementor-element elementor-element-24aca8c e-con-full e-flex e-con e-parent\" data-id=\"24aca8c\" data-element_type=\"container\" data-e-type=\"container\">\n\t\t<div class=\"elementor-element elementor-element-9fc925e e-con-full e-flex e-con e-child\" data-id=\"9fc925e\" data-element_type=\"container\" data-e-type=\"container\">\n\t\t\t\t<div class=\"elementor-element elementor-element-e4bfe46 elementor-widget elementor-widget-image-gallery\" data-id=\"e4bfe46\" data-element_type=\"widget\" data-e-type=\"widget\" data-widget_type=\"image-gallery.default\">\n\t\t\t\t<div class=\"elementor-widget-container\">\n\t\t\t\t\t\t\t<div class=\"elementor-image-gallery\">\n\t\t\t<div id='gallery-1' class='gallery galleryid-4774 gallery-columns-4 gallery-size-full'><figure class='gallery-item'>\n\t\t\t<div class='gallery-icon landscape'>\n\t\t\t\t<a data-elementor-open-lightbox=\"yes\" data-elementor-lightbox-slideshow=\"e4bfe46\" data-elementor-lightbox-title=\"Pannello-interno-14\" data-e-action-hash=\"#elementor-action%3Aaction%3Dlightbox%26settings%3DeyJpZCI6MzM3MywidXJsIjoiaHR0cHM6XC9cL2NvZnJpbWVsbC5jb21cL3dwLWNvbnRlbnRcL3VwbG9hZHNcLzIwMjRcLzAxXC9QYW5uZWxsby1pbnRlcm5vLTE0LmpwZyIsInNsaWRlc2hvdyI6ImU0YmZlNDYifQ%3D%3D\" href='https:\/\/cofrimell.com\/wp-content\/uploads\/2024\/01\/Pannello-interno-14.jpg'><img loading=\"lazy\" decoding=\"async\" width=\"1772\" height=\"1772\" src=\"https:\/\/cofrimell.com\/wp-content\/uploads\/2024\/01\/Pannello-interno-14.jpg\" class=\"attachment-full size-full\" alt=\"\" srcset=\"https:\/\/cofrimell.com\/wp-content\/uploads\/2024\/01\/Pannello-interno-14.jpg 1772w, https:\/\/cofrimell.com\/wp-content\/uploads\/2024\/01\/Pannello-interno-14-300x300.jpg 300w, https:\/\/cofrimell.com\/wp-content\/uploads\/2024\/01\/Pannello-interno-14-1024x1024.jpg 1024w, https:\/\/cofrimell.com\/wp-content\/uploads\/2024\/01\/Pannello-interno-14-150x150.jpg 150w, https:\/\/cofrimell.com\/wp-content\/uploads\/2024\/01\/Pannello-interno-14-768x768.jpg 768w, https:\/\/cofrimell.com\/wp-content\/uploads\/2024\/01\/Pannello-interno-14-1536x1536.jpg 1536w\" sizes=\"(max-width: 1772px) 100vw, 1772px\" \/><\/a>\n\t\t\t<\/div><\/figure><figure class='gallery-item'>\n\t\t\t<div class='gallery-icon landscape'>\n\t\t\t\t<a data-elementor-open-lightbox=\"yes\" data-elementor-lightbox-slideshow=\"e4bfe46\" data-elementor-lightbox-title=\"Pannello-interno-macchina\" data-e-action-hash=\"#elementor-action%3Aaction%3Dlightbox%26settings%3DeyJpZCI6NDA3MiwidXJsIjoiaHR0cHM6XC9cL2NvZnJpbWVsbC5jb21cL3dwLWNvbnRlbnRcL3VwbG9hZHNcLzIwMjRcLzAyXC9QYW5uZWxsby1pbnRlcm5vLW1hY2NoaW5hLmpwZyIsInNsaWRlc2hvdyI6ImU0YmZlNDYifQ%3D%3D\" href='https:\/\/cofrimell.com\/wp-content\/uploads\/2024\/02\/Pannello-interno-macchina.jpg'><img loading=\"lazy\" decoding=\"async\" width=\"1000\" height=\"1000\" src=\"https:\/\/cofrimell.com\/wp-content\/uploads\/2024\/02\/Pannello-interno-macchina.jpg\" class=\"attachment-full size-full\" alt=\"\" srcset=\"https:\/\/cofrimell.com\/wp-content\/uploads\/2024\/02\/Pannello-interno-macchina.jpg 1000w, https:\/\/cofrimell.com\/wp-content\/uploads\/2024\/02\/Pannello-interno-macchina-300x300.jpg 300w, https:\/\/cofrimell.com\/wp-content\/uploads\/2024\/02\/Pannello-interno-macchina-150x150.jpg 150w, https:\/\/cofrimell.com\/wp-content\/uploads\/2024\/02\/Pannello-interno-macchina-768x768.jpg 768w\" sizes=\"(max-width: 1000px) 100vw, 1000px\" \/><\/a>\n\t\t\t<\/div><\/figure><figure class='gallery-item'>\n\t\t\t<div class='gallery-icon landscape'>\n\t\t\t\t<a data-elementor-open-lightbox=\"yes\" data-elementor-lightbox-slideshow=\"e4bfe46\" data-elementor-lightbox-title=\"Pannello-interno-16\" data-e-action-hash=\"#elementor-action%3Aaction%3Dlightbox%26settings%3DeyJpZCI6MzM4MSwidXJsIjoiaHR0cHM6XC9cL2NvZnJpbWVsbC5jb21cL3dwLWNvbnRlbnRcL3VwbG9hZHNcLzIwMjRcLzAxXC9QYW5uZWxsby1pbnRlcm5vLTE2LmpwZyIsInNsaWRlc2hvdyI6ImU0YmZlNDYifQ%3D%3D\" href='https:\/\/cofrimell.com\/wp-content\/uploads\/2024\/01\/Pannello-interno-16.jpg'><img loading=\"lazy\" decoding=\"async\" width=\"1772\" height=\"1772\" src=\"https:\/\/cofrimell.com\/wp-content\/uploads\/2024\/01\/Pannello-interno-16.jpg\" class=\"attachment-full size-full\" alt=\"\" srcset=\"https:\/\/cofrimell.com\/wp-content\/uploads\/2024\/01\/Pannello-interno-16.jpg 1772w, https:\/\/cofrimell.com\/wp-content\/uploads\/2024\/01\/Pannello-interno-16-300x300.jpg 300w, https:\/\/cofrimell.com\/wp-content\/uploads\/2024\/01\/Pannello-interno-16-1024x1024.jpg 1024w, https:\/\/cofrimell.com\/wp-content\/uploads\/2024\/01\/Pannello-interno-16-150x150.jpg 150w, https:\/\/cofrimell.com\/wp-content\/uploads\/2024\/01\/Pannello-interno-16-768x768.jpg 768w, https:\/\/cofrimell.com\/wp-content\/uploads\/2024\/01\/Pannello-interno-16-1536x1536.jpg 1536w\" sizes=\"(max-width: 1772px) 100vw, 1772px\" \/><\/a>\n\t\t\t<\/div><\/figure><figure class='gallery-item'>\n\t\t\t<div class='gallery-icon landscape'>\n\t\t\t\t<a data-elementor-open-lightbox=\"yes\" data-elementor-lightbox-slideshow=\"e4bfe46\" data-elementor-lightbox-title=\"Pannello-interno-4\" data-e-action-hash=\"#elementor-action%3Aaction%3Dlightbox%26settings%3DeyJpZCI6MzM4NiwidXJsIjoiaHR0cHM6XC9cL2NvZnJpbWVsbC5jb21cL3dwLWNvbnRlbnRcL3VwbG9hZHNcLzIwMjRcLzAxXC9QYW5uZWxsby1pbnRlcm5vLTQuanBnIiwic2xpZGVzaG93IjoiZTRiZmU0NiJ9\" href='https:\/\/cofrimell.com\/wp-content\/uploads\/2024\/01\/Pannello-interno-4.jpg'><img loading=\"lazy\" decoding=\"async\" width=\"1772\" height=\"1772\" src=\"https:\/\/cofrimell.com\/wp-content\/uploads\/2024\/01\/Pannello-interno-4.jpg\" class=\"attachment-full size-full\" alt=\"\" srcset=\"https:\/\/cofrimell.com\/wp-content\/uploads\/2024\/01\/Pannello-interno-4.jpg 1772w, https:\/\/cofrimell.com\/wp-content\/uploads\/2024\/01\/Pannello-interno-4-300x300.jpg 300w, https:\/\/cofrimell.com\/wp-content\/uploads\/2024\/01\/Pannello-interno-4-1024x1024.jpg 1024w, https:\/\/cofrimell.com\/wp-content\/uploads\/2024\/01\/Pannello-interno-4-150x150.jpg 150w, https:\/\/cofrimell.com\/wp-content\/uploads\/2024\/01\/Pannello-interno-4-768x768.jpg 768w, https:\/\/cofrimell.com\/wp-content\/uploads\/2024\/01\/Pannello-interno-4-1536x1536.jpg 1536w\" sizes=\"(max-width: 1772px) 100vw, 1772px\" \/><\/a>\n\t\t\t<\/div><\/figure>\n\t\t<\/div>\n\t\t<\/div>\n\t\t\t\t\t\t<\/div>\n\t\t\t\t<\/div>\n\t\t\t\t<\/div>\n\t\t\t\t<\/div>\n\t\t\t\t<\/div>\n\t\t","protected":false},"excerpt":{"rendered":"<p>COFRIMELL LEADER DE LA REFRIGERATION COMMERCIALE DEPUIS 1981 Depuis 1981, Cofrimell est pr\u00e9sent sur le march\u00e9 international depuis plus de 40 ans et n&rsquo;a cess\u00e9 de cro\u00eetre et de se d\u00e9velopper. Aujourd&rsquo;hui, c&rsquo;est une entreprise leader au niveau international dans le domaine de la r\u00e9frig\u00e9ration commerciale. Cofrimell dispose d&rsquo;une large gamme de produits, en constante [&hellip;]<\/p>\n","protected":false},"author":2,"featured_media":3366,"parent":0,"menu_order":0,"comment_status":"closed","ping_status":"closed","template":"elementor_header_footer","meta":{"footnotes":""},"class_list":["post-4774","page","type-page","status-publish","has-post-thumbnail","hentry"],"yoast_head":"<!-- This site is optimized with the Yoast SEO plugin v27.2 - https:\/\/yoast.com\/product\/yoast-seo-wordpress\/ -->\n<title>Enterprise - Cofrimell<\/title>\n<meta name=\"description\" content=\"L&#039;un des fleurons de Cofrimell est la grande attention que nous portons au processus de production de nos machines afin de garantir la plus haute qualit\u00e9 du produit.\" \/>\n<meta name=\"robots\" content=\"index, follow, max-snippet:-1, max-image-preview:large, max-video-preview:-1\" \/>\n<link rel=\"canonical\" href=\"https:\/\/cofrimell.com\/fr\/enterprise\/\" \/>\n<meta property=\"og:locale\" content=\"fr_FR\" \/>\n<meta property=\"og:type\" content=\"article\" \/>\n<meta property=\"og:title\" content=\"Cofrimell | Company\" \/>\n<meta property=\"og:description\" content=\"Chez Cofrimell, l&#039;un des aspects essentiels est l&#039;attention m\u00e9ticuleuse que nous portons au processus de fabrication de nos machines, ce qui garantit la qualit\u00e9 optimale de nos produits.\" \/>\n<meta property=\"og:url\" content=\"https:\/\/cofrimell.com\/fr\/enterprise\/\" \/>\n<meta property=\"og:site_name\" content=\"Cofrimell\" \/>\n<meta property=\"article:modified_time\" content=\"2024-02-19T09:05:17+00:00\" \/>\n<meta property=\"og:image\" content=\"https:\/\/cofrimell.com\/wp-content\/uploads\/2024\/01\/Pannello-interno-stabilimento-300x300.jpg\" \/>\n<meta name=\"twitter:card\" content=\"summary_large_image\" \/>\n<meta name=\"twitter:label1\" content=\"Dur\u00e9e de lecture estim\u00e9e\" \/>\n\t<meta name=\"twitter:data1\" content=\"3 minutes\" \/>\n<script type=\"application\/ld+json\" class=\"yoast-schema-graph\">{\"@context\":\"https:\/\/schema.org\",\"@graph\":[{\"@type\":\"WebPage\",\"@id\":\"https:\/\/cofrimell.com\/fr\/enterprise\/\",\"url\":\"https:\/\/cofrimell.com\/fr\/enterprise\/\",\"name\":\"Enterprise - Cofrimell\",\"isPartOf\":{\"@id\":\"https:\/\/cofrimell.com\/fr\/#website\"},\"primaryImageOfPage\":{\"@id\":\"https:\/\/cofrimell.com\/fr\/enterprise\/#primaryimage\"},\"image\":{\"@id\":\"https:\/\/cofrimell.com\/fr\/enterprise\/#primaryimage\"},\"thumbnailUrl\":\"https:\/\/cofrimell.com\/wp-content\/uploads\/2024\/01\/Pannello-interno-stabilimento.jpg\",\"datePublished\":\"2024-01-09T14:18:48+00:00\",\"dateModified\":\"2024-02-19T09:05:17+00:00\",\"description\":\"L'un des fleurons de Cofrimell est la grande attention que nous portons au processus de production de nos machines afin de garantir la plus haute qualit\u00e9 du produit.\",\"breadcrumb\":{\"@id\":\"https:\/\/cofrimell.com\/fr\/enterprise\/#breadcrumb\"},\"inLanguage\":\"fr-FR\",\"potentialAction\":[{\"@type\":\"ReadAction\",\"target\":[\"https:\/\/cofrimell.com\/fr\/enterprise\/\"]}]},{\"@type\":\"ImageObject\",\"inLanguage\":\"fr-FR\",\"@id\":\"https:\/\/cofrimell.com\/fr\/enterprise\/#primaryimage\",\"url\":\"https:\/\/cofrimell.com\/wp-content\/uploads\/2024\/01\/Pannello-interno-stabilimento.jpg\",\"contentUrl\":\"https:\/\/cofrimell.com\/wp-content\/uploads\/2024\/01\/Pannello-interno-stabilimento.jpg\",\"width\":1772,\"height\":1772},{\"@type\":\"BreadcrumbList\",\"@id\":\"https:\/\/cofrimell.com\/fr\/enterprise\/#breadcrumb\",\"itemListElement\":[{\"@type\":\"ListItem\",\"position\":1,\"name\":\"Home\",\"item\":\"https:\/\/cofrimell.com\/fr\/\"},{\"@type\":\"ListItem\",\"position\":2,\"name\":\"Enterprise\"}]},{\"@type\":\"WebSite\",\"@id\":\"https:\/\/cofrimell.com\/fr\/#website\",\"url\":\"https:\/\/cofrimell.com\/fr\/\",\"name\":\"Cofrimell\",\"description\":\"\",\"publisher\":{\"@id\":\"https:\/\/cofrimell.com\/fr\/#organization\"},\"potentialAction\":[{\"@type\":\"SearchAction\",\"target\":{\"@type\":\"EntryPoint\",\"urlTemplate\":\"https:\/\/cofrimell.com\/fr\/?s={search_term_string}\"},\"query-input\":{\"@type\":\"PropertyValueSpecification\",\"valueRequired\":true,\"valueName\":\"search_term_string\"}}],\"inLanguage\":\"fr-FR\"},{\"@type\":\"Organization\",\"@id\":\"https:\/\/cofrimell.com\/fr\/#organization\",\"name\":\"Cofrimell\",\"url\":\"https:\/\/cofrimell.com\/fr\/\",\"logo\":{\"@type\":\"ImageObject\",\"inLanguage\":\"fr-FR\",\"@id\":\"https:\/\/cofrimell.com\/fr\/#\/schema\/logo\/image\/\",\"url\":\"https:\/\/cofrimell.com\/wp-content\/uploads\/2023\/11\/logo-cofrimell.png\",\"contentUrl\":\"https:\/\/cofrimell.com\/wp-content\/uploads\/2023\/11\/logo-cofrimell.png\",\"width\":804,\"height\":453,\"caption\":\"Cofrimell\"},\"image\":{\"@id\":\"https:\/\/cofrimell.com\/fr\/#\/schema\/logo\/image\/\"}}]}<\/script>\n<!-- \/ Yoast SEO plugin. -->","yoast_head_json":{"title":"Enterprise - Cofrimell","description":"L'un des fleurons de Cofrimell est la grande attention que nous portons au processus de production de nos machines afin de garantir la plus haute qualit\u00e9 du produit.","robots":{"index":"index","follow":"follow","max-snippet":"max-snippet:-1","max-image-preview":"max-image-preview:large","max-video-preview":"max-video-preview:-1"},"canonical":"https:\/\/cofrimell.com\/fr\/enterprise\/","og_locale":"fr_FR","og_type":"article","og_title":"Cofrimell | Company","og_description":"Chez Cofrimell, l'un des aspects essentiels est l'attention m\u00e9ticuleuse que nous portons au processus de fabrication de nos machines, ce qui garantit la qualit\u00e9 optimale de nos produits.","og_url":"https:\/\/cofrimell.com\/fr\/enterprise\/","og_site_name":"Cofrimell","article_modified_time":"2024-02-19T09:05:17+00:00","og_image":[{"url":"https:\/\/cofrimell.com\/wp-content\/uploads\/2024\/01\/Pannello-interno-stabilimento-300x300.jpg","type":"","width":"","height":""}],"twitter_card":"summary_large_image","twitter_misc":{"Dur\u00e9e de lecture estim\u00e9e":"3 minutes"},"schema":{"@context":"https:\/\/schema.org","@graph":[{"@type":"WebPage","@id":"https:\/\/cofrimell.com\/fr\/enterprise\/","url":"https:\/\/cofrimell.com\/fr\/enterprise\/","name":"Enterprise - Cofrimell","isPartOf":{"@id":"https:\/\/cofrimell.com\/fr\/#website"},"primaryImageOfPage":{"@id":"https:\/\/cofrimell.com\/fr\/enterprise\/#primaryimage"},"image":{"@id":"https:\/\/cofrimell.com\/fr\/enterprise\/#primaryimage"},"thumbnailUrl":"https:\/\/cofrimell.com\/wp-content\/uploads\/2024\/01\/Pannello-interno-stabilimento.jpg","datePublished":"2024-01-09T14:18:48+00:00","dateModified":"2024-02-19T09:05:17+00:00","description":"L'un des fleurons de Cofrimell est la grande attention que nous portons au processus de production de nos machines afin de garantir la plus haute qualit\u00e9 du produit.","breadcrumb":{"@id":"https:\/\/cofrimell.com\/fr\/enterprise\/#breadcrumb"},"inLanguage":"fr-FR","potentialAction":[{"@type":"ReadAction","target":["https:\/\/cofrimell.com\/fr\/enterprise\/"]}]},{"@type":"ImageObject","inLanguage":"fr-FR","@id":"https:\/\/cofrimell.com\/fr\/enterprise\/#primaryimage","url":"https:\/\/cofrimell.com\/wp-content\/uploads\/2024\/01\/Pannello-interno-stabilimento.jpg","contentUrl":"https:\/\/cofrimell.com\/wp-content\/uploads\/2024\/01\/Pannello-interno-stabilimento.jpg","width":1772,"height":1772},{"@type":"BreadcrumbList","@id":"https:\/\/cofrimell.com\/fr\/enterprise\/#breadcrumb","itemListElement":[{"@type":"ListItem","position":1,"name":"Home","item":"https:\/\/cofrimell.com\/fr\/"},{"@type":"ListItem","position":2,"name":"Enterprise"}]},{"@type":"WebSite","@id":"https:\/\/cofrimell.com\/fr\/#website","url":"https:\/\/cofrimell.com\/fr\/","name":"Cofrimell","description":"","publisher":{"@id":"https:\/\/cofrimell.com\/fr\/#organization"},"potentialAction":[{"@type":"SearchAction","target":{"@type":"EntryPoint","urlTemplate":"https:\/\/cofrimell.com\/fr\/?s={search_term_string}"},"query-input":{"@type":"PropertyValueSpecification","valueRequired":true,"valueName":"search_term_string"}}],"inLanguage":"fr-FR"},{"@type":"Organization","@id":"https:\/\/cofrimell.com\/fr\/#organization","name":"Cofrimell","url":"https:\/\/cofrimell.com\/fr\/","logo":{"@type":"ImageObject","inLanguage":"fr-FR","@id":"https:\/\/cofrimell.com\/fr\/#\/schema\/logo\/image\/","url":"https:\/\/cofrimell.com\/wp-content\/uploads\/2023\/11\/logo-cofrimell.png","contentUrl":"https:\/\/cofrimell.com\/wp-content\/uploads\/2023\/11\/logo-cofrimell.png","width":804,"height":453,"caption":"Cofrimell"},"image":{"@id":"https:\/\/cofrimell.com\/fr\/#\/schema\/logo\/image\/"}}]}},"_links":{"self":[{"href":"https:\/\/cofrimell.com\/fr\/wp-json\/wp\/v2\/pages\/4774","targetHints":{"allow":["GET"]}}],"collection":[{"href":"https:\/\/cofrimell.com\/fr\/wp-json\/wp\/v2\/pages"}],"about":[{"href":"https:\/\/cofrimell.com\/fr\/wp-json\/wp\/v2\/types\/page"}],"author":[{"embeddable":true,"href":"https:\/\/cofrimell.com\/fr\/wp-json\/wp\/v2\/users\/2"}],"replies":[{"embeddable":true,"href":"https:\/\/cofrimell.com\/fr\/wp-json\/wp\/v2\/comments?post=4774"}],"version-history":[{"count":6,"href":"https:\/\/cofrimell.com\/fr\/wp-json\/wp\/v2\/pages\/4774\/revisions"}],"predecessor-version":[{"id":4910,"href":"https:\/\/cofrimell.com\/fr\/wp-json\/wp\/v2\/pages\/4774\/revisions\/4910"}],"wp:featuredmedia":[{"embeddable":true,"href":"https:\/\/cofrimell.com\/fr\/wp-json\/wp\/v2\/media\/3366"}],"wp:attachment":[{"href":"https:\/\/cofrimell.com\/fr\/wp-json\/wp\/v2\/media?parent=4774"}],"curies":[{"name":"wp","href":"https:\/\/api.w.org\/{rel}","templated":true}]}}