{"id":4778,"date":"2024-01-25T13:51:09","date_gmt":"2024-01-25T13:51:09","guid":{"rendered":"https:\/\/cofrimell.com\/nouvelles\/"},"modified":"2024-02-16T11:51:34","modified_gmt":"2024-02-16T11:51:34","slug":"nouvelles","status":"publish","type":"page","link":"https:\/\/cofrimell.com\/fr\/nouvelles\/","title":{"rendered":"Nouvelles"},"content":{"rendered":"\t\t<div data-elementor-type=\"wp-page\" data-elementor-id=\"4778\" class=\"elementor elementor-4778 elementor-3573\" data-elementor-post-type=\"page\">\n\t\t\t\t<div class=\"elementor-element elementor-element-32b27b3 e-flex e-con-boxed e-con e-parent\" data-id=\"32b27b3\" data-element_type=\"container\" data-e-type=\"container\" data-settings=\"{&quot;background_background&quot;:&quot;classic&quot;}\">\n\t\t\t\t\t<div class=\"e-con-inner\">\n\t\t\t\t<div class=\"elementor-element elementor-element-6dc57cb elementor-widget elementor-widget-heading\" data-id=\"6dc57cb\" data-element_type=\"widget\" data-e-type=\"widget\" data-widget_type=\"heading.default\">\n\t\t\t\t<div class=\"elementor-widget-container\">\n\t\t\t\t\t<h2 class=\"elementor-heading-title elementor-size-default\">NOUVELLES ET \u00c9V\u00c9NEMENTS<\/h2>\t\t\t\t<\/div>\n\t\t\t\t<\/div>\n\t\t\t\t<div class=\"elementor-element elementor-element-15b4b7e elementor-grid-3 elementor-grid-tablet-2 elementor-grid-mobile-1 elementor-posts--thumbnail-top load-more-align-center elementor-widget elementor-widget-posts\" data-id=\"15b4b7e\" data-element_type=\"widget\" data-e-type=\"widget\" data-settings=\"{&quot;pagination_type&quot;:&quot;load_more_on_click&quot;,&quot;classic_columns&quot;:&quot;3&quot;,&quot;classic_columns_tablet&quot;:&quot;2&quot;,&quot;classic_columns_mobile&quot;:&quot;1&quot;,&quot;classic_row_gap&quot;:{&quot;unit&quot;:&quot;px&quot;,&quot;size&quot;:35,&quot;sizes&quot;:[]},&quot;classic_row_gap_tablet&quot;:{&quot;unit&quot;:&quot;px&quot;,&quot;size&quot;:&quot;&quot;,&quot;sizes&quot;:[]},&quot;classic_row_gap_mobile&quot;:{&quot;unit&quot;:&quot;px&quot;,&quot;size&quot;:&quot;&quot;,&quot;sizes&quot;:[]},&quot;load_more_spinner&quot;:{&quot;value&quot;:&quot;fas fa-spinner&quot;,&quot;library&quot;:&quot;fa-solid&quot;}}\" data-widget_type=\"posts.classic\">\n\t\t\t\t<div class=\"elementor-widget-container\">\n\t\t\t\t\t\t\t<div class=\"elementor-posts-container elementor-posts elementor-posts--skin-classic elementor-grid\" role=\"list\">\n\t\t\t\t<article class=\"elementor-post elementor-grid-item post-6180 post type-post status-publish format-standard has-post-thumbnail hentry category-non-classifiee tag-cofrimell-fr tag-distributeurs-de-boissons tag-host-milano tag-machines-a-granites\" role=\"listitem\">\n\t\t\t\t<a class=\"elementor-post__thumbnail__link\" href=\"https:\/\/cofrimell.com\/fr\/cofrimell-au-thaifex-horec-asia-2025-2\/\" tabindex=\"-1\" >\n\t\t\t<div class=\"elementor-post__thumbnail\"><img fetchpriority=\"high\" decoding=\"async\" width=\"300\" height=\"300\" src=\"https:\/\/cofrimell.com\/wp-content\/uploads\/2025\/09\/Host-Milano-2025-300x300.jpg\" class=\"attachment-medium size-medium wp-image-6183\" alt=\"\" srcset=\"https:\/\/cofrimell.com\/wp-content\/uploads\/2025\/09\/Host-Milano-2025-300x300.jpg 300w, https:\/\/cofrimell.com\/wp-content\/uploads\/2025\/09\/Host-Milano-2025-150x150.jpg 150w, https:\/\/cofrimell.com\/wp-content\/uploads\/2025\/09\/Host-Milano-2025.jpg 732w\" sizes=\"(max-width: 300px) 100vw, 300px\" \/><\/div>\n\t\t<\/a>\n\t\t\t\t<div class=\"elementor-post__text\">\n\t\t\t\t<h3 class=\"elementor-post__title\">\n\t\t\t<a href=\"https:\/\/cofrimell.com\/fr\/cofrimell-au-thaifex-horec-asia-2025-2\/\" >\n\t\t\t\tCofrimell \u00e0 Host Milano 2025\t\t\t<\/a>\n\t\t<\/h3>\n\t\t\t\t<div class=\"elementor-post__meta-data\">\n\t\t\t\t\t<span class=\"elementor-post-date\">\n\t\t\t12 septembre 2025\t\t<\/span>\n\t\t\t\t<\/div>\n\t\t\t\t<div class=\"elementor-post__excerpt\">\n\t\t\t<p>Venez nous rendre visite au salon Host Milano du 17 au 21 octobre 2025, pavillon 18, stand G11\/F12. HostMilano est le salon mondial d\u00e9di\u00e9 au<\/p>\n\t\t<\/div>\n\t\t\n\t\t<a class=\"elementor-post__read-more\" href=\"https:\/\/cofrimell.com\/fr\/cofrimell-au-thaifex-horec-asia-2025-2\/\" aria-label=\"En savoir plus sur Cofrimell \u00e0 Host Milano 2025\" tabindex=\"-1\" >\n\t\t\tLire la suite \u00bb\t\t<\/a>\n\n\t\t\t\t<\/div>\n\t\t\t\t<\/article>\n\t\t\t\t<article class=\"elementor-post elementor-grid-item post-6102 post type-post status-publish format-standard has-post-thumbnail hentry category-non-classifiee tag-cofrimell-fr tag-horec-fr tag-thaifex-horec-asia-fr\" role=\"listitem\">\n\t\t\t\t<a class=\"elementor-post__thumbnail__link\" href=\"https:\/\/cofrimell.com\/fr\/cofrimell-au-thaifex-horec-asia-2025\/\" tabindex=\"-1\" >\n\t\t\t<div class=\"elementor-post__thumbnail\"><img decoding=\"async\" width=\"300\" height=\"300\" src=\"https:\/\/cofrimell.com\/wp-content\/uploads\/2024\/09\/thaifex-horec-2025--300x300.jpg\" class=\"attachment-medium size-medium wp-image-6112\" alt=\"thaifex horec asia cofrimell\" srcset=\"https:\/\/cofrimell.com\/wp-content\/uploads\/2024\/09\/thaifex-horec-2025--300x300.jpg 300w, https:\/\/cofrimell.com\/wp-content\/uploads\/2024\/09\/thaifex-horec-2025--150x150.jpg 150w, https:\/\/cofrimell.com\/wp-content\/uploads\/2024\/09\/thaifex-horec-2025--768x768.jpg 768w, https:\/\/cofrimell.com\/wp-content\/uploads\/2024\/09\/thaifex-horec-2025-.jpg 800w\" sizes=\"(max-width: 300px) 100vw, 300px\" \/><\/div>\n\t\t<\/a>\n\t\t\t\t<div class=\"elementor-post__text\">\n\t\t\t\t<h3 class=\"elementor-post__title\">\n\t\t\t<a href=\"https:\/\/cofrimell.com\/fr\/cofrimell-au-thaifex-horec-asia-2025\/\" >\n\t\t\t\tCofrimell au Thaifex HOREC Asia 2025\t\t\t<\/a>\n\t\t<\/h3>\n\t\t\t\t<div class=\"elementor-post__meta-data\">\n\t\t\t\t\t<span class=\"elementor-post-date\">\n\t\t\t3 septembre 2024\t\t<\/span>\n\t\t\t\t<\/div>\n\t\t\t\t<div class=\"elementor-post__excerpt\">\n\t\t\t<p>Rendez-nous visite du 5 au 7 mars 2025 \u00e0 Thaifex HOREC Asia \u00e0 Bangkok, Tha\u00eflande. Venez sur notre stand pour d\u00e9couvrir notre gamme de machines<\/p>\n\t\t<\/div>\n\t\t\n\t\t<a class=\"elementor-post__read-more\" href=\"https:\/\/cofrimell.com\/fr\/cofrimell-au-thaifex-horec-asia-2025\/\" aria-label=\"En savoir plus sur Cofrimell au Thaifex HOREC Asia 2025\" tabindex=\"-1\" >\n\t\t\tLire la suite \u00bb\t\t<\/a>\n\n\t\t\t\t<\/div>\n\t\t\t\t<\/article>\n\t\t\t\t<article class=\"elementor-post elementor-grid-item post-6097 post type-post status-publish format-standard has-post-thumbnail hentry category-non-classifiee tag-cofrimell-fr tag-nafem-fr tag-the-nafem-show-fr\" role=\"listitem\">\n\t\t\t\t<a class=\"elementor-post__thumbnail__link\" href=\"https:\/\/cofrimell.com\/fr\/cofrimell-au-nafem-show-2025\/\" tabindex=\"-1\" >\n\t\t\t<div class=\"elementor-post__thumbnail\"><img decoding=\"async\" width=\"300\" height=\"300\" src=\"https:\/\/cofrimell.com\/wp-content\/uploads\/2024\/09\/cofrimell-nafem-2025-300x300.jpg\" class=\"attachment-medium size-medium wp-image-6089\" alt=\"cofrimell the nafem show\" srcset=\"https:\/\/cofrimell.com\/wp-content\/uploads\/2024\/09\/cofrimell-nafem-2025-300x300.jpg 300w, https:\/\/cofrimell.com\/wp-content\/uploads\/2024\/09\/cofrimell-nafem-2025-150x150.jpg 150w, https:\/\/cofrimell.com\/wp-content\/uploads\/2024\/09\/cofrimell-nafem-2025-768x768.jpg 768w, https:\/\/cofrimell.com\/wp-content\/uploads\/2024\/09\/cofrimell-nafem-2025.jpg 800w\" sizes=\"(max-width: 300px) 100vw, 300px\" \/><\/div>\n\t\t<\/a>\n\t\t\t\t<div class=\"elementor-post__text\">\n\t\t\t\t<h3 class=\"elementor-post__title\">\n\t\t\t<a href=\"https:\/\/cofrimell.com\/fr\/cofrimell-au-nafem-show-2025\/\" >\n\t\t\t\tCofrimell au Nafem Show 2025\t\t\t<\/a>\n\t\t<\/h3>\n\t\t\t\t<div class=\"elementor-post__meta-data\">\n\t\t\t\t\t<span class=\"elementor-post-date\">\n\t\t\t3 septembre 2024\t\t<\/span>\n\t\t\t\t<\/div>\n\t\t\t\t<div class=\"elementor-post__excerpt\">\n\t\t\t<p>Rejoignez-nous du 26 au 28 f\u00e9vrier 2025 au Nafem Show \u00e0 Atlanta ! Visitez notre stand d\u00e9di\u00e9 pour d\u00e9couvrir notre collection de machines de r\u00e9frig\u00e9ration,<\/p>\n\t\t<\/div>\n\t\t\n\t\t<a class=\"elementor-post__read-more\" href=\"https:\/\/cofrimell.com\/fr\/cofrimell-au-nafem-show-2025\/\" aria-label=\"En savoir plus sur Cofrimell au Nafem Show 2025\" tabindex=\"-1\" >\n\t\t\tLire la suite \u00bb\t\t<\/a>\n\n\t\t\t\t<\/div>\n\t\t\t\t<\/article>\n\t\t\t\t<\/div>\n\t\t\t\t\t<span class=\"e-load-more-spinner\">\n\t\t\t\t<svg aria-hidden=\"true\" class=\"e-font-icon-svg e-fas-spinner\" viewBox=\"0 0 512 512\" xmlns=\"http:\/\/www.w3.org\/2000\/svg\"><path d=\"M304 48c0 26.51-21.49 48-48 48s-48-21.49-48-48 21.49-48 48-48 48 21.49 48 48zm-48 368c-26.51 0-48 21.49-48 48s21.49 48 48 48 48-21.49 48-48-21.49-48-48-48zm208-208c-26.51 0-48 21.49-48 48s21.49 48 48 48 48-21.49 48-48-21.49-48-48-48zM96 256c0-26.51-21.49-48-48-48S0 229.49 0 256s21.49 48 48 48 48-21.49 48-48zm12.922 99.078c-26.51 0-48 21.49-48 48s21.49 48 48 48 48-21.49 48-48c0-26.509-21.491-48-48-48zm294.156 0c-26.51 0-48 21.49-48 48s21.49 48 48 48 48-21.49 48-48c0-26.509-21.49-48-48-48zM108.922 60.922c-26.51 0-48 21.49-48 48s21.49 48 48 48 48-21.49 48-48-21.491-48-48-48z\"><\/path><\/svg>\t\t\t<\/span>\n\t\t\n\t\t\t\t<div class=\"e-load-more-anchor\" data-page=\"1\" data-max-page=\"5\" data-next-page=\"https:\/\/cofrimell.com\/fr\/wp-json\/wp\/v2\/pages\/4778\/page\/2\/\"><\/div>\n\t\t\t\t<div class=\"elementor-button-wrapper\">\n\t\t\t<a class=\"elementor-button elementor-size-sm\" role=\"button\">\n\t\t\t\t\t\t<span class=\"elementor-button-content-wrapper\">\n\t\t\t\t\t\t\t\t\t<span class=\"elementor-button-text\">En savoir plus<\/span>\n\t\t\t\t\t<\/span>\n\t\t\t\t\t<\/a>\n\t\t<\/div>\n\t\t\t\t<div class=\"e-load-more-message\"><\/div>\n\t\t\t\t\t\t<\/div>\n\t\t\t\t<\/div>\n\t\t\t\t\t<\/div>\n\t\t\t\t<\/div>\n\t\t\t\t<\/div>\n\t\t","protected":false},"excerpt":{"rendered":"<p>NOUVELLES ET \u00c9V\u00c9NEMENTS<\/p>\n","protected":false},"author":2,"featured_media":3521,"parent":0,"menu_order":0,"comment_status":"closed","ping_status":"closed","template":"","meta":{"footnotes":""},"class_list":["post-4778","page","type-page","status-publish","has-post-thumbnail","hentry"],"yoast_head":"<!-- This site is optimized with the Yoast SEO plugin v27.2 - https:\/\/yoast.com\/product\/yoast-seo-wordpress\/ -->\n<title>Nouvelles - Cofrimell<\/title>\n<meta name=\"description\" content=\"Explorez les archives des \u00e9v\u00e9nements de Cofrimell, qui pr\u00e9sentent des rencontres prestigieuses telles que Host Milano, FHA, Sigep, et bien d&#039;autres encore. Notre mission est de distribuer dans le monde entier nos produits exceptionnels fabriqu\u00e9s en Italie.\" \/>\n<meta name=\"robots\" content=\"index, follow, max-snippet:-1, max-image-preview:large, max-video-preview:-1\" \/>\n<link rel=\"canonical\" href=\"https:\/\/cofrimell.com\/fr\/nouvelles\/\" \/>\n<meta property=\"og:locale\" content=\"fr_FR\" \/>\n<meta property=\"og:type\" content=\"article\" \/>\n<meta property=\"og:title\" content=\"Cofrimell | Nouvelles\" \/>\n<meta property=\"og:description\" content=\"Explorez les archives des \u00e9v\u00e9nements de Cofrimell, qui pr\u00e9sentent des rencontres prestigieuses telles que Host Milano, FHA, Sigep, et bien d&#039;autres encore. Notre mission est de distribuer dans le monde entier nos produits exceptionnels fabriqu\u00e9s en Italie.\" \/>\n<meta property=\"og:url\" content=\"https:\/\/cofrimell.com\/fr\/nouvelles\/\" \/>\n<meta property=\"og:site_name\" content=\"Cofrimell\" \/>\n<meta property=\"article:modified_time\" content=\"2024-02-16T11:51:34+00:00\" \/>\n<meta property=\"og:image\" content=\"https:\/\/cofrimell.com\/wp-content\/uploads\/2024\/01\/host_2017_3-300x300.jpeg\" \/>\n<meta name=\"twitter:card\" content=\"summary_large_image\" \/>\n<script type=\"application\/ld+json\" class=\"yoast-schema-graph\">{\"@context\":\"https:\/\/schema.org\",\"@graph\":[{\"@type\":\"WebPage\",\"@id\":\"https:\/\/cofrimell.com\/fr\/nouvelles\/\",\"url\":\"https:\/\/cofrimell.com\/fr\/nouvelles\/\",\"name\":\"Nouvelles - Cofrimell\",\"isPartOf\":{\"@id\":\"https:\/\/cofrimell.com\/fr\/#website\"},\"primaryImageOfPage\":{\"@id\":\"https:\/\/cofrimell.com\/fr\/nouvelles\/#primaryimage\"},\"image\":{\"@id\":\"https:\/\/cofrimell.com\/fr\/nouvelles\/#primaryimage\"},\"thumbnailUrl\":\"https:\/\/cofrimell.com\/wp-content\/uploads\/2024\/01\/host_2017_3.jpeg\",\"datePublished\":\"2024-01-25T13:51:09+00:00\",\"dateModified\":\"2024-02-16T11:51:34+00:00\",\"description\":\"Explorez les archives des \u00e9v\u00e9nements de Cofrimell, qui pr\u00e9sentent des rencontres prestigieuses telles que Host Milano, FHA, Sigep, et bien d'autres encore. Notre mission est de distribuer dans le monde entier nos produits exceptionnels fabriqu\u00e9s en Italie.\",\"breadcrumb\":{\"@id\":\"https:\/\/cofrimell.com\/fr\/nouvelles\/#breadcrumb\"},\"inLanguage\":\"fr-FR\",\"potentialAction\":[{\"@type\":\"ReadAction\",\"target\":[\"https:\/\/cofrimell.com\/fr\/nouvelles\/\"]}]},{\"@type\":\"ImageObject\",\"inLanguage\":\"fr-FR\",\"@id\":\"https:\/\/cofrimell.com\/fr\/nouvelles\/#primaryimage\",\"url\":\"https:\/\/cofrimell.com\/wp-content\/uploads\/2024\/01\/host_2017_3.jpeg\",\"contentUrl\":\"https:\/\/cofrimell.com\/wp-content\/uploads\/2024\/01\/host_2017_3.jpeg\",\"width\":500,\"height\":500},{\"@type\":\"BreadcrumbList\",\"@id\":\"https:\/\/cofrimell.com\/fr\/nouvelles\/#breadcrumb\",\"itemListElement\":[{\"@type\":\"ListItem\",\"position\":1,\"name\":\"Home\",\"item\":\"https:\/\/cofrimell.com\/fr\/\"},{\"@type\":\"ListItem\",\"position\":2,\"name\":\"Nouvelles\"}]},{\"@type\":\"WebSite\",\"@id\":\"https:\/\/cofrimell.com\/fr\/#website\",\"url\":\"https:\/\/cofrimell.com\/fr\/\",\"name\":\"Cofrimell\",\"description\":\"\",\"publisher\":{\"@id\":\"https:\/\/cofrimell.com\/fr\/#organization\"},\"potentialAction\":[{\"@type\":\"SearchAction\",\"target\":{\"@type\":\"EntryPoint\",\"urlTemplate\":\"https:\/\/cofrimell.com\/fr\/?s={search_term_string}\"},\"query-input\":{\"@type\":\"PropertyValueSpecification\",\"valueRequired\":true,\"valueName\":\"search_term_string\"}}],\"inLanguage\":\"fr-FR\"},{\"@type\":\"Organization\",\"@id\":\"https:\/\/cofrimell.com\/fr\/#organization\",\"name\":\"Cofrimell\",\"url\":\"https:\/\/cofrimell.com\/fr\/\",\"logo\":{\"@type\":\"ImageObject\",\"inLanguage\":\"fr-FR\",\"@id\":\"https:\/\/cofrimell.com\/fr\/#\/schema\/logo\/image\/\",\"url\":\"https:\/\/cofrimell.com\/wp-content\/uploads\/2023\/11\/logo-cofrimell.png\",\"contentUrl\":\"https:\/\/cofrimell.com\/wp-content\/uploads\/2023\/11\/logo-cofrimell.png\",\"width\":804,\"height\":453,\"caption\":\"Cofrimell\"},\"image\":{\"@id\":\"https:\/\/cofrimell.com\/fr\/#\/schema\/logo\/image\/\"}}]}<\/script>\n<!-- \/ Yoast SEO plugin. -->","yoast_head_json":{"title":"Nouvelles - Cofrimell","description":"Explorez les archives des \u00e9v\u00e9nements de Cofrimell, qui pr\u00e9sentent des rencontres prestigieuses telles que Host Milano, FHA, Sigep, et bien d'autres encore. Notre mission est de distribuer dans le monde entier nos produits exceptionnels fabriqu\u00e9s en Italie.","robots":{"index":"index","follow":"follow","max-snippet":"max-snippet:-1","max-image-preview":"max-image-preview:large","max-video-preview":"max-video-preview:-1"},"canonical":"https:\/\/cofrimell.com\/fr\/nouvelles\/","og_locale":"fr_FR","og_type":"article","og_title":"Cofrimell | Nouvelles","og_description":"Explorez les archives des \u00e9v\u00e9nements de Cofrimell, qui pr\u00e9sentent des rencontres prestigieuses telles que Host Milano, FHA, Sigep, et bien d'autres encore. Notre mission est de distribuer dans le monde entier nos produits exceptionnels fabriqu\u00e9s en Italie.","og_url":"https:\/\/cofrimell.com\/fr\/nouvelles\/","og_site_name":"Cofrimell","article_modified_time":"2024-02-16T11:51:34+00:00","og_image":[{"url":"https:\/\/cofrimell.com\/wp-content\/uploads\/2024\/01\/host_2017_3-300x300.jpeg","type":"","width":"","height":""}],"twitter_card":"summary_large_image","schema":{"@context":"https:\/\/schema.org","@graph":[{"@type":"WebPage","@id":"https:\/\/cofrimell.com\/fr\/nouvelles\/","url":"https:\/\/cofrimell.com\/fr\/nouvelles\/","name":"Nouvelles - Cofrimell","isPartOf":{"@id":"https:\/\/cofrimell.com\/fr\/#website"},"primaryImageOfPage":{"@id":"https:\/\/cofrimell.com\/fr\/nouvelles\/#primaryimage"},"image":{"@id":"https:\/\/cofrimell.com\/fr\/nouvelles\/#primaryimage"},"thumbnailUrl":"https:\/\/cofrimell.com\/wp-content\/uploads\/2024\/01\/host_2017_3.jpeg","datePublished":"2024-01-25T13:51:09+00:00","dateModified":"2024-02-16T11:51:34+00:00","description":"Explorez les archives des \u00e9v\u00e9nements de Cofrimell, qui pr\u00e9sentent des rencontres prestigieuses telles que Host Milano, FHA, Sigep, et bien d'autres encore. Notre mission est de distribuer dans le monde entier nos produits exceptionnels fabriqu\u00e9s en Italie.","breadcrumb":{"@id":"https:\/\/cofrimell.com\/fr\/nouvelles\/#breadcrumb"},"inLanguage":"fr-FR","potentialAction":[{"@type":"ReadAction","target":["https:\/\/cofrimell.com\/fr\/nouvelles\/"]}]},{"@type":"ImageObject","inLanguage":"fr-FR","@id":"https:\/\/cofrimell.com\/fr\/nouvelles\/#primaryimage","url":"https:\/\/cofrimell.com\/wp-content\/uploads\/2024\/01\/host_2017_3.jpeg","contentUrl":"https:\/\/cofrimell.com\/wp-content\/uploads\/2024\/01\/host_2017_3.jpeg","width":500,"height":500},{"@type":"BreadcrumbList","@id":"https:\/\/cofrimell.com\/fr\/nouvelles\/#breadcrumb","itemListElement":[{"@type":"ListItem","position":1,"name":"Home","item":"https:\/\/cofrimell.com\/fr\/"},{"@type":"ListItem","position":2,"name":"Nouvelles"}]},{"@type":"WebSite","@id":"https:\/\/cofrimell.com\/fr\/#website","url":"https:\/\/cofrimell.com\/fr\/","name":"Cofrimell","description":"","publisher":{"@id":"https:\/\/cofrimell.com\/fr\/#organization"},"potentialAction":[{"@type":"SearchAction","target":{"@type":"EntryPoint","urlTemplate":"https:\/\/cofrimell.com\/fr\/?s={search_term_string}"},"query-input":{"@type":"PropertyValueSpecification","valueRequired":true,"valueName":"search_term_string"}}],"inLanguage":"fr-FR"},{"@type":"Organization","@id":"https:\/\/cofrimell.com\/fr\/#organization","name":"Cofrimell","url":"https:\/\/cofrimell.com\/fr\/","logo":{"@type":"ImageObject","inLanguage":"fr-FR","@id":"https:\/\/cofrimell.com\/fr\/#\/schema\/logo\/image\/","url":"https:\/\/cofrimell.com\/wp-content\/uploads\/2023\/11\/logo-cofrimell.png","contentUrl":"https:\/\/cofrimell.com\/wp-content\/uploads\/2023\/11\/logo-cofrimell.png","width":804,"height":453,"caption":"Cofrimell"},"image":{"@id":"https:\/\/cofrimell.com\/fr\/#\/schema\/logo\/image\/"}}]}},"_links":{"self":[{"href":"https:\/\/cofrimell.com\/fr\/wp-json\/wp\/v2\/pages\/4778","targetHints":{"allow":["GET"]}}],"collection":[{"href":"https:\/\/cofrimell.com\/fr\/wp-json\/wp\/v2\/pages"}],"about":[{"href":"https:\/\/cofrimell.com\/fr\/wp-json\/wp\/v2\/types\/page"}],"author":[{"embeddable":true,"href":"https:\/\/cofrimell.com\/fr\/wp-json\/wp\/v2\/users\/2"}],"replies":[{"embeddable":true,"href":"https:\/\/cofrimell.com\/fr\/wp-json\/wp\/v2\/comments?post=4778"}],"version-history":[{"count":3,"href":"https:\/\/cofrimell.com\/fr\/wp-json\/wp\/v2\/pages\/4778\/revisions"}],"predecessor-version":[{"id":4781,"href":"https:\/\/cofrimell.com\/fr\/wp-json\/wp\/v2\/pages\/4778\/revisions\/4781"}],"wp:featuredmedia":[{"embeddable":true,"href":"https:\/\/cofrimell.com\/fr\/wp-json\/wp\/v2\/media\/3521"}],"wp:attachment":[{"href":"https:\/\/cofrimell.com\/fr\/wp-json\/wp\/v2\/media?parent=4778"}],"curies":[{"name":"wp","href":"https:\/\/api.w.org\/{rel}","templated":true}]}}