{"id":4782,"date":"2023-11-28T15:20:16","date_gmt":"2023-11-28T15:20:16","guid":{"rendered":"https:\/\/cofrimell.com\/contacts\/"},"modified":"2024-07-15T08:15:30","modified_gmt":"2024-07-15T08:15:30","slug":"contacts","status":"publish","type":"page","link":"https:\/\/cofrimell.com\/fr\/contacts\/","title":{"rendered":"Contacts"},"content":{"rendered":"\t\t<div data-elementor-type=\"wp-page\" data-elementor-id=\"4782\" class=\"elementor elementor-4782 elementor-1131\" data-elementor-post-type=\"page\">\n\t\t\t\t<div class=\"elementor-element elementor-element-a14687a e-flex e-con-boxed e-con e-parent\" data-id=\"a14687a\" data-element_type=\"container\" data-e-type=\"container\">\n\t\t\t\t\t<div class=\"e-con-inner\">\n\t\t\t\t<div class=\"elementor-element elementor-element-8855446 elementor-view-framed elementor-widget__width-initial elementor-widget-mobile__width-initial elementor-shape-circle elementor-position-block-start elementor-mobile-position-block-start elementor-widget elementor-widget-icon-box\" data-id=\"8855446\" data-element_type=\"widget\" data-e-type=\"widget\" data-widget_type=\"icon-box.default\">\n\t\t\t\t<div class=\"elementor-widget-container\">\n\t\t\t\t\t\t\t<div class=\"elementor-icon-box-wrapper\">\n\n\t\t\t\t\t\t<div class=\"elementor-icon-box-icon\">\n\t\t\t\t<span  class=\"elementor-icon\">\n\t\t\t\t<svg aria-hidden=\"true\" class=\"e-font-icon-svg e-fas-map-marker-alt\" viewBox=\"0 0 384 512\" xmlns=\"http:\/\/www.w3.org\/2000\/svg\"><path d=\"M172.268 501.67C26.97 291.031 0 269.413 0 192 0 85.961 85.961 0 192 0s192 85.961 192 192c0 77.413-26.97 99.031-172.268 309.67-9.535 13.774-29.93 13.773-39.464 0zM192 272c44.183 0 80-35.817 80-80s-35.817-80-80-80-80 35.817-80 80 35.817 80 80 80z\"><\/path><\/svg>\t\t\t\t<\/span>\n\t\t\t<\/div>\n\t\t\t\n\t\t\t\t\t\t<div class=\"elementor-icon-box-content\">\n\n\t\t\t\t\t\t\t\t\t<h3 class=\"elementor-icon-box-title\">\n\t\t\t\t\t\t<span  >\n\t\t\t\t\t\t\tCofrimell di Zicarelli Srl\t\t\t\t\t\t<\/span>\n\t\t\t\t\t<\/h3>\n\t\t\t\t\n\t\t\t\t\t\t\t\t\t<p class=\"elementor-icon-box-description\">\n\t\t\t\t\t\tVia delle Monachelle, 66\/b <br>\n00071 Pomezia (Roma) <br>\nItalie\t\t\t\t\t<\/p>\n\t\t\t\t\n\t\t\t<\/div>\n\t\t\t\n\t\t<\/div>\n\t\t\t\t\t\t<\/div>\n\t\t\t\t<\/div>\n\t\t\t\t<div class=\"elementor-element elementor-element-ca4ef8f elementor-view-framed elementor-widget__width-initial elementor-widget-mobile__width-initial elementor-shape-circle elementor-position-block-start elementor-mobile-position-block-start elementor-widget elementor-widget-icon-box\" data-id=\"ca4ef8f\" data-element_type=\"widget\" data-e-type=\"widget\" data-widget_type=\"icon-box.default\">\n\t\t\t\t<div class=\"elementor-widget-container\">\n\t\t\t\t\t\t\t<div class=\"elementor-icon-box-wrapper\">\n\n\t\t\t\t\t\t<div class=\"elementor-icon-box-icon\">\n\t\t\t\t<span  class=\"elementor-icon\">\n\t\t\t\t<svg aria-hidden=\"true\" class=\"e-font-icon-svg e-fas-envelope\" viewBox=\"0 0 512 512\" xmlns=\"http:\/\/www.w3.org\/2000\/svg\"><path d=\"M502.3 190.8c3.9-3.1 9.7-.2 9.7 4.7V400c0 26.5-21.5 48-48 48H48c-26.5 0-48-21.5-48-48V195.6c0-5 5.7-7.8 9.7-4.7 22.4 17.4 52.1 39.5 154.1 113.6 21.1 15.4 56.7 47.8 92.2 47.6 35.7.3 72-32.8 92.3-47.6 102-74.1 131.6-96.3 154-113.7zM256 320c23.2.4 56.6-29.2 73.4-41.4 132.7-96.3 142.8-104.7 173.4-128.7 5.8-4.5 9.2-11.5 9.2-18.9v-19c0-26.5-21.5-48-48-48H48C21.5 64 0 85.5 0 112v19c0 7.4 3.4 14.3 9.2 18.9 30.6 23.9 40.7 32.4 173.4 128.7 16.8 12.2 50.2 41.8 73.4 41.4z\"><\/path><\/svg>\t\t\t\t<\/span>\n\t\t\t<\/div>\n\t\t\t\n\t\t\t\t\t\t<div class=\"elementor-icon-box-content\">\n\n\t\t\t\t\t\t\t\t\t<h3 class=\"elementor-icon-box-title\">\n\t\t\t\t\t\t<span  >\n\t\t\t\t\t\t\temail\t\t\t\t\t\t<\/span>\n\t\t\t\t\t<\/h3>\n\t\t\t\t\n\t\t\t\t\t\t\t\t\t<p class=\"elementor-icon-box-description\">\n\t\t\t\t\t\tinfo@cofrimell.com\t\t\t\t\t<\/p>\n\t\t\t\t\n\t\t\t<\/div>\n\t\t\t\n\t\t<\/div>\n\t\t\t\t\t\t<\/div>\n\t\t\t\t<\/div>\n\t\t\t\t<div class=\"elementor-element elementor-element-65ec927 elementor-view-framed elementor-widget__width-initial elementor-widget-mobile__width-initial elementor-shape-circle elementor-position-block-start elementor-mobile-position-block-start elementor-widget elementor-widget-icon-box\" data-id=\"65ec927\" data-element_type=\"widget\" data-e-type=\"widget\" data-widget_type=\"icon-box.default\">\n\t\t\t\t<div class=\"elementor-widget-container\">\n\t\t\t\t\t\t\t<div class=\"elementor-icon-box-wrapper\">\n\n\t\t\t\t\t\t<div class=\"elementor-icon-box-icon\">\n\t\t\t\t<span  class=\"elementor-icon\">\n\t\t\t\t<svg aria-hidden=\"true\" class=\"e-font-icon-svg e-fas-phone-alt\" viewBox=\"0 0 512 512\" xmlns=\"http:\/\/www.w3.org\/2000\/svg\"><path d=\"M497.39 361.8l-112-48a24 24 0 0 0-28 6.9l-49.6 60.6A370.66 370.66 0 0 1 130.6 204.11l60.6-49.6a23.94 23.94 0 0 0 6.9-28l-48-112A24.16 24.16 0 0 0 122.6.61l-104 24A24 24 0 0 0 0 48c0 256.5 207.9 464 464 464a24 24 0 0 0 23.4-18.6l24-104a24.29 24.29 0 0 0-14.01-27.6z\"><\/path><\/svg>\t\t\t\t<\/span>\n\t\t\t<\/div>\n\t\t\t\n\t\t\t\t\t\t<div class=\"elementor-icon-box-content\">\n\n\t\t\t\t\t\t\t\t\t<h3 class=\"elementor-icon-box-title\">\n\t\t\t\t\t\t<span  >\n\t\t\t\t\t\t\tTelephone - Fax\t\t\t\t\t\t<\/span>\n\t\t\t\t\t<\/h3>\n\t\t\t\t\n\t\t\t\t\t\t\t\t\t<p class=\"elementor-icon-box-description\">\n\t\t\t\t\t\tTel. +39 06 91602967 r.a. <br>\n+39 06 9107351<br>\nFax +39 06 9107060\t\t\t\t\t<\/p>\n\t\t\t\t\n\t\t\t<\/div>\n\t\t\t\n\t\t<\/div>\n\t\t\t\t\t\t<\/div>\n\t\t\t\t<\/div>\n\t\t\t\t\t<\/div>\n\t\t\t\t<\/div>\n\t\t<div class=\"elementor-element elementor-element-17a2825 e-flex e-con-boxed e-con e-parent\" data-id=\"17a2825\" data-element_type=\"container\" data-e-type=\"container\">\n\t\t\t\t\t<div class=\"e-con-inner\">\n\t\t\t\t<div class=\"elementor-element elementor-element-e33abaa elementor-widget elementor-widget-heading\" data-id=\"e33abaa\" data-element_type=\"widget\" data-e-type=\"widget\" data-widget_type=\"heading.default\">\n\t\t\t\t<div class=\"elementor-widget-container\">\n\t\t\t\t\t<h2 class=\"elementor-heading-title elementor-size-default\">Contactez nous<\/h2>\t\t\t\t<\/div>\n\t\t\t\t<\/div>\n\t\t\t\t<div class=\"elementor-element elementor-element-bc0d80e elementor-widget elementor-widget-text-editor\" data-id=\"bc0d80e\" data-element_type=\"widget\" data-e-type=\"widget\" data-widget_type=\"text-editor.default\">\n\t\t\t\t<div class=\"elementor-widget-container\">\n\t\t\t\t\t\t\t\t\t<p class=\"p1\">Remplissez le formulaire dans son int\u00e9gralit\u00e9 pour entrer en contact direct avec l&rsquo;\u00e9quipe de Cofrimell.<\/p>\n\t\t\t\t\t\t\t\t<\/div>\n\t\t\t\t<\/div>\n\t\t<div class=\"elementor-element elementor-element-de9d468 e-con-full e-flex e-con e-child\" data-id=\"de9d468\" data-element_type=\"container\" data-e-type=\"container\" data-settings=\"{&quot;background_background&quot;:&quot;classic&quot;}\">\n\t\t\t\t<div class=\"elementor-element elementor-element-49151486 elementor-button-align-end elementor-widget elementor-widget-form\" data-id=\"49151486\" data-element_type=\"widget\" data-e-type=\"widget\" data-settings=\"{&quot;step_next_label&quot;:&quot;Suivant&quot;,&quot;step_previous_label&quot;:&quot;Pr\\u00e9c\\u00e9dent&quot;,&quot;button_width&quot;:&quot;100&quot;,&quot;step_type&quot;:&quot;number_text&quot;,&quot;step_icon_shape&quot;:&quot;circle&quot;}\" data-widget_type=\"form.default\">\n\t\t\t\t<div class=\"elementor-widget-container\">\n\t\t\t\t\t\t\t<form class=\"elementor-form\" method=\"post\" name=\"Contactez nous\" aria-label=\"Contactez nous\">\n\t\t\t<input type=\"hidden\" name=\"post_id\" value=\"4782\"\/>\n\t\t\t<input type=\"hidden\" name=\"form_id\" value=\"49151486\"\/>\n\t\t\t<input type=\"hidden\" name=\"referer_title\" value=\"Contacts - Cofrimell\" \/>\n\n\t\t\t\t\t\t\t<input type=\"hidden\" name=\"queried_id\" value=\"4782\"\/>\n\t\t\t\n\t\t\t<div class=\"elementor-form-fields-wrapper elementor-labels-\">\n\t\t\t\t\t\t\t\t<div class=\"elementor-field-type-text elementor-field-group elementor-column elementor-field-group-name elementor-col-100 elementor-field-required\">\n\t\t\t\t\t\t\t\t\t\t\t\t<label for=\"form-field-name\" class=\"elementor-field-label elementor-screen-only\">\n\t\t\t\t\t\t\t\tNom\t\t\t\t\t\t\t<\/label>\n\t\t\t\t\t\t\t\t\t\t\t\t\t\t<input size=\"1\" type=\"text\" name=\"form_fields[name]\" id=\"form-field-name\" class=\"elementor-field elementor-size-sm  elementor-field-textual\" placeholder=\"Nom\" required=\"required\">\n\t\t\t\t\t\t\t\t\t\t\t<\/div>\n\t\t\t\t\t\t\t\t<div class=\"elementor-field-type-text elementor-field-group elementor-column elementor-field-group-field_01a9cd8 elementor-col-100 elementor-field-required\">\n\t\t\t\t\t\t\t\t\t\t\t\t<label for=\"form-field-field_01a9cd8\" class=\"elementor-field-label elementor-screen-only\">\n\t\t\t\t\t\t\t\tNom de famille\t\t\t\t\t\t\t<\/label>\n\t\t\t\t\t\t\t\t\t\t\t\t\t\t<input size=\"1\" type=\"text\" name=\"form_fields[field_01a9cd8]\" id=\"form-field-field_01a9cd8\" class=\"elementor-field elementor-size-sm  elementor-field-textual\" placeholder=\"Nom de famille\" required=\"required\">\n\t\t\t\t\t\t\t\t\t\t\t<\/div>\n\t\t\t\t\t\t\t\t<div class=\"elementor-field-type-email elementor-field-group elementor-column elementor-field-group-email elementor-col-100 elementor-field-required\">\n\t\t\t\t\t\t\t\t\t\t\t\t<label for=\"form-field-email\" class=\"elementor-field-label elementor-screen-only\">\n\t\t\t\t\t\t\t\tEmail\t\t\t\t\t\t\t<\/label>\n\t\t\t\t\t\t\t\t\t\t\t\t\t\t<input size=\"1\" type=\"email\" name=\"form_fields[email]\" id=\"form-field-email\" class=\"elementor-field elementor-size-sm  elementor-field-textual\" placeholder=\"Email\" required=\"required\">\n\t\t\t\t\t\t\t\t\t\t\t<\/div>\n\t\t\t\t\t\t\t\t<div class=\"elementor-field-type-tel elementor-field-group elementor-column elementor-field-group-field_f7a6933 elementor-col-100 elementor-field-required\">\n\t\t\t\t\t\t\t\t\t\t\t\t<label for=\"form-field-field_f7a6933\" class=\"elementor-field-label elementor-screen-only\">\n\t\t\t\t\t\t\t\tT\u00e9l\u00e9phone\t\t\t\t\t\t\t<\/label>\n\t\t\t\t\t\t\t\t<input size=\"1\" type=\"tel\" name=\"form_fields[field_f7a6933]\" id=\"form-field-field_f7a6933\" class=\"elementor-field elementor-size-sm  elementor-field-textual\" placeholder=\"T\u00e9l\u00e9phone\" required=\"required\" pattern=\"[0-9()#&amp;+*-=.]+\" title=\"Seuls les caract\u00e8res de num\u00e9ros de t\u00e9l\u00e9phone (#, -, *, etc.) sont accept\u00e9s.\">\n\n\t\t\t\t\t\t<\/div>\n\t\t\t\t\t\t\t\t<div class=\"elementor-field-type-text elementor-field-group elementor-column elementor-field-group-field_2d16ef2 elementor-col-100\">\n\t\t\t\t\t\t\t\t\t\t\t\t<label for=\"form-field-field_2d16ef2\" class=\"elementor-field-label elementor-screen-only\">\n\t\t\t\t\t\t\t\tEnterprise\t\t\t\t\t\t\t<\/label>\n\t\t\t\t\t\t\t\t\t\t\t\t\t\t<input size=\"1\" type=\"text\" name=\"form_fields[field_2d16ef2]\" id=\"form-field-field_2d16ef2\" class=\"elementor-field elementor-size-sm  elementor-field-textual\" placeholder=\"Enterprise\">\n\t\t\t\t\t\t\t\t\t\t\t<\/div>\n\t\t\t\t\t\t\t\t<div class=\"elementor-field-type-text elementor-field-group elementor-column elementor-field-group-field_9d432ab elementor-col-100 elementor-field-required\">\n\t\t\t\t\t\t\t\t\t\t\t\t<label for=\"form-field-field_9d432ab\" class=\"elementor-field-label elementor-screen-only\">\n\t\t\t\t\t\t\t\tPays\t\t\t\t\t\t\t<\/label>\n\t\t\t\t\t\t\t\t\t\t\t\t\t\t<input size=\"1\" type=\"text\" name=\"form_fields[field_9d432ab]\" id=\"form-field-field_9d432ab\" class=\"elementor-field elementor-size-sm  elementor-field-textual\" placeholder=\"Pays\" required=\"required\">\n\t\t\t\t\t\t\t\t\t\t\t<\/div>\n\t\t\t\t\t\t\t\t<div class=\"elementor-field-type-textarea elementor-field-group elementor-column elementor-field-group-field_4b5bfc0 elementor-col-100 elementor-field-required\">\n\t\t\t\t\t\t\t\t\t\t\t\t<label for=\"form-field-field_4b5bfc0\" class=\"elementor-field-label elementor-screen-only\">\n\t\t\t\t\t\t\t\tMessage\t\t\t\t\t\t\t<\/label>\n\t\t\t\t\t\t<textarea class=\"elementor-field-textual elementor-field  elementor-size-sm\" name=\"form_fields[field_4b5bfc0]\" id=\"form-field-field_4b5bfc0\" rows=\"4\" placeholder=\"Message\" required=\"required\"><\/textarea>\t\t\t\t<\/div>\n\t\t\t\t\t\t\t\t<div class=\"elementor-field-type-acceptance elementor-field-group elementor-column elementor-field-group-field_5d201fe elementor-col-100 elementor-field-required\">\n\t\t\t\t\t\t\t\t\t\t\t\t<label for=\"form-field-field_5d201fe\" class=\"elementor-field-label elementor-screen-only\">\n\t\t\t\t\t\t\t\tPolitique de confidentialit\u00e9\t\t\t\t\t\t\t<\/label>\n\t\t\t\t\t\t\t\t<div class=\"elementor-field-subgroup\">\n\t\t\t<span class=\"elementor-field-option\">\n\t\t\t\t<input type=\"checkbox\" name=\"form_fields[field_5d201fe]\" id=\"form-field-field_5d201fe\" class=\"elementor-field elementor-size-sm  elementor-acceptance-field\" required=\"required\">\n\t\t\t\t<label for=\"form-field-field_5d201fe\">Je donne mon consentement (D. Lgs. 196\/2003) au traitement de mes donn\u00e9es personnelles. Cofrimell di Zicarelli Srl pourra proc\u00e9der, directement ou par l'interm\u00e9diaire de tiers, au traitement par tout moyen des donn\u00e9es personnelles r\u00e9sultant de cette documentation pour la poursuite de ses finalit\u00e9s institutionnelles.<\/label>\t\t\t<\/span>\n\t\t<\/div>\n\t\t\t\t\t\t<\/div>\n\t\t\t\t\t\t\t\t<div class=\"elementor-field-type-recaptcha_v3 elementor-field-group elementor-column elementor-field-group-field_7ec8f2f elementor-col-100 recaptcha_v3-bottomright\">\n\t\t\t\t\t<div class=\"elementor-field\" id=\"form-field-field_7ec8f2f\"><div class=\"elementor-g-recaptcha\" data-sitekey=\"6LdqfX0pAAAAABqGqcyH0b0X-fSpZsgHqdAOdF4D\" data-type=\"v3\" data-action=\"Form\" data-badge=\"bottomright\" data-size=\"invisible\"><\/div><\/div>\t\t\t\t<\/div>\n\t\t\t\t\t\t\t\t<div class=\"elementor-field-group elementor-column elementor-field-type-submit elementor-col-100 e-form__buttons\">\n\t\t\t\t\t<button class=\"elementor-button elementor-size-sm\" type=\"submit\">\n\t\t\t\t\t\t<span class=\"elementor-button-content-wrapper\">\n\t\t\t\t\t\t\t\t\t\t\t\t\t\t\t\t\t\t\t\t\t\t<span class=\"elementor-button-text\">Envoyer &gt;&gt;<\/span>\n\t\t\t\t\t\t\t\t\t\t\t\t\t<\/span>\n\t\t\t\t\t<\/button>\n\t\t\t\t<\/div>\n\t\t\t<\/div>\n\t\t<\/form>\n\t\t\t\t\t\t<\/div>\n\t\t\t\t<\/div>\n\t\t\t\t<\/div>\n\t\t\t\t\t<\/div>\n\t\t\t\t<\/div>\n\t\t<div class=\"elementor-element elementor-element-480f1462 e-con-full e-flex e-con e-parent\" data-id=\"480f1462\" data-element_type=\"container\" data-e-type=\"container\">\n\t\t<div class=\"elementor-element elementor-element-601e1026 e-con-full e-flex e-con e-child\" data-id=\"601e1026\" data-element_type=\"container\" data-e-type=\"container\">\n\t\t\t\t<div class=\"elementor-element elementor-element-1c3756f6 elementor-widget__width-initial elementor-widget elementor-widget-google_maps\" data-id=\"1c3756f6\" data-element_type=\"widget\" data-e-type=\"widget\" data-widget_type=\"google_maps.default\">\n\t\t\t\t<div class=\"elementor-widget-container\">\n\t\t\t\t\t\t\t<div class=\"elementor-custom-embed\">\n\t\t\t<iframe loading=\"lazy\"\n\t\t\t\t\tsrc=\"https:\/\/maps.google.com\/maps?q=Cofrimell%20di%20Zicarelli%20Srl%20Via%20delle%20Monachelle%2C%2066%2Fb%2000071%20Pomezia%20-%20Roma%20Italia&#038;t=m&#038;z=16&#038;output=embed&#038;iwloc=near\"\n\t\t\t\t\ttitle=\"Cofrimell di Zicarelli Srl Via delle Monachelle, 66\/b 00071 Pomezia - Roma Italia\"\n\t\t\t\t\taria-label=\"Cofrimell di Zicarelli Srl Via delle Monachelle, 66\/b 00071 Pomezia - Roma Italia\"\n\t\t\t><\/iframe>\n\t\t<\/div>\n\t\t\t\t\t\t<\/div>\n\t\t\t\t<\/div>\n\t\t\t\t<\/div>\n\t\t\t\t<\/div>\n\t\t\t\t<\/div>\n\t\t","protected":false},"excerpt":{"rendered":"<p>Cofrimell di Zicarelli Srl Via delle Monachelle, 66\/b 00071 Pomezia (Roma) Italie email info@cofrimell.com Telephone &#8211; Fax Tel. +39 06 91602967 r.a. +39 06 9107351 Fax +39 06 9107060 Contactez nous Remplissez le formulaire dans son int\u00e9gralit\u00e9 pour entrer en contact direct avec l&rsquo;\u00e9quipe de Cofrimell.<\/p>\n","protected":false},"author":2,"featured_media":390,"parent":0,"menu_order":0,"comment_status":"closed","ping_status":"closed","template":"","meta":{"footnotes":""},"class_list":["post-4782","page","type-page","status-publish","has-post-thumbnail","hentry"],"yoast_head":"<!-- This site is optimized with the Yoast SEO plugin v27.2 - https:\/\/yoast.com\/product\/yoast-seo-wordpress\/ -->\n<title>Contacts - Cofrimell<\/title>\n<meta name=\"description\" content=\"Contactez nous. Entrez en contact direct avec l&#039;\u00e9quipe de Cofrimell. Remplissez le formulaire ou contactez-nous par courrier ou par t\u00e9l\u00e9phone.\" \/>\n<meta name=\"robots\" content=\"index, follow, max-snippet:-1, max-image-preview:large, max-video-preview:-1\" \/>\n<link rel=\"canonical\" href=\"https:\/\/cofrimell.com\/fr\/contacts\/\" \/>\n<meta property=\"og:locale\" content=\"fr_FR\" \/>\n<meta property=\"og:type\" content=\"article\" \/>\n<meta property=\"og:title\" content=\"Cofrimell | Contactez Nous\" \/>\n<meta property=\"og:description\" content=\"Contactez nous. Entrez en contact direct avec l&#039;\u00e9quipe de Cofrimell. Remplissez le formulaire ou contactez-nous par courrier ou par t\u00e9l\u00e9phone.\" \/>\n<meta property=\"og:url\" content=\"https:\/\/cofrimell.com\/fr\/contacts\/\" \/>\n<meta property=\"og:site_name\" content=\"Cofrimell\" \/>\n<meta property=\"article:modified_time\" content=\"2024-07-15T08:15:30+00:00\" \/>\n<meta property=\"og:image\" content=\"https:\/\/cofrimell.com\/wp-content\/uploads\/2023\/11\/Stabilimento-cofrimell-quadrato-300x300.jpeg\" \/>\n<meta name=\"twitter:card\" content=\"summary_large_image\" \/>\n<meta name=\"twitter:label1\" content=\"Dur\u00e9e de lecture estim\u00e9e\" \/>\n\t<meta name=\"twitter:data1\" content=\"1 minute\" \/>\n<script type=\"application\/ld+json\" class=\"yoast-schema-graph\">{\"@context\":\"https:\/\/schema.org\",\"@graph\":[{\"@type\":\"WebPage\",\"@id\":\"https:\/\/cofrimell.com\/fr\/contacts\/\",\"url\":\"https:\/\/cofrimell.com\/fr\/contacts\/\",\"name\":\"Contacts - Cofrimell\",\"isPartOf\":{\"@id\":\"https:\/\/cofrimell.com\/fr\/#website\"},\"primaryImageOfPage\":{\"@id\":\"https:\/\/cofrimell.com\/fr\/contacts\/#primaryimage\"},\"image\":{\"@id\":\"https:\/\/cofrimell.com\/fr\/contacts\/#primaryimage\"},\"thumbnailUrl\":\"https:\/\/cofrimell.com\/wp-content\/uploads\/2023\/11\/Stabilimento-cofrimell-quadrato.jpeg\",\"datePublished\":\"2023-11-28T15:20:16+00:00\",\"dateModified\":\"2024-07-15T08:15:30+00:00\",\"description\":\"Contactez nous. Entrez en contact direct avec l'\u00e9quipe de Cofrimell. Remplissez le formulaire ou contactez-nous par courrier ou par t\u00e9l\u00e9phone.\",\"breadcrumb\":{\"@id\":\"https:\/\/cofrimell.com\/fr\/contacts\/#breadcrumb\"},\"inLanguage\":\"fr-FR\",\"potentialAction\":[{\"@type\":\"ReadAction\",\"target\":[\"https:\/\/cofrimell.com\/fr\/contacts\/\"]}]},{\"@type\":\"ImageObject\",\"inLanguage\":\"fr-FR\",\"@id\":\"https:\/\/cofrimell.com\/fr\/contacts\/#primaryimage\",\"url\":\"https:\/\/cofrimell.com\/wp-content\/uploads\/2023\/11\/Stabilimento-cofrimell-quadrato.jpeg\",\"contentUrl\":\"https:\/\/cofrimell.com\/wp-content\/uploads\/2023\/11\/Stabilimento-cofrimell-quadrato.jpeg\",\"width\":1316,\"height\":1316},{\"@type\":\"BreadcrumbList\",\"@id\":\"https:\/\/cofrimell.com\/fr\/contacts\/#breadcrumb\",\"itemListElement\":[{\"@type\":\"ListItem\",\"position\":1,\"name\":\"Home\",\"item\":\"https:\/\/cofrimell.com\/fr\/\"},{\"@type\":\"ListItem\",\"position\":2,\"name\":\"Contacts\"}]},{\"@type\":\"WebSite\",\"@id\":\"https:\/\/cofrimell.com\/fr\/#website\",\"url\":\"https:\/\/cofrimell.com\/fr\/\",\"name\":\"Cofrimell\",\"description\":\"\",\"publisher\":{\"@id\":\"https:\/\/cofrimell.com\/fr\/#organization\"},\"potentialAction\":[{\"@type\":\"SearchAction\",\"target\":{\"@type\":\"EntryPoint\",\"urlTemplate\":\"https:\/\/cofrimell.com\/fr\/?s={search_term_string}\"},\"query-input\":{\"@type\":\"PropertyValueSpecification\",\"valueRequired\":true,\"valueName\":\"search_term_string\"}}],\"inLanguage\":\"fr-FR\"},{\"@type\":\"Organization\",\"@id\":\"https:\/\/cofrimell.com\/fr\/#organization\",\"name\":\"Cofrimell\",\"url\":\"https:\/\/cofrimell.com\/fr\/\",\"logo\":{\"@type\":\"ImageObject\",\"inLanguage\":\"fr-FR\",\"@id\":\"https:\/\/cofrimell.com\/fr\/#\/schema\/logo\/image\/\",\"url\":\"https:\/\/cofrimell.com\/wp-content\/uploads\/2023\/11\/logo-cofrimell.png\",\"contentUrl\":\"https:\/\/cofrimell.com\/wp-content\/uploads\/2023\/11\/logo-cofrimell.png\",\"width\":804,\"height\":453,\"caption\":\"Cofrimell\"},\"image\":{\"@id\":\"https:\/\/cofrimell.com\/fr\/#\/schema\/logo\/image\/\"}}]}<\/script>\n<!-- \/ Yoast SEO plugin. -->","yoast_head_json":{"title":"Contacts - Cofrimell","description":"Contactez nous. Entrez en contact direct avec l'\u00e9quipe de Cofrimell. Remplissez le formulaire ou contactez-nous par courrier ou par t\u00e9l\u00e9phone.","robots":{"index":"index","follow":"follow","max-snippet":"max-snippet:-1","max-image-preview":"max-image-preview:large","max-video-preview":"max-video-preview:-1"},"canonical":"https:\/\/cofrimell.com\/fr\/contacts\/","og_locale":"fr_FR","og_type":"article","og_title":"Cofrimell | Contactez Nous","og_description":"Contactez nous. Entrez en contact direct avec l'\u00e9quipe de Cofrimell. Remplissez le formulaire ou contactez-nous par courrier ou par t\u00e9l\u00e9phone.","og_url":"https:\/\/cofrimell.com\/fr\/contacts\/","og_site_name":"Cofrimell","article_modified_time":"2024-07-15T08:15:30+00:00","og_image":[{"url":"https:\/\/cofrimell.com\/wp-content\/uploads\/2023\/11\/Stabilimento-cofrimell-quadrato-300x300.jpeg","type":"","width":"","height":""}],"twitter_card":"summary_large_image","twitter_misc":{"Dur\u00e9e de lecture estim\u00e9e":"1 minute"},"schema":{"@context":"https:\/\/schema.org","@graph":[{"@type":"WebPage","@id":"https:\/\/cofrimell.com\/fr\/contacts\/","url":"https:\/\/cofrimell.com\/fr\/contacts\/","name":"Contacts - Cofrimell","isPartOf":{"@id":"https:\/\/cofrimell.com\/fr\/#website"},"primaryImageOfPage":{"@id":"https:\/\/cofrimell.com\/fr\/contacts\/#primaryimage"},"image":{"@id":"https:\/\/cofrimell.com\/fr\/contacts\/#primaryimage"},"thumbnailUrl":"https:\/\/cofrimell.com\/wp-content\/uploads\/2023\/11\/Stabilimento-cofrimell-quadrato.jpeg","datePublished":"2023-11-28T15:20:16+00:00","dateModified":"2024-07-15T08:15:30+00:00","description":"Contactez nous. Entrez en contact direct avec l'\u00e9quipe de Cofrimell. Remplissez le formulaire ou contactez-nous par courrier ou par t\u00e9l\u00e9phone.","breadcrumb":{"@id":"https:\/\/cofrimell.com\/fr\/contacts\/#breadcrumb"},"inLanguage":"fr-FR","potentialAction":[{"@type":"ReadAction","target":["https:\/\/cofrimell.com\/fr\/contacts\/"]}]},{"@type":"ImageObject","inLanguage":"fr-FR","@id":"https:\/\/cofrimell.com\/fr\/contacts\/#primaryimage","url":"https:\/\/cofrimell.com\/wp-content\/uploads\/2023\/11\/Stabilimento-cofrimell-quadrato.jpeg","contentUrl":"https:\/\/cofrimell.com\/wp-content\/uploads\/2023\/11\/Stabilimento-cofrimell-quadrato.jpeg","width":1316,"height":1316},{"@type":"BreadcrumbList","@id":"https:\/\/cofrimell.com\/fr\/contacts\/#breadcrumb","itemListElement":[{"@type":"ListItem","position":1,"name":"Home","item":"https:\/\/cofrimell.com\/fr\/"},{"@type":"ListItem","position":2,"name":"Contacts"}]},{"@type":"WebSite","@id":"https:\/\/cofrimell.com\/fr\/#website","url":"https:\/\/cofrimell.com\/fr\/","name":"Cofrimell","description":"","publisher":{"@id":"https:\/\/cofrimell.com\/fr\/#organization"},"potentialAction":[{"@type":"SearchAction","target":{"@type":"EntryPoint","urlTemplate":"https:\/\/cofrimell.com\/fr\/?s={search_term_string}"},"query-input":{"@type":"PropertyValueSpecification","valueRequired":true,"valueName":"search_term_string"}}],"inLanguage":"fr-FR"},{"@type":"Organization","@id":"https:\/\/cofrimell.com\/fr\/#organization","name":"Cofrimell","url":"https:\/\/cofrimell.com\/fr\/","logo":{"@type":"ImageObject","inLanguage":"fr-FR","@id":"https:\/\/cofrimell.com\/fr\/#\/schema\/logo\/image\/","url":"https:\/\/cofrimell.com\/wp-content\/uploads\/2023\/11\/logo-cofrimell.png","contentUrl":"https:\/\/cofrimell.com\/wp-content\/uploads\/2023\/11\/logo-cofrimell.png","width":804,"height":453,"caption":"Cofrimell"},"image":{"@id":"https:\/\/cofrimell.com\/fr\/#\/schema\/logo\/image\/"}}]}},"_links":{"self":[{"href":"https:\/\/cofrimell.com\/fr\/wp-json\/wp\/v2\/pages\/4782","targetHints":{"allow":["GET"]}}],"collection":[{"href":"https:\/\/cofrimell.com\/fr\/wp-json\/wp\/v2\/pages"}],"about":[{"href":"https:\/\/cofrimell.com\/fr\/wp-json\/wp\/v2\/types\/page"}],"author":[{"embeddable":true,"href":"https:\/\/cofrimell.com\/fr\/wp-json\/wp\/v2\/users\/2"}],"replies":[{"embeddable":true,"href":"https:\/\/cofrimell.com\/fr\/wp-json\/wp\/v2\/comments?post=4782"}],"version-history":[{"count":33,"href":"https:\/\/cofrimell.com\/fr\/wp-json\/wp\/v2\/pages\/4782\/revisions"}],"predecessor-version":[{"id":5940,"href":"https:\/\/cofrimell.com\/fr\/wp-json\/wp\/v2\/pages\/4782\/revisions\/5940"}],"wp:featuredmedia":[{"embeddable":true,"href":"https:\/\/cofrimell.com\/fr\/wp-json\/wp\/v2\/media\/390"}],"wp:attachment":[{"href":"https:\/\/cofrimell.com\/fr\/wp-json\/wp\/v2\/media?parent=4782"}],"curies":[{"name":"wp","href":"https:\/\/api.w.org\/{rel}","templated":true}]}}