{"id":5600,"date":"2024-07-01T08:41:07","date_gmt":"2024-07-01T08:41:07","guid":{"rendered":"https:\/\/cofrimell.com\/merci\/"},"modified":"2024-07-01T09:04:18","modified_gmt":"2024-07-01T09:04:18","slug":"merci","status":"publish","type":"page","link":"https:\/\/cofrimell.com\/fr\/merci\/","title":{"rendered":"Merci"},"content":{"rendered":"\t\t<div data-elementor-type=\"wp-page\" data-elementor-id=\"5600\" class=\"elementor elementor-5600 elementor-5586\" data-elementor-post-type=\"page\">\n\t\t\t\t<div class=\"elementor-element elementor-element-65581f4 e-flex e-con-boxed e-con e-parent\" data-id=\"65581f4\" data-element_type=\"container\" data-e-type=\"container\">\n\t\t\t\t\t<div class=\"e-con-inner\">\n\t\t\t\t<div class=\"elementor-element elementor-element-3fbe7c2 elementor-widget__width-initial elementor-widget elementor-widget-theme-site-logo elementor-widget-image\" data-id=\"3fbe7c2\" data-element_type=\"widget\" data-e-type=\"widget\" data-widget_type=\"theme-site-logo.default\">\n\t\t\t\t<div class=\"elementor-widget-container\">\n\t\t\t\t\t\t\t\t\t\t\t<a href=\"https:\/\/cofrimell.com\/fr\/\">\n\t\t\t<img decoding=\"async\" src=\"https:\/\/cofrimell.com\/wp-content\/uploads\/2023\/11\/logo-cofrimell.png\" title=\"logo-cofrimell\" alt=\"logo-cofrimell\" loading=\"lazy\" \/>\t\t\t\t<\/a>\n\t\t\t\t\t\t\t\t\t\t\t<\/div>\n\t\t\t\t<\/div>\n\t\t\t\t\t<\/div>\n\t\t\t\t<\/div>\n\t\t<div class=\"elementor-element elementor-element-b2e3a11 e-flex e-con-boxed elementor-invisible e-con e-parent\" data-id=\"b2e3a11\" data-element_type=\"container\" data-e-type=\"container\" data-settings=\"{&quot;background_background&quot;:&quot;classic&quot;,&quot;animation&quot;:&quot;fadeInUp&quot;}\">\n\t\t\t\t\t<div class=\"e-con-inner\">\n\t\t\t\t<div class=\"elementor-element elementor-element-5a2dfee elementor-widget elementor-widget-heading\" data-id=\"5a2dfee\" data-element_type=\"widget\" data-e-type=\"widget\" data-widget_type=\"heading.default\">\n\t\t\t\t<div class=\"elementor-widget-container\">\n\t\t\t\t\t<h2 class=\"elementor-heading-title elementor-size-default\">Merci d'avoir pris contact\n<br>avec nous<\/h2>\t\t\t\t<\/div>\n\t\t\t\t<\/div>\n\t\t\t\t\t<\/div>\n\t\t\t\t<\/div>\n\t\t<div class=\"elementor-element elementor-element-a853089 e-flex e-con-boxed e-con e-parent\" data-id=\"a853089\" data-element_type=\"container\" data-e-type=\"container\">\n\t\t\t\t\t<div class=\"e-con-inner\">\n\t\t\t\t<div class=\"elementor-element elementor-element-84d1f86 elementor-widget elementor-widget-text-editor\" data-id=\"84d1f86\" data-element_type=\"widget\" data-e-type=\"widget\" data-widget_type=\"text-editor.default\">\n\t\t\t\t<div class=\"elementor-widget-container\">\n\t\t\t\t\t\t\t\t\t<p><em>Vous recevrez un e-mail dans les plus brefs d\u00e9lais.<\/em><\/p>\n\t\t\t\t\t\t\t\t<\/div>\n\t\t\t\t<\/div>\n\t\t\t\t<div class=\"elementor-element elementor-element-4d3c55d elementor-widget__width-initial elementor-widget elementor-widget-text-editor\" data-id=\"4d3c55d\" data-element_type=\"widget\" data-e-type=\"widget\" data-widget_type=\"text-editor.default\">\n\t\t\t\t<div class=\"elementor-widget-container\">\n\t\t\t\t\t\t\t\t\t<p>Si vous ne le recevez pas, v\u00e9rifiez votre bo\u00eete de courrier ind\u00e9sirable\/SPAM ou contactez-nous \u00e0 l&rsquo;adresse <a style=\"color: #002B65;\" href=\"mailto:info@cofrimell.com\"><strong>info@cofrimell.com<\/strong><\/a> ou au num\u00e9ro <strong><a style=\"color: #002B65;\" href=\"tel:+39%2006%209107351\">+39 06 9107351<\/a><\/strong> (Italie).<\/p>\n\t\t\t\t\t\t\t\t<\/div>\n\t\t\t\t<\/div>\n\t\t\t\t<div class=\"elementor-element elementor-element-63b9aa9 elementor-widget elementor-widget-heading\" data-id=\"63b9aa9\" data-element_type=\"widget\" data-e-type=\"widget\" data-widget_type=\"heading.default\">\n\t\t\t\t<div class=\"elementor-widget-container\">\n\t\t\t\t\t<h2 class=\"elementor-heading-title elementor-size-default\">Cofrimell<\/h2>\t\t\t\t<\/div>\n\t\t\t\t<\/div>\n\t\t\t\t\t<\/div>\n\t\t\t\t<\/div>\n\t\t<div class=\"elementor-element elementor-element-852645c e-flex e-con-boxed e-con e-child\" data-id=\"852645c\" data-element_type=\"container\" data-e-type=\"container\" data-settings=\"{&quot;background_background&quot;:&quot;classic&quot;}\">\n\t\t\t\t\t<div class=\"e-con-inner\">\n\t\t\t\t<div class=\"elementor-element elementor-element-8d0eb29 elementor-widget elementor-widget-text-editor\" data-id=\"8d0eb29\" data-element_type=\"widget\" data-e-type=\"widget\" data-widget_type=\"text-editor.default\">\n\t\t\t\t<div class=\"elementor-widget-container\">\n\t\t\t\t\t\t\t\t\t<p>\u00a92023 Cofrimell di Zicarelli Srl | Via delle Monachelle, 66\/b | 00071 Pomezia (Rome) Italie<\/p>\n<p>VAT IT01348441005<\/p>\n\t\t\t\t\t\t\t\t<\/div>\n\t\t\t\t<\/div>\n\t\t\t\t<div class=\"elementor-element elementor-element-d98cdfa elementor-widget elementor-widget-text-editor\" data-id=\"d98cdfa\" data-element_type=\"widget\" data-e-type=\"widget\" data-widget_type=\"text-editor.default\">\n\t\t\t\t<div class=\"elementor-widget-container\">\n\t\t\t\t\t\t\t\t\t<div id=\"content-inspection-panel\" class=\"raw_components--panel--YDedw inspect_panels--inspectionPanel--o9CfO\" tabindex=\"-1\" data-testid=\"content-inspection-panel\">\n<div class=\"inspect_panels--copyableRow--ecLWm inspect_panels--highlightRow--BeZQJ\">\n<div class=\"inspect_panels--propertyRowContent--qvupJ inspect_panels--copyableRow--ecLWm inspect_panels--highlightRow--BeZQJ\">\n<div class=\"inspect_panels--contentProperty--McE5j text--fontPos11--rO47d text--_fontBase--VaHfk ellipsis--ellipsisAfter8Lines--2JTeB ellipsis--_ellipsisAfterNLines--5f-ox\" dir=\"auto\">Les images pr\u00e9sentes sur ce site sont prot\u00e9g\u00e9es par le droit d&rsquo;auteur. La reproduction sous quelque forme que ce soit et pour tout usage non autoris\u00e9 par Cofrimell di Zicarelli Srl est interdite.<\/div>\n<\/div>\n<\/div>\n<\/div>\n<div id=\"typography-inspection-panel\" class=\"raw_components--panel--YDedw inspect_panels--inspectionPanel--o9CfO\" tabindex=\"-1\" data-testid=\"typography-inspection-panel\">\n<div class=\"inspect_panels--panelTitle--fJsa9 text--fontPos11--rO47d text--_fontBase--VaHfk\">\n<div class=\"inspect_panels--panelCopyActionControls--xCSkr\"> <\/div>\n<\/div>\n<div>\n<div class=\"inspect_panels--typographySection--LLeyX\">\n<div class=\"inspect_panels--copyableRow--ecLWm inspect_panels--highlightRow--BeZQJ\">\n<div class=\"inspect_panels--propertyRow--VrKF9 inspect_panels--basePropertyRow--08faZ inspect_panels--_basePropertyRow--8NnfF\" data-testid=\"inspectionPropertyRow\"> <\/div>\n<\/div>\n<\/div>\n<\/div>\n<\/div>\n\t\t\t\t\t\t\t\t<\/div>\n\t\t\t\t<\/div>\n\t\t\t\t\t<\/div>\n\t\t\t\t<\/div>\n\t\t\t\t<\/div>\n\t\t","protected":false},"excerpt":{"rendered":"<p>Merci d&rsquo;avoir pris contact avec nous Vous recevrez un e-mail dans les plus brefs d\u00e9lais. Si vous ne le recevez pas, v\u00e9rifiez votre bo\u00eete de courrier ind\u00e9sirable\/SPAM ou contactez-nous \u00e0 l&rsquo;adresse info@cofrimell.com ou au num\u00e9ro +39 06 9107351 (Italie). Cofrimell \u00a92023 Cofrimell di Zicarelli Srl | Via delle Monachelle, 66\/b | 00071 Pomezia (Rome) Italie [&hellip;]<\/p>\n","protected":false},"author":2,"featured_media":1044,"parent":0,"menu_order":0,"comment_status":"closed","ping_status":"closed","template":"elementor_canvas","meta":{"footnotes":""},"class_list":["post-5600","page","type-page","status-publish","has-post-thumbnail","hentry"],"yoast_head":"<!-- This site is optimized with the Yoast SEO plugin v27.4 - https:\/\/yoast.com\/product\/yoast-seo-wordpress\/ -->\n<title>Merci - Cofrimell<\/title>\n<meta name=\"description\" content=\"Merci de prendre contact avec Cofrimell\" \/>\n<meta name=\"robots\" content=\"index, follow, max-snippet:-1, max-image-preview:large, max-video-preview:-1\" \/>\n<link rel=\"canonical\" href=\"https:\/\/cofrimell.com\/fr\/merci\/\" \/>\n<meta property=\"og:locale\" content=\"fr_FR\" \/>\n<meta property=\"og:type\" content=\"article\" \/>\n<meta property=\"og:title\" content=\"Merci - Cofrimell\" \/>\n<meta property=\"og:description\" content=\"Merci de prendre contact avec Cofrimell\" \/>\n<meta property=\"og:url\" content=\"https:\/\/cofrimell.com\/fr\/merci\/\" \/>\n<meta property=\"og:site_name\" content=\"Cofrimell\" \/>\n<meta property=\"article:modified_time\" content=\"2024-07-01T09:04:18+00:00\" \/>\n<meta property=\"og:image\" content=\"https:\/\/cofrimell.com\/wp-content\/uploads\/2023\/11\/favicon-.jpg\" \/>\n\t<meta property=\"og:image:width\" content=\"514\" \/>\n\t<meta property=\"og:image:height\" content=\"514\" \/>\n\t<meta property=\"og:image:type\" content=\"image\/jpeg\" \/>\n<meta name=\"twitter:card\" content=\"summary_large_image\" \/>\n<script type=\"application\/ld+json\" class=\"yoast-schema-graph\">{\"@context\":\"https:\\\/\\\/schema.org\",\"@graph\":[{\"@type\":\"WebPage\",\"@id\":\"https:\\\/\\\/cofrimell.com\\\/fr\\\/merci\\\/\",\"url\":\"https:\\\/\\\/cofrimell.com\\\/fr\\\/merci\\\/\",\"name\":\"Merci - Cofrimell\",\"isPartOf\":{\"@id\":\"https:\\\/\\\/cofrimell.com\\\/fr\\\/#website\"},\"primaryImageOfPage\":{\"@id\":\"https:\\\/\\\/cofrimell.com\\\/fr\\\/merci\\\/#primaryimage\"},\"image\":{\"@id\":\"https:\\\/\\\/cofrimell.com\\\/fr\\\/merci\\\/#primaryimage\"},\"thumbnailUrl\":\"https:\\\/\\\/cofrimell.com\\\/wp-content\\\/uploads\\\/2023\\\/11\\\/favicon-.jpg\",\"datePublished\":\"2024-07-01T08:41:07+00:00\",\"dateModified\":\"2024-07-01T09:04:18+00:00\",\"description\":\"Merci de prendre contact avec Cofrimell\",\"breadcrumb\":{\"@id\":\"https:\\\/\\\/cofrimell.com\\\/fr\\\/merci\\\/#breadcrumb\"},\"inLanguage\":\"fr-FR\",\"potentialAction\":[{\"@type\":\"ReadAction\",\"target\":[\"https:\\\/\\\/cofrimell.com\\\/fr\\\/merci\\\/\"]}]},{\"@type\":\"ImageObject\",\"inLanguage\":\"fr-FR\",\"@id\":\"https:\\\/\\\/cofrimell.com\\\/fr\\\/merci\\\/#primaryimage\",\"url\":\"https:\\\/\\\/cofrimell.com\\\/wp-content\\\/uploads\\\/2023\\\/11\\\/favicon-.jpg\",\"contentUrl\":\"https:\\\/\\\/cofrimell.com\\\/wp-content\\\/uploads\\\/2023\\\/11\\\/favicon-.jpg\",\"width\":514,\"height\":514},{\"@type\":\"BreadcrumbList\",\"@id\":\"https:\\\/\\\/cofrimell.com\\\/fr\\\/merci\\\/#breadcrumb\",\"itemListElement\":[{\"@type\":\"ListItem\",\"position\":1,\"name\":\"Home\",\"item\":\"https:\\\/\\\/cofrimell.com\\\/fr\\\/\"},{\"@type\":\"ListItem\",\"position\":2,\"name\":\"Merci\"}]},{\"@type\":\"WebSite\",\"@id\":\"https:\\\/\\\/cofrimell.com\\\/fr\\\/#website\",\"url\":\"https:\\\/\\\/cofrimell.com\\\/fr\\\/\",\"name\":\"Cofrimell\",\"description\":\"\",\"publisher\":{\"@id\":\"https:\\\/\\\/cofrimell.com\\\/fr\\\/#organization\"},\"potentialAction\":[{\"@type\":\"SearchAction\",\"target\":{\"@type\":\"EntryPoint\",\"urlTemplate\":\"https:\\\/\\\/cofrimell.com\\\/fr\\\/?s={search_term_string}\"},\"query-input\":{\"@type\":\"PropertyValueSpecification\",\"valueRequired\":true,\"valueName\":\"search_term_string\"}}],\"inLanguage\":\"fr-FR\"},{\"@type\":\"Organization\",\"@id\":\"https:\\\/\\\/cofrimell.com\\\/fr\\\/#organization\",\"name\":\"Cofrimell\",\"url\":\"https:\\\/\\\/cofrimell.com\\\/fr\\\/\",\"logo\":{\"@type\":\"ImageObject\",\"inLanguage\":\"fr-FR\",\"@id\":\"https:\\\/\\\/cofrimell.com\\\/fr\\\/#\\\/schema\\\/logo\\\/image\\\/\",\"url\":\"https:\\\/\\\/cofrimell.com\\\/wp-content\\\/uploads\\\/2023\\\/11\\\/logo-cofrimell.png\",\"contentUrl\":\"https:\\\/\\\/cofrimell.com\\\/wp-content\\\/uploads\\\/2023\\\/11\\\/logo-cofrimell.png\",\"width\":804,\"height\":453,\"caption\":\"Cofrimell\"},\"image\":{\"@id\":\"https:\\\/\\\/cofrimell.com\\\/fr\\\/#\\\/schema\\\/logo\\\/image\\\/\"}}]}<\/script>\n<!-- \/ Yoast SEO plugin. -->","yoast_head_json":{"title":"Merci - Cofrimell","description":"Merci de prendre contact avec Cofrimell","robots":{"index":"index","follow":"follow","max-snippet":"max-snippet:-1","max-image-preview":"max-image-preview:large","max-video-preview":"max-video-preview:-1"},"canonical":"https:\/\/cofrimell.com\/fr\/merci\/","og_locale":"fr_FR","og_type":"article","og_title":"Merci - Cofrimell","og_description":"Merci de prendre contact avec Cofrimell","og_url":"https:\/\/cofrimell.com\/fr\/merci\/","og_site_name":"Cofrimell","article_modified_time":"2024-07-01T09:04:18+00:00","og_image":[{"width":514,"height":514,"url":"https:\/\/cofrimell.com\/wp-content\/uploads\/2023\/11\/favicon-.jpg","type":"image\/jpeg"}],"twitter_card":"summary_large_image","schema":{"@context":"https:\/\/schema.org","@graph":[{"@type":"WebPage","@id":"https:\/\/cofrimell.com\/fr\/merci\/","url":"https:\/\/cofrimell.com\/fr\/merci\/","name":"Merci - Cofrimell","isPartOf":{"@id":"https:\/\/cofrimell.com\/fr\/#website"},"primaryImageOfPage":{"@id":"https:\/\/cofrimell.com\/fr\/merci\/#primaryimage"},"image":{"@id":"https:\/\/cofrimell.com\/fr\/merci\/#primaryimage"},"thumbnailUrl":"https:\/\/cofrimell.com\/wp-content\/uploads\/2023\/11\/favicon-.jpg","datePublished":"2024-07-01T08:41:07+00:00","dateModified":"2024-07-01T09:04:18+00:00","description":"Merci de prendre contact avec Cofrimell","breadcrumb":{"@id":"https:\/\/cofrimell.com\/fr\/merci\/#breadcrumb"},"inLanguage":"fr-FR","potentialAction":[{"@type":"ReadAction","target":["https:\/\/cofrimell.com\/fr\/merci\/"]}]},{"@type":"ImageObject","inLanguage":"fr-FR","@id":"https:\/\/cofrimell.com\/fr\/merci\/#primaryimage","url":"https:\/\/cofrimell.com\/wp-content\/uploads\/2023\/11\/favicon-.jpg","contentUrl":"https:\/\/cofrimell.com\/wp-content\/uploads\/2023\/11\/favicon-.jpg","width":514,"height":514},{"@type":"BreadcrumbList","@id":"https:\/\/cofrimell.com\/fr\/merci\/#breadcrumb","itemListElement":[{"@type":"ListItem","position":1,"name":"Home","item":"https:\/\/cofrimell.com\/fr\/"},{"@type":"ListItem","position":2,"name":"Merci"}]},{"@type":"WebSite","@id":"https:\/\/cofrimell.com\/fr\/#website","url":"https:\/\/cofrimell.com\/fr\/","name":"Cofrimell","description":"","publisher":{"@id":"https:\/\/cofrimell.com\/fr\/#organization"},"potentialAction":[{"@type":"SearchAction","target":{"@type":"EntryPoint","urlTemplate":"https:\/\/cofrimell.com\/fr\/?s={search_term_string}"},"query-input":{"@type":"PropertyValueSpecification","valueRequired":true,"valueName":"search_term_string"}}],"inLanguage":"fr-FR"},{"@type":"Organization","@id":"https:\/\/cofrimell.com\/fr\/#organization","name":"Cofrimell","url":"https:\/\/cofrimell.com\/fr\/","logo":{"@type":"ImageObject","inLanguage":"fr-FR","@id":"https:\/\/cofrimell.com\/fr\/#\/schema\/logo\/image\/","url":"https:\/\/cofrimell.com\/wp-content\/uploads\/2023\/11\/logo-cofrimell.png","contentUrl":"https:\/\/cofrimell.com\/wp-content\/uploads\/2023\/11\/logo-cofrimell.png","width":804,"height":453,"caption":"Cofrimell"},"image":{"@id":"https:\/\/cofrimell.com\/fr\/#\/schema\/logo\/image\/"}}]}},"_links":{"self":[{"href":"https:\/\/cofrimell.com\/fr\/wp-json\/wp\/v2\/pages\/5600","targetHints":{"allow":["GET"]}}],"collection":[{"href":"https:\/\/cofrimell.com\/fr\/wp-json\/wp\/v2\/pages"}],"about":[{"href":"https:\/\/cofrimell.com\/fr\/wp-json\/wp\/v2\/types\/page"}],"author":[{"embeddable":true,"href":"https:\/\/cofrimell.com\/fr\/wp-json\/wp\/v2\/users\/2"}],"replies":[{"embeddable":true,"href":"https:\/\/cofrimell.com\/fr\/wp-json\/wp\/v2\/comments?post=5600"}],"version-history":[{"count":1,"href":"https:\/\/cofrimell.com\/fr\/wp-json\/wp\/v2\/pages\/5600\/revisions"}],"predecessor-version":[{"id":5601,"href":"https:\/\/cofrimell.com\/fr\/wp-json\/wp\/v2\/pages\/5600\/revisions\/5601"}],"wp:featuredmedia":[{"embeddable":true,"href":"https:\/\/cofrimell.com\/fr\/wp-json\/wp\/v2\/media\/1044"}],"wp:attachment":[{"href":"https:\/\/cofrimell.com\/fr\/wp-json\/wp\/v2\/media?parent=5600"}],"curies":[{"name":"wp","href":"https:\/\/api.w.org\/{rel}","templated":true}]}}